{"id":72989,"date":"2018-05-12T12:46:30","date_gmt":"2018-05-12T10:46:30","guid":{"rendered":"https:\/\/www.reead.com\/fr\/?page_id=72989"},"modified":"2024-05-24T01:24:29","modified_gmt":"2024-05-23T23:24:29","slug":"concours-hom","status":"publish","type":"page","link":"https:\/\/www.reead.com\/fr\/concours\/concours-hom\/","title":{"rendered":"Concours HOM"},"content":{"rendered":"<p><img loading=\"lazy\" decoding=\"async\" class=\"alignnone size-full wp-image-71283\" src=\"https:\/\/www.reead.com\/fr\/wp-content\/uploads\/2018\/05\/hom.jpg\" alt=\"sous v\u00eatements HOM\" width=\"950\" height=\"634\" srcset=\"https:\/\/www.reead.com\/fr\/wp-content\/uploads\/2018\/05\/hom.jpg 950w,  https:\/\/www.reead.com\/fr\/wp-content\/uploads\/2018\/05\/hom-610x407.jpg 610w,  https:\/\/www.reead.com\/fr\/wp-content\/uploads\/2018\/05\/hom-768x513.jpg 768w,  https:\/\/www.reead.com\/fr\/wp-content\/uploads\/2018\/05\/hom-272x182.jpg 272w\" sizes=\"auto, (max-width: 950px) 100vw, 950px\" \/><\/p>\n<p>Je suis heureux de vous proposer un nouveau concours sur mon blog ! En collaboration avec la c\u00e9l\u00e8bre marque de sous-v\u00eatements pour hommes, <strong>gagnez 150\u20ac de produits<\/strong> \u00e0 choisir directement sur le site de <strong>HOM<\/strong>.<\/p>\n<p>Concours termin\u00e9 !<\/p>\n<p>Gagnant(e) :<\/p>\n<p>Michel Q.<\/p>\n<p>&nbsp;<\/p>\n<h3>R\u00e8gles<\/h3>\n<ul>\n<li>Vous pouvez participer au concours du 31 mai au 2 juillet 2018 GMT +2<\/li>\n<li>Une participation par personne, 18 ans et plus.<\/li>\n<li>Aucun achat n\u00e9cessaire<\/li>\n<li>Pour participer vous devez remplir le formulaire sur cette page<\/li>\n<li>Concours ouvert aux personnes qui r\u00e9sident en France, Belgique, Luxembourg, Qu\u00e9bec (Canada) ou Suisse.<\/li>\n<li>A gagner : 150\u20ac de produits \u00e0 choisir sur le site HOM.<\/li>\n<li>Je choisirai au hasard\u00a0l&rsquo;une ou l&rsquo;un d&rsquo;entre vous.<\/li>\n<li>Le nom du\u00a0 gagnant sera affich\u00e9 sur cette page<\/li>\n<\/ul>\n<p>*Ch\u00e8que cadeau envoy\u00e9 par email \u00e0 la fin du concours \u00e0 celles et ceux qui auront coch\u00e9s la case pour s&rsquo;abonner \u00e0 la newsletter HOM.<\/p>","protected":false},"excerpt":{"rendered":"<p>Je suis heureux de vous proposer un nouveau concours sur mon blog ! En collaboration avec la c\u00e9l\u00e8bre marque de sous-v\u00eatements pour hommes, gagnez 150\u20ac de produits \u00e0 choisir directement sur le site de HOM. Concours termin\u00e9 ! Gagnant(e) : Michel Q. &nbsp; R\u00e8gles Vous pouvez participer au concours du 31 mai au 2 juillet 2018 GMT +2 Une participation&#8230;<\/p>","protected":false},"author":1,"featured_media":0,"parent":12891,"menu_order":0,"comment_status":"closed","ping_status":"closed","template":"","meta":{"footnotes":""},"class_list":["post-72989","page","type-page","status-publish","hentry"],"yoast_head":"<!-- This site is optimized with the Yoast SEO Premium plugin v27.4 (Yoast SEO v27.4) - https:\/\/yoast.com\/product\/yoast-seo-premium-wordpress\/ -->\n<title>Concours HOM - Sous-v\u00eatements pour hommes<\/title>\n<meta name=\"description\" content=\"Gagnez 150\u20ac de sous-v\u00eatements HOM \u00e0 choisir directement sur le site de la marque !\" \/>\n<meta name=\"robots\" content=\"noindex, follow\" \/>\n<meta property=\"og:locale\" content=\"fr_FR\" \/>\n<meta property=\"og:type\" content=\"article\" \/>\n<meta property=\"og:title\" content=\"Concours HOM\" \/>\n<meta property=\"og:description\" content=\"Gagnez 150\u20ac de sous-v\u00eatements HOM \u00e0 choisir directement sur le site de la marque !\" \/>\n<meta property=\"og:url\" content=\"https:\/\/www.reead.com\/fr\/concours\/concours-hom\/\" \/>\n<meta property=\"og:site_name\" content=\"Conseils Voyage, Mode Homme et Lifestyle\" \/>\n<meta property=\"article:publisher\" content=\"https:\/\/www.facebook.com\/welovereead\" \/>\n<meta property=\"article:modified_time\" content=\"2024-05-23T23:24:29+00:00\" \/>\n<meta property=\"og:image\" content=\"https:\/\/www.reead.com\/fr\/wp-content\/uploads\/2018\/05\/hom.jpg\" \/>\n<meta name=\"twitter:card\" content=\"summary_large_image\" \/>\n<meta name=\"twitter:site\" content=\"@blogdereead\" \/>\n<script type=\"application\/ld+json\" class=\"yoast-schema-graph\">{\"@context\":\"https:\\\/\\\/schema.org\",\"@graph\":[{\"@type\":\"WebPage\",\"@id\":\"https:\\\/\\\/www.reead.com\\\/fr\\\/concours\\\/concours-hom\\\/\",\"url\":\"https:\\\/\\\/www.reead.com\\\/fr\\\/concours\\\/concours-hom\\\/\",\"name\":\"Concours HOM - Sous-v\u00eatements pour hommes\",\"isPartOf\":{\"@id\":\"https:\\\/\\\/www.reead.com\\\/fr\\\/#website\"},\"primaryImageOfPage\":{\"@id\":\"https:\\\/\\\/www.reead.com\\\/fr\\\/concours\\\/concours-hom\\\/#primaryimage\"},\"image\":{\"@id\":\"https:\\\/\\\/www.reead.com\\\/fr\\\/concours\\\/concours-hom\\\/#primaryimage\"},\"thumbnailUrl\":\"https:\\\/\\\/www.reead.com\\\/fr\\\/wp-content\\\/uploads\\\/2018\\\/05\\\/hom.jpg\",\"datePublished\":\"2018-05-12T10:46:30+00:00\",\"dateModified\":\"2024-05-23T23:24:29+00:00\",\"description\":\"Gagnez 150\u20ac de sous-v\u00eatements HOM \u00e0 choisir directement sur le site de la marque !\",\"breadcrumb\":{\"@id\":\"https:\\\/\\\/www.reead.com\\\/fr\\\/concours\\\/concours-hom\\\/#breadcrumb\"},\"inLanguage\":\"fr-FR\",\"potentialAction\":[{\"@type\":\"ReadAction\",\"target\":[\"https:\\\/\\\/www.reead.com\\\/fr\\\/concours\\\/concours-hom\\\/\"]}]},{\"@type\":\"ImageObject\",\"inLanguage\":\"fr-FR\",\"@id\":\"https:\\\/\\\/www.reead.com\\\/fr\\\/concours\\\/concours-hom\\\/#primaryimage\",\"url\":\"https:\\\/\\\/www.reead.com\\\/fr\\\/wp-content\\\/uploads\\\/2018\\\/05\\\/hom.jpg\",\"contentUrl\":\"https:\\\/\\\/www.reead.com\\\/fr\\\/wp-content\\\/uploads\\\/2018\\\/05\\\/hom.jpg\",\"width\":950,\"height\":634,\"caption\":\"sous v\u00eatements HOM\"},{\"@type\":\"BreadcrumbList\",\"@id\":\"https:\\\/\\\/www.reead.com\\\/fr\\\/concours\\\/concours-hom\\\/#breadcrumb\",\"itemListElement\":[{\"@type\":\"ListItem\",\"position\":1,\"name\":\"Accueil\",\"item\":\"https:\\\/\\\/www.reead.com\\\/fr\\\/\"},{\"@type\":\"ListItem\",\"position\":2,\"name\":\"Concours\",\"item\":\"https:\\\/\\\/www.reead.com\\\/fr\\\/concours\\\/\"},{\"@type\":\"ListItem\",\"position\":3,\"name\":\"Concours HOM\"}]},{\"@type\":\"WebSite\",\"@id\":\"https:\\\/\\\/www.reead.com\\\/fr\\\/#website\",\"url\":\"https:\\\/\\\/www.reead.com\\\/fr\\\/\",\"name\":\"Reead.com\",\"description\":\"Conseils Voyage, Mode Homme et Lifestyle\",\"publisher\":{\"@id\":\"https:\\\/\\\/www.reead.com\\\/fr\\\/#\\\/schema\\\/person\\\/551a8a4b469ab53c0b48bcd3846fb3c6\"},\"potentialAction\":[{\"@type\":\"SearchAction\",\"target\":{\"@type\":\"EntryPoint\",\"urlTemplate\":\"https:\\\/\\\/www.reead.com\\\/fr\\\/?s={search_term_string}\"},\"query-input\":{\"@type\":\"PropertyValueSpecification\",\"valueRequired\":true,\"valueName\":\"search_term_string\"}}],\"inLanguage\":\"fr-FR\"},{\"@type\":[\"Person\",\"Organization\"],\"@id\":\"https:\\\/\\\/www.reead.com\\\/fr\\\/#\\\/schema\\\/person\\\/551a8a4b469ab53c0b48bcd3846fb3c6\",\"name\":\"Reead\",\"image\":{\"@type\":\"ImageObject\",\"inLanguage\":\"fr-FR\",\"@id\":\"https:\\\/\\\/www.reead.com\\\/fr\\\/wp-content\\\/uploads\\\/2018\\\/12\\\/reead.jpg\",\"url\":\"https:\\\/\\\/www.reead.com\\\/fr\\\/wp-content\\\/uploads\\\/2018\\\/12\\\/reead.jpg\",\"contentUrl\":\"https:\\\/\\\/www.reead.com\\\/fr\\\/wp-content\\\/uploads\\\/2018\\\/12\\\/reead.jpg\",\"width\":900,\"height\":610,\"caption\":\"Reead\"},\"logo\":{\"@id\":\"https:\\\/\\\/www.reead.com\\\/fr\\\/wp-content\\\/uploads\\\/2018\\\/12\\\/reead.jpg\"},\"description\":\"Reead est un blogueur voyage fran\u00e7ais bas\u00e9 \u00e0 Las Vegas et le fondateur de Reead.com, un blog lanc\u00e9 en 2009 consacr\u00e9 aux voyages, aux miles et aux programmes de fid\u00e9lit\u00e9. Sp\u00e9cialis\u00e9 dans les cartes de cr\u00e9dit voyage, les miles et points, ainsi que les programmes comme Flying Blue, American Express Membership Rewards ou les alliances a\u00e9riennes, il partage des strat\u00e9gies concr\u00e8tes pour r\u00e9duire le co\u00fbt des voyages et optimiser les r\u00e9compenses des cartes de cr\u00e9dit. Install\u00e9 aux \u00c9tats-Unis, Reead publie \u00e9galement des guides pour visiter les USA, des analyses de programmes de fid\u00e9lit\u00e9 et des retours d\u2019exp\u00e9rience sur les compagnies a\u00e9riennes, h\u00f4tels et cartes premium. Depuis plus de 15 ans, ses articles aident les voyageurs \u00e0 comprendre les miles, accumuler des points plus rapidement et voyager dans de meilleures conditions pour moins cher. Survivant du cancer, il partage aussi une vision simple : profiter de la vie et explorer le monde intelligemment.\",\"sameAs\":[\"https:\\\/\\\/www.reead.com\\\/fr\\\/\",\"https:\\\/\\\/www.facebook.com\\\/welovereead\",\"https:\\\/\\\/www.instagram.com\\\/reead\\\/?hl=fr\",\"https:\\\/\\\/www.pinterest.com\\\/reead\\\/\",\"https:\\\/\\\/x.com\\\/blogdereead\",\"https:\\\/\\\/www.youtube.com\\\/reead\"],\"gender\":\"homme\",\"knowsAbout\":[\"Voyage\",\"miles et points\"],\"knowsLanguage\":[\"Anglais\",\"Fran\u00e7ais\"],\"publishingPrinciples\":\"https:\\\/\\\/www.reead.com\\\/fr\\\/politique-de-publication\\\/\"}]}<\/script>\n<!-- \/ Yoast SEO Premium plugin. -->","yoast_head_json":{"title":"Concours HOM - Sous-v\u00eatements pour hommes","description":"Gagnez 150\u20ac de sous-v\u00eatements HOM \u00e0 choisir directement sur le site de la marque !","robots":{"index":"noindex","follow":"follow"},"og_locale":"fr_FR","og_type":"article","og_title":"Concours HOM","og_description":"Gagnez 150\u20ac de sous-v\u00eatements HOM \u00e0 choisir directement sur le site de la marque !","og_url":"https:\/\/www.reead.com\/fr\/concours\/concours-hom\/","og_site_name":"Conseils Voyage, Mode Homme et Lifestyle","article_publisher":"https:\/\/www.facebook.com\/welovereead","article_modified_time":"2024-05-23T23:24:29+00:00","og_image":[{"url":"https:\/\/www.reead.com\/fr\/wp-content\/uploads\/2018\/05\/hom.jpg","type":"","width":"","height":""}],"twitter_card":"summary_large_image","twitter_site":"@blogdereead","schema":{"@context":"https:\/\/schema.org","@graph":[{"@type":"WebPage","@id":"https:\/\/www.reead.com\/fr\/concours\/concours-hom\/","url":"https:\/\/www.reead.com\/fr\/concours\/concours-hom\/","name":"Concours HOM - Sous-v\u00eatements pour hommes","isPartOf":{"@id":"https:\/\/www.reead.com\/fr\/#website"},"primaryImageOfPage":{"@id":"https:\/\/www.reead.com\/fr\/concours\/concours-hom\/#primaryimage"},"image":{"@id":"https:\/\/www.reead.com\/fr\/concours\/concours-hom\/#primaryimage"},"thumbnailUrl":"https:\/\/www.reead.com\/fr\/wp-content\/uploads\/2018\/05\/hom.jpg","datePublished":"2018-05-12T10:46:30+00:00","dateModified":"2024-05-23T23:24:29+00:00","description":"Gagnez 150\u20ac de sous-v\u00eatements HOM \u00e0 choisir directement sur le site de la marque !","breadcrumb":{"@id":"https:\/\/www.reead.com\/fr\/concours\/concours-hom\/#breadcrumb"},"inLanguage":"fr-FR","potentialAction":[{"@type":"ReadAction","target":["https:\/\/www.reead.com\/fr\/concours\/concours-hom\/"]}]},{"@type":"ImageObject","inLanguage":"fr-FR","@id":"https:\/\/www.reead.com\/fr\/concours\/concours-hom\/#primaryimage","url":"https:\/\/www.reead.com\/fr\/wp-content\/uploads\/2018\/05\/hom.jpg","contentUrl":"https:\/\/www.reead.com\/fr\/wp-content\/uploads\/2018\/05\/hom.jpg","width":950,"height":634,"caption":"sous v\u00eatements HOM"},{"@type":"BreadcrumbList","@id":"https:\/\/www.reead.com\/fr\/concours\/concours-hom\/#breadcrumb","itemListElement":[{"@type":"ListItem","position":1,"name":"Accueil","item":"https:\/\/www.reead.com\/fr\/"},{"@type":"ListItem","position":2,"name":"Concours","item":"https:\/\/www.reead.com\/fr\/concours\/"},{"@type":"ListItem","position":3,"name":"Concours HOM"}]},{"@type":"WebSite","@id":"https:\/\/www.reead.com\/fr\/#website","url":"https:\/\/www.reead.com\/fr\/","name":"Reead.com","description":"Conseils Voyage, Mode Homme et Lifestyle","publisher":{"@id":"https:\/\/www.reead.com\/fr\/#\/schema\/person\/551a8a4b469ab53c0b48bcd3846fb3c6"},"potentialAction":[{"@type":"SearchAction","target":{"@type":"EntryPoint","urlTemplate":"https:\/\/www.reead.com\/fr\/?s={search_term_string}"},"query-input":{"@type":"PropertyValueSpecification","valueRequired":true,"valueName":"search_term_string"}}],"inLanguage":"fr-FR"},{"@type":["Person","Organization"],"@id":"https:\/\/www.reead.com\/fr\/#\/schema\/person\/551a8a4b469ab53c0b48bcd3846fb3c6","name":"Reead","image":{"@type":"ImageObject","inLanguage":"fr-FR","@id":"https:\/\/www.reead.com\/fr\/wp-content\/uploads\/2018\/12\/reead.jpg","url":"https:\/\/www.reead.com\/fr\/wp-content\/uploads\/2018\/12\/reead.jpg","contentUrl":"https:\/\/www.reead.com\/fr\/wp-content\/uploads\/2018\/12\/reead.jpg","width":900,"height":610,"caption":"Reead"},"logo":{"@id":"https:\/\/www.reead.com\/fr\/wp-content\/uploads\/2018\/12\/reead.jpg"},"description":"Reead est un blogueur voyage fran\u00e7ais bas\u00e9 \u00e0 Las Vegas et le fondateur de Reead.com, un blog lanc\u00e9 en 2009 consacr\u00e9 aux voyages, aux miles et aux programmes de fid\u00e9lit\u00e9. Sp\u00e9cialis\u00e9 dans les cartes de cr\u00e9dit voyage, les miles et points, ainsi que les programmes comme Flying Blue, American Express Membership Rewards ou les alliances a\u00e9riennes, il partage des strat\u00e9gies concr\u00e8tes pour r\u00e9duire le co\u00fbt des voyages et optimiser les r\u00e9compenses des cartes de cr\u00e9dit. Install\u00e9 aux \u00c9tats-Unis, Reead publie \u00e9galement des guides pour visiter les USA, des analyses de programmes de fid\u00e9lit\u00e9 et des retours d\u2019exp\u00e9rience sur les compagnies a\u00e9riennes, h\u00f4tels et cartes premium. Depuis plus de 15 ans, ses articles aident les voyageurs \u00e0 comprendre les miles, accumuler des points plus rapidement et voyager dans de meilleures conditions pour moins cher. Survivant du cancer, il partage aussi une vision simple : profiter de la vie et explorer le monde intelligemment.","sameAs":["https:\/\/www.reead.com\/fr\/","https:\/\/www.facebook.com\/welovereead","https:\/\/www.instagram.com\/reead\/?hl=fr","https:\/\/www.pinterest.com\/reead\/","https:\/\/x.com\/blogdereead","https:\/\/www.youtube.com\/reead"],"gender":"homme","knowsAbout":["Voyage","miles et points"],"knowsLanguage":["Anglais","Fran\u00e7ais"],"publishingPrinciples":"https:\/\/www.reead.com\/fr\/politique-de-publication\/"}]}},"_links":{"self":[{"href":"https:\/\/www.reead.com\/fr\/wp-json\/wp\/v2\/pages\/72989","targetHints":{"allow":["GET"]}}],"collection":[{"href":"https:\/\/www.reead.com\/fr\/wp-json\/wp\/v2\/pages"}],"about":[{"href":"https:\/\/www.reead.com\/fr\/wp-json\/wp\/v2\/types\/page"}],"author":[{"embeddable":true,"href":"https:\/\/www.reead.com\/fr\/wp-json\/wp\/v2\/users\/1"}],"replies":[{"embeddable":true,"href":"https:\/\/www.reead.com\/fr\/wp-json\/wp\/v2\/comments?post=72989"}],"version-history":[{"count":0,"href":"https:\/\/www.reead.com\/fr\/wp-json\/wp\/v2\/pages\/72989\/revisions"}],"up":[{"embeddable":true,"href":"https:\/\/www.reead.com\/fr\/wp-json\/wp\/v2\/pages\/12891"}],"wp:attachment":[{"href":"https:\/\/www.reead.com\/fr\/wp-json\/wp\/v2\/media?parent=72989"}],"curies":[{"name":"wp","href":"https:\/\/api.w.org\/{rel}","templated":true}]}}