{"id":68525,"date":"2018-04-30T08:31:01","date_gmt":"2018-04-30T06:31:01","guid":{"rendered":"https:\/\/www.reead.com\/fr\/?page_id=68525"},"modified":"2024-05-24T01:30:04","modified_gmt":"2024-05-23T23:30:04","slug":"concours-saxx","status":"publish","type":"page","link":"https:\/\/www.reead.com\/fr\/concours\/concours-saxx\/","title":{"rendered":"Concours Saxx"},"content":{"rendered":"<p><img loading=\"lazy\" decoding=\"async\" class=\"alignnone size-full wp-image-68524\" src=\"https:\/\/www.reead.com\/fr\/wp-content\/uploads\/2018\/04\/saxx.jpg\" alt=\"concours saxx\" width=\"950\" height=\"614\" srcset=\"https:\/\/www.reead.com\/fr\/wp-content\/uploads\/2018\/04\/saxx.jpg 950w,  https:\/\/www.reead.com\/fr\/wp-content\/uploads\/2018\/04\/saxx-610x394.jpg 610w,  https:\/\/www.reead.com\/fr\/wp-content\/uploads\/2018\/04\/saxx-768x496.jpg 768w\" sizes=\"auto, (max-width: 950px) 100vw, 950px\" \/><\/p>\n<p>Je suis heureux de commencer un nouveau concours sur mon blog ! 3 packs de 2 boxers de la marque SAXX\u00a0d&rsquo;une valeur de 70 \u20ac !<\/p>\n<p><strong>Concours termin\u00e9 !<\/strong><\/p>\n<p>Gagnants :<\/p>\n<ul>\n<li class=\"p1\"><span class=\"s1\">Jonathan\u00a0G.<\/span><\/li>\n<li class=\"p1\"><span class=\"s1\">Luc P.<\/span><\/li>\n<li class=\"p1\"><span class=\"s1\">Erika\u00a0K.<\/span><\/li>\n<\/ul>\n<h2>A propos de SAXX<\/h2>\n<p>DES SOUS-V\u00caTEMENTS REVOLUTIONNAIRES !<\/p>\n<p>Chaque sous-v\u00eatement SAXX est dot\u00e9 de la poche BallParkTM brevet\u00e9e. Con\u00e7ue pour un soutien sans contact, cette poche semblable \u00e0 un hamac en 3D garde tout en place, gr\u00e2ce aux panneaux en maille qui emp\u00eachent les frottements peau \u00e0 peau et aux coutures non apparentes, pour un confort sans irritations.<br \/>\nAvec une vision du corps \u00e0 360\u00b0, la coupe, le confort et la fonctionnalit\u00e9 sont pris en compte. Neuf panneaux de tissus, y compris les panneaux en maille de la poche BallParkTM brevet\u00e9e, s\u2019articulent en 3D autour des fessiers, des cuisses, des quadriceps et des ischio-jambiers.<\/p>\n<p><script async src=\"\/\/pagead2.googlesyndication.com\/pagead\/js\/adsbygoogle.js\"><\/script><br \/>\n<!-- Reead.com\/fr Page Concour --><br \/>\n<ins class=\"adsbygoogle\" style=\"display: inline-block; width: 300px; height: 250px;\" data-ad-client=\"ca-pub-3306292773299946\" data-ad-slot=\"2415287309\"><\/ins><br \/>\n<script>\n(adsbygoogle = window.adsbygoogle || []).push({});\n<\/script><\/p>\n<p>&nbsp;<\/p>\n<h3>R\u00e8gles<\/h3>\n<ul>\n<li>Vous pouvez participer au concours du 10 mai au 25 mai 2018 GMT +2<\/li>\n<li>Une participation par personne, 18 ans et plus.<\/li>\n<li>Aucun achat n\u00e9cessaire<\/li>\n<li>Pour participer vous devez remplir le formulaire sur cette page<\/li>\n<li>Concours ouvert aux personnes qui r\u00e9sident en France, Belgique, Luxembourg, Qu\u00e9bec (Canada) ou Suisse.<\/li>\n<li>3 packs de 2 boxers de la marque SAXX d&rsquo;une valeur indicatif de 70 \u20ac<\/li>\n<li>Je choisirai au hasard 3 d&rsquo;entre vous<\/li>\n<li>Le nom des\u00a0 gagnants seront affich\u00e9s sur cette page<\/li>\n<\/ul>\n<p><script async src=\"\/\/pagead2.googlesyndication.com\/pagead\/js\/adsbygoogle.js\"><\/script><br \/>\n<!-- Reead.com\/fr Page Concours 2 --><br \/>\n<ins class=\"adsbygoogle\" style=\"display: block;\" data-ad-client=\"ca-pub-3306292773299946\" data-ad-slot=\"7560725865\" data-ad-format=\"auto\"><\/ins><br \/>\n<script>\n(adsbygoogle = window.adsbygoogle || []).push({});\n<\/script><\/p>","protected":false},"excerpt":{"rendered":"<p>Je suis heureux de commencer un nouveau concours sur mon blog ! 3 packs de 2 boxers de la marque SAXX\u00a0d&rsquo;une valeur de 70 \u20ac ! Concours termin\u00e9 ! Gagnants : Jonathan\u00a0G. Luc P. Erika\u00a0K. A propos de SAXX DES SOUS-V\u00caTEMENTS REVOLUTIONNAIRES ! Chaque sous-v\u00eatement SAXX est dot\u00e9 de la poche BallParkTM brevet\u00e9e. Con\u00e7ue pour un soutien sans contact, cette&#8230;<\/p>","protected":false},"author":1,"featured_media":68524,"parent":12891,"menu_order":0,"comment_status":"closed","ping_status":"closed","template":"","meta":{"footnotes":""},"class_list":["post-68525","page","type-page","status-publish","has-post-thumbnail","hentry"],"yoast_head":"<!-- This site is optimized with the Yoast SEO Premium plugin v27.4 (Yoast SEO v27.4) - https:\/\/yoast.com\/product\/yoast-seo-premium-wordpress\/ -->\n<title>Concours Saxx<\/title>\n<meta name=\"description\" content=\"3 packs de 2 boxers de la marque SAXX\u00a0d&#039;une valeur de 70 \u20ac !\" \/>\n<meta name=\"robots\" content=\"noindex, follow\" \/>\n<meta property=\"og:locale\" content=\"fr_FR\" \/>\n<meta property=\"og:type\" content=\"article\" \/>\n<meta property=\"og:title\" content=\"Concours Saxx\" \/>\n<meta property=\"og:description\" content=\"3 packs de 2 boxers de la marque SAXX\u00a0d&#039;une valeur de 70 \u20ac !\" \/>\n<meta property=\"og:url\" content=\"https:\/\/www.reead.com\/fr\/concours\/concours-saxx\/\" \/>\n<meta property=\"og:site_name\" content=\"Conseils Voyage, Mode Homme et Lifestyle\" \/>\n<meta property=\"article:publisher\" content=\"https:\/\/www.facebook.com\/welovereead\" \/>\n<meta property=\"article:modified_time\" content=\"2024-05-23T23:30:04+00:00\" \/>\n<meta property=\"og:image\" content=\"https:\/\/www.reead.com\/fr\/wp-content\/uploads\/2018\/04\/saxx.jpg\" \/>\n\t<meta property=\"og:image:width\" content=\"950\" \/>\n\t<meta property=\"og:image:height\" content=\"614\" \/>\n\t<meta property=\"og:image:type\" content=\"image\/jpeg\" \/>\n<meta name=\"twitter:card\" content=\"summary_large_image\" \/>\n<meta name=\"twitter:site\" content=\"@blogdereead\" \/>\n<script type=\"application\/ld+json\" class=\"yoast-schema-graph\">{\"@context\":\"https:\\\/\\\/schema.org\",\"@graph\":[{\"@type\":\"WebPage\",\"@id\":\"https:\\\/\\\/www.reead.com\\\/fr\\\/concours\\\/concours-saxx\\\/\",\"url\":\"https:\\\/\\\/www.reead.com\\\/fr\\\/concours\\\/concours-saxx\\\/\",\"name\":\"Concours Saxx\",\"isPartOf\":{\"@id\":\"https:\\\/\\\/www.reead.com\\\/fr\\\/#website\"},\"primaryImageOfPage\":{\"@id\":\"https:\\\/\\\/www.reead.com\\\/fr\\\/concours\\\/concours-saxx\\\/#primaryimage\"},\"image\":{\"@id\":\"https:\\\/\\\/www.reead.com\\\/fr\\\/concours\\\/concours-saxx\\\/#primaryimage\"},\"thumbnailUrl\":\"https:\\\/\\\/www.reead.com\\\/fr\\\/wp-content\\\/uploads\\\/2018\\\/04\\\/saxx.jpg\",\"datePublished\":\"2018-04-30T06:31:01+00:00\",\"dateModified\":\"2024-05-23T23:30:04+00:00\",\"description\":\"3 packs de 2 boxers de la marque SAXX\u00a0d'une valeur de 70 \u20ac !\",\"breadcrumb\":{\"@id\":\"https:\\\/\\\/www.reead.com\\\/fr\\\/concours\\\/concours-saxx\\\/#breadcrumb\"},\"inLanguage\":\"fr-FR\",\"potentialAction\":[{\"@type\":\"ReadAction\",\"target\":[\"https:\\\/\\\/www.reead.com\\\/fr\\\/concours\\\/concours-saxx\\\/\"]}]},{\"@type\":\"ImageObject\",\"inLanguage\":\"fr-FR\",\"@id\":\"https:\\\/\\\/www.reead.com\\\/fr\\\/concours\\\/concours-saxx\\\/#primaryimage\",\"url\":\"https:\\\/\\\/www.reead.com\\\/fr\\\/wp-content\\\/uploads\\\/2018\\\/04\\\/saxx.jpg\",\"contentUrl\":\"https:\\\/\\\/www.reead.com\\\/fr\\\/wp-content\\\/uploads\\\/2018\\\/04\\\/saxx.jpg\",\"width\":950,\"height\":614,\"caption\":\"concours saxx\"},{\"@type\":\"BreadcrumbList\",\"@id\":\"https:\\\/\\\/www.reead.com\\\/fr\\\/concours\\\/concours-saxx\\\/#breadcrumb\",\"itemListElement\":[{\"@type\":\"ListItem\",\"position\":1,\"name\":\"Accueil\",\"item\":\"https:\\\/\\\/www.reead.com\\\/fr\\\/\"},{\"@type\":\"ListItem\",\"position\":2,\"name\":\"Concours\",\"item\":\"https:\\\/\\\/www.reead.com\\\/fr\\\/concours\\\/\"},{\"@type\":\"ListItem\",\"position\":3,\"name\":\"Concours Saxx\"}]},{\"@type\":\"WebSite\",\"@id\":\"https:\\\/\\\/www.reead.com\\\/fr\\\/#website\",\"url\":\"https:\\\/\\\/www.reead.com\\\/fr\\\/\",\"name\":\"Reead.com\",\"description\":\"Conseils Voyage, Mode Homme et Lifestyle\",\"publisher\":{\"@id\":\"https:\\\/\\\/www.reead.com\\\/fr\\\/#\\\/schema\\\/person\\\/551a8a4b469ab53c0b48bcd3846fb3c6\"},\"potentialAction\":[{\"@type\":\"SearchAction\",\"target\":{\"@type\":\"EntryPoint\",\"urlTemplate\":\"https:\\\/\\\/www.reead.com\\\/fr\\\/?s={search_term_string}\"},\"query-input\":{\"@type\":\"PropertyValueSpecification\",\"valueRequired\":true,\"valueName\":\"search_term_string\"}}],\"inLanguage\":\"fr-FR\"},{\"@type\":[\"Person\",\"Organization\"],\"@id\":\"https:\\\/\\\/www.reead.com\\\/fr\\\/#\\\/schema\\\/person\\\/551a8a4b469ab53c0b48bcd3846fb3c6\",\"name\":\"Reead\",\"image\":{\"@type\":\"ImageObject\",\"inLanguage\":\"fr-FR\",\"@id\":\"https:\\\/\\\/www.reead.com\\\/fr\\\/wp-content\\\/uploads\\\/2018\\\/12\\\/reead.jpg\",\"url\":\"https:\\\/\\\/www.reead.com\\\/fr\\\/wp-content\\\/uploads\\\/2018\\\/12\\\/reead.jpg\",\"contentUrl\":\"https:\\\/\\\/www.reead.com\\\/fr\\\/wp-content\\\/uploads\\\/2018\\\/12\\\/reead.jpg\",\"width\":900,\"height\":610,\"caption\":\"Reead\"},\"logo\":{\"@id\":\"https:\\\/\\\/www.reead.com\\\/fr\\\/wp-content\\\/uploads\\\/2018\\\/12\\\/reead.jpg\"},\"description\":\"Reead est un blogueur voyage fran\u00e7ais bas\u00e9 \u00e0 Las Vegas et le fondateur de Reead.com, un blog lanc\u00e9 en 2009 consacr\u00e9 aux voyages, aux miles et aux programmes de fid\u00e9lit\u00e9. Sp\u00e9cialis\u00e9 dans les cartes de cr\u00e9dit voyage, les miles et points, ainsi que les programmes comme Flying Blue, American Express Membership Rewards ou les alliances a\u00e9riennes, il partage des strat\u00e9gies concr\u00e8tes pour r\u00e9duire le co\u00fbt des voyages et optimiser les r\u00e9compenses des cartes de cr\u00e9dit. Install\u00e9 aux \u00c9tats-Unis, Reead publie \u00e9galement des guides pour visiter les USA, des analyses de programmes de fid\u00e9lit\u00e9 et des retours d\u2019exp\u00e9rience sur les compagnies a\u00e9riennes, h\u00f4tels et cartes premium. Depuis plus de 15 ans, ses articles aident les voyageurs \u00e0 comprendre les miles, accumuler des points plus rapidement et voyager dans de meilleures conditions pour moins cher. Survivant du cancer, il partage aussi une vision simple : profiter de la vie et explorer le monde intelligemment.\",\"sameAs\":[\"https:\\\/\\\/www.reead.com\\\/fr\\\/\",\"https:\\\/\\\/www.facebook.com\\\/welovereead\",\"https:\\\/\\\/www.instagram.com\\\/reead\\\/?hl=fr\",\"https:\\\/\\\/www.pinterest.com\\\/reead\\\/\",\"https:\\\/\\\/x.com\\\/blogdereead\",\"https:\\\/\\\/www.youtube.com\\\/reead\"],\"gender\":\"homme\",\"knowsAbout\":[\"Voyage\",\"miles et points\"],\"knowsLanguage\":[\"Anglais\",\"Fran\u00e7ais\"],\"publishingPrinciples\":\"https:\\\/\\\/www.reead.com\\\/fr\\\/politique-de-publication\\\/\"}]}<\/script>\n<!-- \/ Yoast SEO Premium plugin. -->","yoast_head_json":{"title":"Concours Saxx","description":"3 packs de 2 boxers de la marque SAXX\u00a0d'une valeur de 70 \u20ac !","robots":{"index":"noindex","follow":"follow"},"og_locale":"fr_FR","og_type":"article","og_title":"Concours Saxx","og_description":"3 packs de 2 boxers de la marque SAXX\u00a0d'une valeur de 70 \u20ac !","og_url":"https:\/\/www.reead.com\/fr\/concours\/concours-saxx\/","og_site_name":"Conseils Voyage, Mode Homme et Lifestyle","article_publisher":"https:\/\/www.facebook.com\/welovereead","article_modified_time":"2024-05-23T23:30:04+00:00","og_image":[{"width":950,"height":614,"url":"https:\/\/www.reead.com\/fr\/wp-content\/uploads\/2018\/04\/saxx.jpg","type":"image\/jpeg"}],"twitter_card":"summary_large_image","twitter_site":"@blogdereead","schema":{"@context":"https:\/\/schema.org","@graph":[{"@type":"WebPage","@id":"https:\/\/www.reead.com\/fr\/concours\/concours-saxx\/","url":"https:\/\/www.reead.com\/fr\/concours\/concours-saxx\/","name":"Concours Saxx","isPartOf":{"@id":"https:\/\/www.reead.com\/fr\/#website"},"primaryImageOfPage":{"@id":"https:\/\/www.reead.com\/fr\/concours\/concours-saxx\/#primaryimage"},"image":{"@id":"https:\/\/www.reead.com\/fr\/concours\/concours-saxx\/#primaryimage"},"thumbnailUrl":"https:\/\/www.reead.com\/fr\/wp-content\/uploads\/2018\/04\/saxx.jpg","datePublished":"2018-04-30T06:31:01+00:00","dateModified":"2024-05-23T23:30:04+00:00","description":"3 packs de 2 boxers de la marque SAXX\u00a0d'une valeur de 70 \u20ac !","breadcrumb":{"@id":"https:\/\/www.reead.com\/fr\/concours\/concours-saxx\/#breadcrumb"},"inLanguage":"fr-FR","potentialAction":[{"@type":"ReadAction","target":["https:\/\/www.reead.com\/fr\/concours\/concours-saxx\/"]}]},{"@type":"ImageObject","inLanguage":"fr-FR","@id":"https:\/\/www.reead.com\/fr\/concours\/concours-saxx\/#primaryimage","url":"https:\/\/www.reead.com\/fr\/wp-content\/uploads\/2018\/04\/saxx.jpg","contentUrl":"https:\/\/www.reead.com\/fr\/wp-content\/uploads\/2018\/04\/saxx.jpg","width":950,"height":614,"caption":"concours saxx"},{"@type":"BreadcrumbList","@id":"https:\/\/www.reead.com\/fr\/concours\/concours-saxx\/#breadcrumb","itemListElement":[{"@type":"ListItem","position":1,"name":"Accueil","item":"https:\/\/www.reead.com\/fr\/"},{"@type":"ListItem","position":2,"name":"Concours","item":"https:\/\/www.reead.com\/fr\/concours\/"},{"@type":"ListItem","position":3,"name":"Concours Saxx"}]},{"@type":"WebSite","@id":"https:\/\/www.reead.com\/fr\/#website","url":"https:\/\/www.reead.com\/fr\/","name":"Reead.com","description":"Conseils Voyage, Mode Homme et Lifestyle","publisher":{"@id":"https:\/\/www.reead.com\/fr\/#\/schema\/person\/551a8a4b469ab53c0b48bcd3846fb3c6"},"potentialAction":[{"@type":"SearchAction","target":{"@type":"EntryPoint","urlTemplate":"https:\/\/www.reead.com\/fr\/?s={search_term_string}"},"query-input":{"@type":"PropertyValueSpecification","valueRequired":true,"valueName":"search_term_string"}}],"inLanguage":"fr-FR"},{"@type":["Person","Organization"],"@id":"https:\/\/www.reead.com\/fr\/#\/schema\/person\/551a8a4b469ab53c0b48bcd3846fb3c6","name":"Reead","image":{"@type":"ImageObject","inLanguage":"fr-FR","@id":"https:\/\/www.reead.com\/fr\/wp-content\/uploads\/2018\/12\/reead.jpg","url":"https:\/\/www.reead.com\/fr\/wp-content\/uploads\/2018\/12\/reead.jpg","contentUrl":"https:\/\/www.reead.com\/fr\/wp-content\/uploads\/2018\/12\/reead.jpg","width":900,"height":610,"caption":"Reead"},"logo":{"@id":"https:\/\/www.reead.com\/fr\/wp-content\/uploads\/2018\/12\/reead.jpg"},"description":"Reead est un blogueur voyage fran\u00e7ais bas\u00e9 \u00e0 Las Vegas et le fondateur de Reead.com, un blog lanc\u00e9 en 2009 consacr\u00e9 aux voyages, aux miles et aux programmes de fid\u00e9lit\u00e9. Sp\u00e9cialis\u00e9 dans les cartes de cr\u00e9dit voyage, les miles et points, ainsi que les programmes comme Flying Blue, American Express Membership Rewards ou les alliances a\u00e9riennes, il partage des strat\u00e9gies concr\u00e8tes pour r\u00e9duire le co\u00fbt des voyages et optimiser les r\u00e9compenses des cartes de cr\u00e9dit. Install\u00e9 aux \u00c9tats-Unis, Reead publie \u00e9galement des guides pour visiter les USA, des analyses de programmes de fid\u00e9lit\u00e9 et des retours d\u2019exp\u00e9rience sur les compagnies a\u00e9riennes, h\u00f4tels et cartes premium. Depuis plus de 15 ans, ses articles aident les voyageurs \u00e0 comprendre les miles, accumuler des points plus rapidement et voyager dans de meilleures conditions pour moins cher. Survivant du cancer, il partage aussi une vision simple : profiter de la vie et explorer le monde intelligemment.","sameAs":["https:\/\/www.reead.com\/fr\/","https:\/\/www.facebook.com\/welovereead","https:\/\/www.instagram.com\/reead\/?hl=fr","https:\/\/www.pinterest.com\/reead\/","https:\/\/x.com\/blogdereead","https:\/\/www.youtube.com\/reead"],"gender":"homme","knowsAbout":["Voyage","miles et points"],"knowsLanguage":["Anglais","Fran\u00e7ais"],"publishingPrinciples":"https:\/\/www.reead.com\/fr\/politique-de-publication\/"}]}},"_links":{"self":[{"href":"https:\/\/www.reead.com\/fr\/wp-json\/wp\/v2\/pages\/68525","targetHints":{"allow":["GET"]}}],"collection":[{"href":"https:\/\/www.reead.com\/fr\/wp-json\/wp\/v2\/pages"}],"about":[{"href":"https:\/\/www.reead.com\/fr\/wp-json\/wp\/v2\/types\/page"}],"author":[{"embeddable":true,"href":"https:\/\/www.reead.com\/fr\/wp-json\/wp\/v2\/users\/1"}],"replies":[{"embeddable":true,"href":"https:\/\/www.reead.com\/fr\/wp-json\/wp\/v2\/comments?post=68525"}],"version-history":[{"count":0,"href":"https:\/\/www.reead.com\/fr\/wp-json\/wp\/v2\/pages\/68525\/revisions"}],"up":[{"embeddable":true,"href":"https:\/\/www.reead.com\/fr\/wp-json\/wp\/v2\/pages\/12891"}],"wp:featuredmedia":[{"embeddable":true,"href":"https:\/\/www.reead.com\/fr\/wp-json\/wp\/v2\/media\/68524"}],"wp:attachment":[{"href":"https:\/\/www.reead.com\/fr\/wp-json\/wp\/v2\/media?parent=68525"}],"curies":[{"name":"wp","href":"https:\/\/api.w.org\/{rel}","templated":true}]}}