{"id":462852,"date":"2023-05-09T18:03:18","date_gmt":"2023-05-09T16:03:18","guid":{"rendered":"https:\/\/www.reead.com\/fr\/?page_id=462852"},"modified":"2023-05-25T15:41:08","modified_gmt":"2023-05-25T13:41:08","slug":"offres-boutiques","status":"publish","type":"page","link":"https:\/\/www.reead.com\/fr\/offres-boutiques\/","title":{"rendered":"Offres en boutiques"},"content":{"rendered":"<div id=\"pl-462852\"  class=\"panel-layout\" ><div id=\"pg-462852-0\"  class=\"panel-grid panel-has-style\" ><div class=\"siteorigin-panels-stretch panel-row-style panel-row-style-for-462852-0\" data-stretch-type=\"full-stretched\" ><div id=\"pgc-462852-0-0\"  class=\"panel-grid-cell\" ><div class=\"panel-cell-style panel-cell-style-for-462852-0-0\" ><div id=\"panel-462852-0-0-0\" class=\"so-panel widget widget_siteorigin-panels-builder panel-first-child panel-last-child\" data-index=\"0\" ><div id=\"pl-w645abe2910460\"  class=\"panel-layout\" ><div id=\"pg-w645abe2910460-0\"  class=\"panel-grid panel-no-style\" ><div id=\"pgc-w645abe2910460-0-0\"  class=\"panel-grid-cell\" ><div id=\"panel-w645abe2910460-0-0-0\" class=\"so-panel widget widget_sow-headline panel-first-child panel-last-child\" data-index=\"0\" ><div\n\t\t\t\n\t\t\tclass=\"so-widget-sow-headline so-widget-sow-headline-default-289a86125643 so-widget-fittext-wrapper\"\n\t\t\t data-fit-text-compressor=\"0.85\"\n\t\t><div class=\"sow-headline-container\">\n\t\t\t\t\t\t\t<h2 class=\"sow-headline\">\n\t\t\t\t\t\tFrance (Auvergne)<br \/>D\u00f4me \u00e0 Bulles - Cabanes &amp; Spa\t\t\t\t\t\t<\/h2>\n\t\t\t\t\t\t\t\t\t\t\t\t<p class=\"sow-sub-headline\">\n\t\t\t\t\t\tR\u00e9servez votre s\u00e9jour, montrez cette page de Reead.com et recevez sur place une <b>demi-bouteille de champagne ou une bouteille de vin<\/b>.\t\t\t\t\t\t<\/p>\n\t\t\t\t\t\t<\/div>\n<\/div><\/div><\/div><\/div><div id=\"pg-w645abe2910460-1\"  class=\"panel-grid panel-no-style\" ><div id=\"pgc-w645abe2910460-1-0\"  class=\"panel-grid-cell\" ><div id=\"panel-w645abe2910460-1-0-0\" class=\"so-panel widget widget_sow-button panel-first-child panel-last-child\" data-index=\"1\" ><div\n\t\t\t\n\t\t\tclass=\"so-widget-sow-button so-widget-sow-button-wire-0a23d7e19674\"\n\t\t\t\n\t\t><div class=\"ow-button-base ow-button-align-left\"\n>\n\t\t\t<a\n\t\t\t\t\thref=\"https:\/\/www.domeabulles.fr\/\"\n\t\t\t\t\tclass=\"sowb-button ow-icon-placement-left ow-button-hover\" target=\"_blank\" rel=\"noopener noreferrer sponsored\" \t>\n\t\t<span>\n\t\t\t\n\t\t\tD\u00e9couvrir le lieu\t\t<\/span>\n\t\t\t<\/a>\n\t<\/div>\n<\/div><\/div><\/div><div id=\"pgc-w645abe2910460-1-1\"  class=\"panel-grid-cell panel-grid-cell-empty panel-grid-cell-mobile-last\" ><\/div><div id=\"pgc-w645abe2910460-1-2\"  class=\"panel-grid-cell panel-grid-cell-empty\" ><\/div><\/div><\/div><\/div><\/div><\/div><div id=\"pgc-462852-0-1\"  class=\"panel-grid-cell\" ><div id=\"panel-462852-0-1-0\" class=\"so-panel widget widget_sow-image panel-first-child panel-last-child\" data-index=\"1\" ><div\n\t\t\t\n\t\t\tclass=\"so-widget-sow-image so-widget-sow-image-default-8b5b6f678277-462852\"\n\t\t\t\n\t\t>\n<div class=\"sow-image-container\">\n\t\t<img \n\tsrc=\"https:\/\/www.reead.com\/fr\/wp-content\/uploads\/2023\/05\/Dome-a-Bulles-Cabins-Spa.jpg\" width=\"1920\" height=\"1310\" srcset=\"https:\/\/www.reead.com\/fr\/wp-content\/uploads\/2023\/05\/Dome-a-Bulles-Cabins-Spa.jpg 1920w,  https:\/\/www.reead.com\/fr\/wp-content\/uploads\/2023\/05\/Dome-a-Bulles-Cabins-Spa-610x416.jpg 610w,  https:\/\/www.reead.com\/fr\/wp-content\/uploads\/2023\/05\/Dome-a-Bulles-Cabins-Spa-960x655.jpg 960w,  https:\/\/www.reead.com\/fr\/wp-content\/uploads\/2023\/05\/Dome-a-Bulles-Cabins-Spa-768x524.jpg 768w,  https:\/\/www.reead.com\/fr\/wp-content\/uploads\/2023\/05\/Dome-a-Bulles-Cabins-Spa-1536x1048.jpg 1536w\" sizes=\"(max-width: 1920px) 100vw, 1920px\" title=\"D\u00f4me \u00e0 Bulles Cabines et Spa\" alt=\"D\u00f4me \u00e0 Bulles Cabines et Spa\" \t\tclass=\"so-widget-image\"\/>\n\t<\/div>\n\n<\/div><\/div><\/div><\/div><\/div><div id=\"pg-462852-1\"  class=\"panel-grid panel-has-style\" ><div class=\"siteorigin-panels-stretch panel-row-style panel-row-style-for-462852-1\" data-stretch-type=\"full-stretched\" ><div id=\"pgc-462852-1-0\"  class=\"panel-grid-cell\" ><div class=\"panel-cell-style panel-cell-style-for-462852-1-0\" ><div id=\"panel-462852-1-0-0\" class=\"so-panel widget widget_siteorigin-panels-builder panel-first-child panel-last-child\" data-index=\"2\" ><div id=\"pl-w645abe0c74533\"  class=\"panel-layout\" ><div id=\"pg-w645abe0c74533-0\"  class=\"panel-grid panel-no-style\" ><div id=\"pgc-w645abe0c74533-0-0\"  class=\"panel-grid-cell\" ><div id=\"panel-w645abe0c74533-0-0-0\" class=\"so-panel widget widget_sow-headline panel-first-child panel-last-child\" data-index=\"0\" ><div\n\t\t\t\n\t\t\tclass=\"so-widget-sow-headline so-widget-sow-headline-default-289a86125643 so-widget-fittext-wrapper\"\n\t\t\t data-fit-text-compressor=\"0.85\"\n\t\t><div class=\"sow-headline-container\">\n\t\t\t\t\t\t\t<h2 class=\"sow-headline\">\n\t\t\t\t\t\tFrance (Paris)<br \/>Restaurant Le Loubnane\t\t\t\t\t\t<\/h2>\n\t\t\t\t\t\t\t\t\t\t\t\t<p class=\"sow-sub-headline\">\n\t\t\t\t\t\tR\u00e9servez votre table, commandez un repas, montrez cette page de Reead.com et recevez sur place <b>un th\u00e9 \u00e0 la menthe chaud gratuit!<\/b>.\t\t\t\t\t\t<\/p>\n\t\t\t\t\t\t<\/div>\n<\/div><\/div><\/div><\/div><div id=\"pg-w645abe0c74533-1\"  class=\"panel-grid panel-no-style\" ><div id=\"pgc-w645abe0c74533-1-0\"  class=\"panel-grid-cell\" ><div id=\"panel-w645abe0c74533-1-0-0\" class=\"so-panel widget widget_sow-button panel-first-child panel-last-child\" data-index=\"1\" ><div\n\t\t\t\n\t\t\tclass=\"so-widget-sow-button so-widget-sow-button-wire-0a23d7e19674\"\n\t\t\t\n\t\t><div class=\"ow-button-base ow-button-align-left\"\n>\n\t\t\t<a\n\t\t\t\t\thref=\"https:\/\/www.loubnane.fr\/\"\n\t\t\t\t\tclass=\"sowb-button ow-icon-placement-left ow-button-hover\" target=\"_blank\" rel=\"noopener noreferrer sponsored\" \t>\n\t\t<span>\n\t\t\t\n\t\t\tD\u00e9couvrir le lieu\t\t<\/span>\n\t\t\t<\/a>\n\t<\/div>\n<\/div><\/div><\/div><div id=\"pgc-w645abe0c74533-1-1\"  class=\"panel-grid-cell panel-grid-cell-empty\" ><\/div><div id=\"pgc-w645abe0c74533-1-2\"  class=\"panel-grid-cell panel-grid-cell-empty panel-grid-cell-mobile-last\" ><\/div><div id=\"pgc-w645abe0c74533-1-3\"  class=\"panel-grid-cell panel-grid-cell-empty\" ><\/div><\/div><\/div><\/div><\/div><\/div><div id=\"pgc-462852-1-1\"  class=\"panel-grid-cell\" ><div id=\"panel-462852-1-1-0\" class=\"so-panel widget widget_sow-image panel-first-child panel-last-child\" data-index=\"3\" ><div\n\t\t\t\n\t\t\tclass=\"so-widget-sow-image so-widget-sow-image-default-8b5b6f678277-462852\"\n\t\t\t\n\t\t>\n<div class=\"sow-image-container\">\n\t\t<img \n\tsrc=\"https:\/\/www.reead.com\/fr\/wp-content\/uploads\/2023\/05\/restaurant-loubnane-paris.jpg\" width=\"1920\" height=\"1310\" srcset=\"https:\/\/www.reead.com\/fr\/wp-content\/uploads\/2023\/05\/restaurant-loubnane-paris.jpg 1920w,  https:\/\/www.reead.com\/fr\/wp-content\/uploads\/2023\/05\/restaurant-loubnane-paris-610x416.jpg 610w,  https:\/\/www.reead.com\/fr\/wp-content\/uploads\/2023\/05\/restaurant-loubnane-paris-960x655.jpg 960w,  https:\/\/www.reead.com\/fr\/wp-content\/uploads\/2023\/05\/restaurant-loubnane-paris-768x524.jpg 768w,  https:\/\/www.reead.com\/fr\/wp-content\/uploads\/2023\/05\/restaurant-loubnane-paris-1536x1048.jpg 1536w\" sizes=\"(max-width: 1920px) 100vw, 1920px\" title=\"restaurant libanais \u00e0 Paris\" alt=\"restaurant libanais \u00e0 Paris\" \t\tclass=\"so-widget-image\"\/>\n\t<\/div>\n\n<\/div><\/div><\/div><\/div><\/div><div id=\"pg-462852-2\"  class=\"panel-grid panel-has-style\" ><div class=\"siteorigin-panels-stretch panel-row-style panel-row-style-for-462852-2\" data-stretch-type=\"full-stretched\" ><div id=\"pgc-462852-2-0\"  class=\"panel-grid-cell\" ><div class=\"panel-cell-style panel-cell-style-for-462852-2-0\" ><div id=\"panel-462852-2-0-0\" class=\"so-panel widget widget_siteorigin-panels-builder panel-first-child panel-last-child\" data-index=\"4\" ><div id=\"pl-w645abe0c75e19\"  class=\"panel-layout\" ><div id=\"pg-w645abe0c75e19-0\"  class=\"panel-grid panel-no-style\" ><div id=\"pgc-w645abe0c75e19-0-0\"  class=\"panel-grid-cell\" ><div id=\"panel-w645abe0c75e19-0-0-0\" class=\"so-panel widget widget_sow-headline panel-first-child panel-last-child\" data-index=\"0\" ><div\n\t\t\t\n\t\t\tclass=\"so-widget-sow-headline so-widget-sow-headline-default-289a86125643 so-widget-fittext-wrapper\"\n\t\t\t data-fit-text-compressor=\"0.85\"\n\t\t><div class=\"sow-headline-container\">\n\t\t\t\t\t\t\t<h2 class=\"sow-headline\">\n\t\t\t\t\t\tUSA (LAS VEGAS)<br \/>Ohlala French Bistro\t\t\t\t\t\t<\/h2>\n\t\t\t\t\t\t\t\t\t\t\t\t<p class=\"sow-sub-headline\">\n\t\t\t\t\t\tR\u00e9servez votre table, commandez un repas, montrez cette page de Reead.com et obtenez <b>1 dessert gratuit par table!<\/b>\t\t\t\t\t\t<\/p>\n\t\t\t\t\t\t<\/div>\n<\/div><\/div><\/div><\/div><div id=\"pg-w645abe0c75e19-1\"  class=\"panel-grid panel-no-style\" ><div id=\"pgc-w645abe0c75e19-1-0\"  class=\"panel-grid-cell\" ><div id=\"panel-w645abe0c75e19-1-0-0\" class=\"so-panel widget widget_sow-button panel-first-child panel-last-child\" data-index=\"1\" ><div\n\t\t\t\n\t\t\tclass=\"so-widget-sow-button so-widget-sow-button-wire-0a23d7e19674\"\n\t\t\t\n\t\t><div class=\"ow-button-base ow-button-align-left\"\n>\n\t\t\t<a\n\t\t\t\t\thref=\"https:\/\/www.ohlalafrenchbistro.com\/\"\n\t\t\t\t\tclass=\"sowb-button ow-icon-placement-left ow-button-hover\" target=\"_blank\" rel=\"noopener noreferrer sponsored\" \t>\n\t\t<span>\n\t\t\t\n\t\t\tD\u00e9couvrir le lieu\t\t<\/span>\n\t\t\t<\/a>\n\t<\/div>\n<\/div><\/div><\/div><div id=\"pgc-w645abe0c75e19-1-1\"  class=\"panel-grid-cell panel-grid-cell-empty\" ><\/div><div id=\"pgc-w645abe0c75e19-1-2\"  class=\"panel-grid-cell panel-grid-cell-empty panel-grid-cell-mobile-last\" ><\/div><div id=\"pgc-w645abe0c75e19-1-3\"  class=\"panel-grid-cell panel-grid-cell-empty\" ><\/div><\/div><\/div><\/div><\/div><\/div><div id=\"pgc-462852-2-1\"  class=\"panel-grid-cell\" ><div id=\"panel-462852-2-1-0\" class=\"so-panel widget widget_sow-image panel-first-child panel-last-child\" data-index=\"5\" ><div\n\t\t\t\n\t\t\tclass=\"so-widget-sow-image so-widget-sow-image-default-8b5b6f678277-462852\"\n\t\t\t\n\t\t>\n<div class=\"sow-image-container\">\n\t\t<img \n\tsrc=\"https:\/\/www.reead.com\/fr\/wp-content\/uploads\/2023\/05\/restaurant-francais-las-vegas.jpg\" width=\"1920\" height=\"1310\" srcset=\"https:\/\/www.reead.com\/fr\/wp-content\/uploads\/2023\/05\/restaurant-francais-las-vegas.jpg 1920w,  https:\/\/www.reead.com\/fr\/wp-content\/uploads\/2023\/05\/restaurant-francais-las-vegas-610x416.jpg 610w,  https:\/\/www.reead.com\/fr\/wp-content\/uploads\/2023\/05\/restaurant-francais-las-vegas-960x655.jpg 960w,  https:\/\/www.reead.com\/fr\/wp-content\/uploads\/2023\/05\/restaurant-francais-las-vegas-768x524.jpg 768w,  https:\/\/www.reead.com\/fr\/wp-content\/uploads\/2023\/05\/restaurant-francais-las-vegas-1536x1048.jpg 1536w\" sizes=\"(max-width: 1920px) 100vw, 1920px\" title=\"restaurant fran\u00e7ais \u00e0 Las Vegas\" alt=\"restaurant fran\u00e7ais \u00e0 Las Vegas\" \t\tclass=\"so-widget-image\"\/>\n\t<\/div>\n\n<\/div><\/div><\/div><\/div><\/div><div id=\"pg-462852-3\"  class=\"panel-grid panel-has-style\" ><div class=\"siteorigin-panels-stretch panel-row-style panel-row-style-for-462852-3\" data-stretch-type=\"full-stretched\" ><div id=\"pgc-462852-3-0\"  class=\"panel-grid-cell\" ><div class=\"panel-cell-style panel-cell-style-for-462852-3-0\" ><div id=\"panel-462852-3-0-0\" class=\"so-panel widget widget_siteorigin-panels-builder panel-first-child panel-last-child\" data-index=\"6\" ><div id=\"pl-w646f6574802ae\"  class=\"panel-layout\" ><div id=\"pg-w646f6574802ae-0\"  class=\"panel-grid panel-no-style\" ><div id=\"pgc-w646f6574802ae-0-0\"  class=\"panel-grid-cell\" ><div id=\"panel-w646f6574802ae-0-0-0\" class=\"so-panel widget widget_sow-headline panel-first-child panel-last-child\" data-index=\"0\" ><div\n\t\t\t\n\t\t\tclass=\"so-widget-sow-headline so-widget-sow-headline-default-289a86125643 so-widget-fittext-wrapper\"\n\t\t\t data-fit-text-compressor=\"0.85\"\n\t\t><div class=\"sow-headline-container\">\n\t\t\t\t\t\t\t<h2 class=\"sow-headline\">\n\t\t\t\t\t\tFrance (Clermont Ferrand)<br \/>Auto-\u00e9cole ONE WAY\t\t\t\t\t\t<\/h2>\n\t\t\t\t\t\t\t\t\t\t\t\t<p class=\"sow-sub-headline\">\n\t\t\t\t\t\tDossier, Code 24\/24, examen du code, H\u00f4tel, 13h de conduire et examen du permis de conduire + pr\u00e9sentation de cette page et b\u00e9n\u00e9ficier du tout \u00e0 <b>1500\u20ac tout inclus<\/b>\t\t\t\t\t\t<\/p>\n\t\t\t\t\t\t<\/div>\n<\/div><\/div><\/div><\/div><div id=\"pg-w646f6574802ae-1\"  class=\"panel-grid panel-no-style\" ><div id=\"pgc-w646f6574802ae-1-0\"  class=\"panel-grid-cell\" ><div id=\"panel-w646f6574802ae-1-0-0\" class=\"so-panel widget widget_sow-button panel-first-child panel-last-child\" data-index=\"1\" ><div\n\t\t\t\n\t\t\tclass=\"so-widget-sow-button so-widget-sow-button-wire-0a23d7e19674\"\n\t\t\t\n\t\t><div class=\"ow-button-base ow-button-align-left\"\n>\n\t\t\t<a\n\t\t\t\t\thref=\"https:\/\/www.autoecole-oneway.fr\/\"\n\t\t\t\t\tclass=\"sowb-button ow-icon-placement-left ow-button-hover\" target=\"_blank\" rel=\"noopener noreferrer sponsored\" \t>\n\t\t<span>\n\t\t\t\n\t\t\tD\u00e9couvrir le lieu\t\t<\/span>\n\t\t\t<\/a>\n\t<\/div>\n<\/div><\/div><\/div><div id=\"pgc-w646f6574802ae-1-1\"  class=\"panel-grid-cell panel-grid-cell-empty\" ><\/div><div id=\"pgc-w646f6574802ae-1-2\"  class=\"panel-grid-cell panel-grid-cell-empty panel-grid-cell-mobile-last\" ><\/div><div id=\"pgc-w646f6574802ae-1-3\"  class=\"panel-grid-cell panel-grid-cell-empty\" ><\/div><\/div><\/div><\/div><\/div><\/div><div id=\"pgc-462852-3-1\"  class=\"panel-grid-cell\" ><div id=\"panel-462852-3-1-0\" class=\"so-panel widget widget_sow-image panel-first-child panel-last-child\" data-index=\"7\" ><div\n\t\t\t\n\t\t\tclass=\"so-widget-sow-image so-widget-sow-image-default-8b5b6f678277-462852\"\n\t\t\t\n\t\t>\n<div class=\"sow-image-container\">\n\t\t<img \n\tsrc=\"https:\/\/www.reead.com\/fr\/wp-content\/uploads\/2023\/05\/code-promo-auto-ecole.jpg\" width=\"1920\" height=\"1310\" srcset=\"https:\/\/www.reead.com\/fr\/wp-content\/uploads\/2023\/05\/code-promo-auto-ecole.jpg 1920w,  https:\/\/www.reead.com\/fr\/wp-content\/uploads\/2023\/05\/code-promo-auto-ecole-610x416.jpg 610w,  https:\/\/www.reead.com\/fr\/wp-content\/uploads\/2023\/05\/code-promo-auto-ecole-960x655.jpg 960w,  https:\/\/www.reead.com\/fr\/wp-content\/uploads\/2023\/05\/code-promo-auto-ecole-768x524.jpg 768w,  https:\/\/www.reead.com\/fr\/wp-content\/uploads\/2023\/05\/code-promo-auto-ecole-1536x1048.jpg 1536w\" sizes=\"(max-width: 1920px) 100vw, 1920px\" title=\"code promo auto \u00e9cole\" alt=\"code promo auto \u00e9cole\" \t\tclass=\"so-widget-image\"\/>\n\t<\/div>\n\n<\/div><\/div><\/div><\/div><\/div><\/div>","protected":false},"excerpt":{"rendered":"<p>France (Auvergne)D\u00f4me \u00e0 Bulles &#8211; Cabanes &amp; Spa R\u00e9servez votre s\u00e9jour, montrez cette page de Reead.com et recevez sur place une demi-bouteille de champagne ou une bouteille de vin. D\u00e9couvrir le lieu France (Paris)Restaurant Le Loubnane R\u00e9servez votre table, commandez un repas, montrez cette page de Reead.com et recevez sur place un th\u00e9 \u00e0 la menthe chaud gratuit!. D\u00e9couvrir le&#8230;<\/p>","protected":false},"author":1,"featured_media":0,"parent":0,"menu_order":0,"comment_status":"closed","ping_status":"closed","template":"my-templates\/template-fullwidth.php","meta":{"footnotes":""},"class_list":["post-462852","page","type-page","status-publish","hentry"],"yoast_head":"<!-- This site is optimized with the Yoast SEO Premium plugin v27.4 (Yoast SEO v27.4) - https:\/\/yoast.com\/product\/yoast-seo-premium-wordpress\/ -->\n<title>R\u00e9ductions et offres sp\u00e9ciales \u00e0 utiliser en boutiques !<\/title>\n<meta name=\"robots\" content=\"index, follow, max-snippet:-1, max-image-preview:large, max-video-preview:-1\" \/>\n<link rel=\"canonical\" href=\"https:\/\/www.reead.com\/fr\/offres-boutiques\/\" \/>\n<meta property=\"og:locale\" content=\"fr_FR\" \/>\n<meta property=\"og:type\" content=\"article\" \/>\n<meta property=\"og:title\" content=\"Offres en boutiques\" \/>\n<meta property=\"og:description\" content=\"Envie de profiter de r\u00e9ductions et offres sp\u00e9ciales dans des commerces locaux? J&#039;ai pas mal d&#039;offre rien que pour vous !\" \/>\n<meta property=\"og:url\" content=\"https:\/\/www.reead.com\/fr\/offres-boutiques\/\" \/>\n<meta property=\"og:site_name\" content=\"Conseils Voyage, Mode Homme et Lifestyle\" \/>\n<meta property=\"article:publisher\" content=\"https:\/\/www.facebook.com\/welovereead\" \/>\n<meta property=\"article:modified_time\" content=\"2023-05-25T13:41:08+00:00\" \/>\n<meta property=\"og:image\" content=\"https:\/\/www.reead.com\/fr\/wp-content\/uploads\/2017\/11\/comment-faire-des-economies-sur-le-budget-mensuel.jpg\" \/>\n\t<meta property=\"og:image:width\" content=\"1300\" \/>\n\t<meta property=\"og:image:height\" content=\"867\" \/>\n\t<meta property=\"og:image:type\" content=\"image\/jpeg\" \/>\n<meta name=\"twitter:card\" content=\"summary_large_image\" \/>\n<meta name=\"twitter:site\" content=\"@blogdereead\" \/>\n<script type=\"application\/ld+json\" class=\"yoast-schema-graph\">{\"@context\":\"https:\\\/\\\/schema.org\",\"@graph\":[{\"@type\":\"WebPage\",\"@id\":\"https:\\\/\\\/www.reead.com\\\/fr\\\/offres-boutiques\\\/\",\"url\":\"https:\\\/\\\/www.reead.com\\\/fr\\\/offres-boutiques\\\/\",\"name\":\"R\u00e9ductions et offres sp\u00e9ciales \u00e0 utiliser en boutiques !\",\"isPartOf\":{\"@id\":\"https:\\\/\\\/www.reead.com\\\/fr\\\/#website\"},\"datePublished\":\"2023-05-09T16:03:18+00:00\",\"dateModified\":\"2023-05-25T13:41:08+00:00\",\"breadcrumb\":{\"@id\":\"https:\\\/\\\/www.reead.com\\\/fr\\\/offres-boutiques\\\/#breadcrumb\"},\"inLanguage\":\"fr-FR\",\"potentialAction\":[{\"@type\":\"ReadAction\",\"target\":[\"https:\\\/\\\/www.reead.com\\\/fr\\\/offres-boutiques\\\/\"]}]},{\"@type\":\"BreadcrumbList\",\"@id\":\"https:\\\/\\\/www.reead.com\\\/fr\\\/offres-boutiques\\\/#breadcrumb\",\"itemListElement\":[{\"@type\":\"ListItem\",\"position\":1,\"name\":\"Accueil\",\"item\":\"https:\\\/\\\/www.reead.com\\\/fr\\\/\"},{\"@type\":\"ListItem\",\"position\":2,\"name\":\"Offres en boutiques\"}]},{\"@type\":\"WebSite\",\"@id\":\"https:\\\/\\\/www.reead.com\\\/fr\\\/#website\",\"url\":\"https:\\\/\\\/www.reead.com\\\/fr\\\/\",\"name\":\"Reead.com\",\"description\":\"Conseils Voyage, Mode Homme et Lifestyle\",\"publisher\":{\"@id\":\"https:\\\/\\\/www.reead.com\\\/fr\\\/#\\\/schema\\\/person\\\/551a8a4b469ab53c0b48bcd3846fb3c6\"},\"potentialAction\":[{\"@type\":\"SearchAction\",\"target\":{\"@type\":\"EntryPoint\",\"urlTemplate\":\"https:\\\/\\\/www.reead.com\\\/fr\\\/?s={search_term_string}\"},\"query-input\":{\"@type\":\"PropertyValueSpecification\",\"valueRequired\":true,\"valueName\":\"search_term_string\"}}],\"inLanguage\":\"fr-FR\"},{\"@type\":[\"Person\",\"Organization\"],\"@id\":\"https:\\\/\\\/www.reead.com\\\/fr\\\/#\\\/schema\\\/person\\\/551a8a4b469ab53c0b48bcd3846fb3c6\",\"name\":\"Reead\",\"image\":{\"@type\":\"ImageObject\",\"inLanguage\":\"fr-FR\",\"@id\":\"https:\\\/\\\/www.reead.com\\\/fr\\\/wp-content\\\/uploads\\\/2018\\\/12\\\/reead.jpg\",\"url\":\"https:\\\/\\\/www.reead.com\\\/fr\\\/wp-content\\\/uploads\\\/2018\\\/12\\\/reead.jpg\",\"contentUrl\":\"https:\\\/\\\/www.reead.com\\\/fr\\\/wp-content\\\/uploads\\\/2018\\\/12\\\/reead.jpg\",\"width\":900,\"height\":610,\"caption\":\"Reead\"},\"logo\":{\"@id\":\"https:\\\/\\\/www.reead.com\\\/fr\\\/wp-content\\\/uploads\\\/2018\\\/12\\\/reead.jpg\"},\"description\":\"Reead est un blogueur voyage fran\u00e7ais bas\u00e9 \u00e0 Las Vegas et le fondateur de Reead.com, un blog lanc\u00e9 en 2009 consacr\u00e9 aux voyages, aux miles et aux programmes de fid\u00e9lit\u00e9. Sp\u00e9cialis\u00e9 dans les cartes de cr\u00e9dit voyage, les miles et points, ainsi que les programmes comme Flying Blue, American Express Membership Rewards ou les alliances a\u00e9riennes, il partage des strat\u00e9gies concr\u00e8tes pour r\u00e9duire le co\u00fbt des voyages et optimiser les r\u00e9compenses des cartes de cr\u00e9dit. Install\u00e9 aux \u00c9tats-Unis, Reead publie \u00e9galement des guides pour visiter les USA, des analyses de programmes de fid\u00e9lit\u00e9 et des retours d\u2019exp\u00e9rience sur les compagnies a\u00e9riennes, h\u00f4tels et cartes premium. Depuis plus de 15 ans, ses articles aident les voyageurs \u00e0 comprendre les miles, accumuler des points plus rapidement et voyager dans de meilleures conditions pour moins cher. Survivant du cancer, il partage aussi une vision simple : profiter de la vie et explorer le monde intelligemment.\",\"sameAs\":[\"https:\\\/\\\/www.reead.com\\\/fr\\\/\",\"https:\\\/\\\/www.facebook.com\\\/welovereead\",\"https:\\\/\\\/www.instagram.com\\\/reead\\\/?hl=fr\",\"https:\\\/\\\/www.pinterest.com\\\/reead\\\/\",\"https:\\\/\\\/x.com\\\/blogdereead\",\"https:\\\/\\\/www.youtube.com\\\/reead\"],\"gender\":\"homme\",\"knowsAbout\":[\"Voyage\",\"miles et points\"],\"knowsLanguage\":[\"Anglais\",\"Fran\u00e7ais\"],\"publishingPrinciples\":\"https:\\\/\\\/www.reead.com\\\/fr\\\/politique-de-publication\\\/\"}]}<\/script>\n<!-- \/ Yoast SEO Premium plugin. -->","yoast_head_json":{"title":"R\u00e9ductions et offres sp\u00e9ciales \u00e0 utiliser en boutiques !","robots":{"index":"index","follow":"follow","max-snippet":"max-snippet:-1","max-image-preview":"max-image-preview:large","max-video-preview":"max-video-preview:-1"},"canonical":"https:\/\/www.reead.com\/fr\/offres-boutiques\/","og_locale":"fr_FR","og_type":"article","og_title":"Offres en boutiques","og_description":"Envie de profiter de r\u00e9ductions et offres sp\u00e9ciales dans des commerces locaux? J'ai pas mal d'offre rien que pour vous !","og_url":"https:\/\/www.reead.com\/fr\/offres-boutiques\/","og_site_name":"Conseils Voyage, Mode Homme et Lifestyle","article_publisher":"https:\/\/www.facebook.com\/welovereead","article_modified_time":"2023-05-25T13:41:08+00:00","og_image":[{"width":1300,"height":867,"url":"https:\/\/www.reead.com\/fr\/wp-content\/uploads\/2017\/11\/comment-faire-des-economies-sur-le-budget-mensuel.jpg","type":"image\/jpeg"}],"twitter_card":"summary_large_image","twitter_site":"@blogdereead","schema":{"@context":"https:\/\/schema.org","@graph":[{"@type":"WebPage","@id":"https:\/\/www.reead.com\/fr\/offres-boutiques\/","url":"https:\/\/www.reead.com\/fr\/offres-boutiques\/","name":"R\u00e9ductions et offres sp\u00e9ciales \u00e0 utiliser en boutiques !","isPartOf":{"@id":"https:\/\/www.reead.com\/fr\/#website"},"datePublished":"2023-05-09T16:03:18+00:00","dateModified":"2023-05-25T13:41:08+00:00","breadcrumb":{"@id":"https:\/\/www.reead.com\/fr\/offres-boutiques\/#breadcrumb"},"inLanguage":"fr-FR","potentialAction":[{"@type":"ReadAction","target":["https:\/\/www.reead.com\/fr\/offres-boutiques\/"]}]},{"@type":"BreadcrumbList","@id":"https:\/\/www.reead.com\/fr\/offres-boutiques\/#breadcrumb","itemListElement":[{"@type":"ListItem","position":1,"name":"Accueil","item":"https:\/\/www.reead.com\/fr\/"},{"@type":"ListItem","position":2,"name":"Offres en boutiques"}]},{"@type":"WebSite","@id":"https:\/\/www.reead.com\/fr\/#website","url":"https:\/\/www.reead.com\/fr\/","name":"Reead.com","description":"Conseils Voyage, Mode Homme et Lifestyle","publisher":{"@id":"https:\/\/www.reead.com\/fr\/#\/schema\/person\/551a8a4b469ab53c0b48bcd3846fb3c6"},"potentialAction":[{"@type":"SearchAction","target":{"@type":"EntryPoint","urlTemplate":"https:\/\/www.reead.com\/fr\/?s={search_term_string}"},"query-input":{"@type":"PropertyValueSpecification","valueRequired":true,"valueName":"search_term_string"}}],"inLanguage":"fr-FR"},{"@type":["Person","Organization"],"@id":"https:\/\/www.reead.com\/fr\/#\/schema\/person\/551a8a4b469ab53c0b48bcd3846fb3c6","name":"Reead","image":{"@type":"ImageObject","inLanguage":"fr-FR","@id":"https:\/\/www.reead.com\/fr\/wp-content\/uploads\/2018\/12\/reead.jpg","url":"https:\/\/www.reead.com\/fr\/wp-content\/uploads\/2018\/12\/reead.jpg","contentUrl":"https:\/\/www.reead.com\/fr\/wp-content\/uploads\/2018\/12\/reead.jpg","width":900,"height":610,"caption":"Reead"},"logo":{"@id":"https:\/\/www.reead.com\/fr\/wp-content\/uploads\/2018\/12\/reead.jpg"},"description":"Reead est un blogueur voyage fran\u00e7ais bas\u00e9 \u00e0 Las Vegas et le fondateur de Reead.com, un blog lanc\u00e9 en 2009 consacr\u00e9 aux voyages, aux miles et aux programmes de fid\u00e9lit\u00e9. Sp\u00e9cialis\u00e9 dans les cartes de cr\u00e9dit voyage, les miles et points, ainsi que les programmes comme Flying Blue, American Express Membership Rewards ou les alliances a\u00e9riennes, il partage des strat\u00e9gies concr\u00e8tes pour r\u00e9duire le co\u00fbt des voyages et optimiser les r\u00e9compenses des cartes de cr\u00e9dit. Install\u00e9 aux \u00c9tats-Unis, Reead publie \u00e9galement des guides pour visiter les USA, des analyses de programmes de fid\u00e9lit\u00e9 et des retours d\u2019exp\u00e9rience sur les compagnies a\u00e9riennes, h\u00f4tels et cartes premium. Depuis plus de 15 ans, ses articles aident les voyageurs \u00e0 comprendre les miles, accumuler des points plus rapidement et voyager dans de meilleures conditions pour moins cher. Survivant du cancer, il partage aussi une vision simple : profiter de la vie et explorer le monde intelligemment.","sameAs":["https:\/\/www.reead.com\/fr\/","https:\/\/www.facebook.com\/welovereead","https:\/\/www.instagram.com\/reead\/?hl=fr","https:\/\/www.pinterest.com\/reead\/","https:\/\/x.com\/blogdereead","https:\/\/www.youtube.com\/reead"],"gender":"homme","knowsAbout":["Voyage","miles et points"],"knowsLanguage":["Anglais","Fran\u00e7ais"],"publishingPrinciples":"https:\/\/www.reead.com\/fr\/politique-de-publication\/"}]}},"_links":{"self":[{"href":"https:\/\/www.reead.com\/fr\/wp-json\/wp\/v2\/pages\/462852","targetHints":{"allow":["GET"]}}],"collection":[{"href":"https:\/\/www.reead.com\/fr\/wp-json\/wp\/v2\/pages"}],"about":[{"href":"https:\/\/www.reead.com\/fr\/wp-json\/wp\/v2\/types\/page"}],"author":[{"embeddable":true,"href":"https:\/\/www.reead.com\/fr\/wp-json\/wp\/v2\/users\/1"}],"replies":[{"embeddable":true,"href":"https:\/\/www.reead.com\/fr\/wp-json\/wp\/v2\/comments?post=462852"}],"version-history":[{"count":0,"href":"https:\/\/www.reead.com\/fr\/wp-json\/wp\/v2\/pages\/462852\/revisions"}],"wp:attachment":[{"href":"https:\/\/www.reead.com\/fr\/wp-json\/wp\/v2\/media?parent=462852"}],"curies":[{"name":"wp","href":"https:\/\/api.w.org\/{rel}","templated":true}]}}