{"id":451838,"date":"2020-08-21T18:22:31","date_gmt":"2020-08-21T16:22:31","guid":{"rendered":"https:\/\/www.reead.com\/fr\/?page_id=451838"},"modified":"2024-02-20T18:22:14","modified_gmt":"2024-02-20T16:22:14","slug":"guides-voyage","status":"publish","type":"page","link":"https:\/\/www.reead.com\/fr\/guides-voyage\/","title":{"rendered":"Guides Voyage Gratuits !"},"content":{"rendered":"<div id=\"pl-451838\"  class=\"panel-layout\" ><div id=\"pg-451838-0\"  class=\"panel-grid panel-has-style\" ><div class=\"panel-row-style panel-row-style-for-451838-0\" ><div id=\"pgc-451838-0-0\"  class=\"panel-grid-cell\" ><div id=\"panel-451838-0-0-0\" class=\"so-panel widget widget_sow-editor panel-first-child panel-last-child\" data-index=\"0\" ><div\n\t\t\t\n\t\t\tclass=\"so-widget-sow-editor so-widget-sow-editor-base\"\n\t\t\t\n\t\t>\n<div class=\"siteorigin-widget-tinymce textwidget\">\n\t<h2 class=\"p1\">GUIDE VOYAGE NEW YORK \u00c0 T\u00c9L\u00c9CHARGER GRATUITEMENT (28 pages en PDF)<\/h2>\n<p>J'ai r\u00e9dig\u00e9 pour vous un guide de 28 pages \u00e0 t\u00e9l\u00e9charger gratuitement pour pr\u00e9parer au mieux votre premier <a class='wpil_keyword_link' href='https:\/\/www.reead.com\/fr\/voyage\/newyork\/'   title='voyage \u00e0 New York' data-wpil-keyword-link='linked'>voyage \u00e0 New York<\/a> ! Merci qui ?<\/p>\n<p><a class=\"maxbutton-313 maxbutton maxbutton-telechargez-guide-voyage-nyc\" target=\"_blank\" title=\"T\u00e9l\u00e9chargez Guide Voyage NYC\" rel=\"noopener\" href=\"https:\/\/www.reead.com\/fr\/wp-content\/uploads\/2023\/03\/Guide-Voyage-Visiter-New-York-Reead.pdf\" data-mbga=\"{&quot;cat&quot;:&quot;reead&quot;,&quot;action&quot;:&quot;click&quot;,&quot;label&quot;:&quot;guide-nyc&quot;,&quot;value&quot;:0,&quot;noninteraction&quot;:&quot;false&quot;}\"><span class='mb-text' data-nofont>T\u00e9l\u00e9chargez Guide Voyage NYC<\/span><\/a><\/p>\n<\/div>\n<\/div><\/div><\/div><div id=\"pgc-451838-0-1\"  class=\"panel-grid-cell\" ><div id=\"panel-451838-0-1-0\" class=\"so-panel widget widget_sow-image panel-first-child panel-last-child\" data-index=\"1\" ><div\n\t\t\t\n\t\t\tclass=\"so-widget-sow-image so-widget-sow-image-default-8b5b6f678277-451838\"\n\t\t\t\n\t\t>\n<div class=\"sow-image-container\">\n\t\t<img \n\tsrc=\"https:\/\/www.reead.com\/fr\/wp-content\/uploads\/2023\/03\/Guide-Voyage-Visiter-New-York-Reead-1.jpg\" width=\"250\" height=\"386\" sizes=\"(max-width: 250px) 100vw, 250px\" title=\"guide voyage new york gratuit\" alt=\"guide voyage new york gratuit\" \t\tclass=\"so-widget-image\"\/>\n\t<\/div>\n\n<\/div><\/div><\/div><\/div><\/div><div id=\"pg-451838-1\"  class=\"panel-grid panel-has-style\" ><div class=\"panel-row-style panel-row-style-for-451838-1\" ><div id=\"pgc-451838-1-0\"  class=\"panel-grid-cell\" ><div id=\"panel-451838-1-0-0\" class=\"so-panel widget widget_sow-editor panel-first-child panel-last-child\" data-index=\"2\" ><div\n\t\t\t\n\t\t\tclass=\"so-widget-sow-editor so-widget-sow-editor-base\"\n\t\t\t\n\t\t>\n<div class=\"siteorigin-widget-tinymce textwidget\">\n\t<h2 class=\"p1\">GUIDE M\u00c9DICAL \"FRANCOPHONES en vacances AUX \u00c9TATS-UNIS\"<\/h2>\n<p><a href=\"https:\/\/www.reead.com\/fr\/usa\/\" target=\"_blank\" rel=\"noopener noreferrer\">Partir aux USA en vacances<\/a> est g\u00e9nial, mais si un probl\u00e8me de sant\u00e9 vous arrive, cela peut vite tourner au cauchemar, vivant aux \u00c9tats-Unis je peux vous l'assurer, voil\u00e0 pourquoi j'ai r\u00e9alis\u00e9 ce guide PDF \u00e0 t\u00e9l\u00e9charger gratuitement pour vous aider \u00e0 comprendre le syst\u00e8me de sant\u00e9 am\u00e9ricain.<\/p>\n<p><a class=\"maxbutton-254 maxbutton maxbutton-telecharger-gratuitement-ce-guide\" target=\"_blank\" title=\"T\u00e9l\u00e9charger gratuitement ce guide\" rel=\"noopener\" href=\"https:\/\/www.reead.com\/fr\/wp-content\/uploads\/2020\/06\/Guide-Medical-Franco-USA-Reead.pdf\" data-mbga=\"{&quot;cat&quot;:&quot;reead&quot;,&quot;action&quot;:&quot;click&quot;,&quot;label&quot;:&quot;guide_voyage_medical_usa&quot;,&quot;value&quot;:0,&quot;noninteraction&quot;:&quot;false&quot;}\"><span class='mb-text' data-nofont>T\u00e9l\u00e9charger gratuitement ce guide<\/span><\/a><\/p>\n<\/div>\n<\/div><\/div><\/div><div id=\"pgc-451838-1-1\"  class=\"panel-grid-cell\" ><div id=\"panel-451838-1-1-0\" class=\"so-panel widget widget_sow-image panel-first-child panel-last-child\" data-index=\"3\" ><div\n\t\t\t\n\t\t\tclass=\"so-widget-sow-image so-widget-sow-image-default-8b5b6f678277-451838\"\n\t\t\t\n\t\t>\n<div class=\"sow-image-container\">\n\t\t<img \n\tsrc=\"https:\/\/www.reead.com\/fr\/wp-content\/uploads\/2020\/08\/Guide-Medical-Franco-USA-Reead-1.jpg\" width=\"250\" height=\"386\" sizes=\"(max-width: 250px) 100vw, 250px\" title=\"Guide-Medical-Franco-USA&#8212;Reead-1\" alt=\"Guide Medical Gratuit Voyage USA\" \t\tclass=\"so-widget-image\"\/>\n\t<\/div>\n\n<\/div><\/div><\/div><\/div><\/div><div id=\"pg-451838-2\"  class=\"panel-grid panel-has-style\" ><div class=\"panel-row-style panel-row-style-for-451838-2\" ><div id=\"pgc-451838-2-0\"  class=\"panel-grid-cell\" ><div id=\"panel-451838-2-0-0\" class=\"so-panel widget widget_sow-editor panel-first-child panel-last-child\" data-index=\"4\" ><div\n\t\t\t\n\t\t\tclass=\"so-widget-sow-editor so-widget-sow-editor-base\"\n\t\t\t\n\t\t>\n<div class=\"siteorigin-widget-tinymce textwidget\">\n\t<h2 class=\"p1\">GUIDE POUR PARLER ANGLAIS EN VACANCES<\/h2>\n<p>Ne vous privez jamais de partir visiter un pays si vous ne parlez pas la langue! D\u00e9couvrir un pays, sa langue et sa culture sont des choses tr\u00e8s enrichissantes et qui pour moi rendent les vacances encore plus excitantes! Pour vous aider avec les besoins du quotidien, voici un guide \u00e0 t\u00e9l\u00e9charger gratuitement avec les principaux mots et\u00a0 expressions en anglais \u00e0 connaitre.<\/p>\n<p><a class=\"maxbutton-255 maxbutton maxbutton-telecharger-gratuitement-ce-guide\" target=\"_blank\" title=\"T\u00e9l\u00e9charger gratuitement ce guide\" rel=\"noopener\" href=\"https:\/\/www.reead.com\/fr\/wp-content\/uploads\/2020\/08\/Guide-Voyage-Parler-Anglais-Reead.pdf\" data-mbga=\"{&quot;cat&quot;:&quot;reead&quot;,&quot;action&quot;:&quot;click&quot;,&quot;label&quot;:&quot;guide_voyage_parler_anglais&quot;,&quot;value&quot;:0,&quot;noninteraction&quot;:&quot;false&quot;}\"><span class='mb-text' data-nofont>T\u00e9l\u00e9charger gratuitement ce guide<\/span><\/a><\/p>\n<\/div>\n<\/div><\/div><\/div><div id=\"pgc-451838-2-1\"  class=\"panel-grid-cell\" ><div id=\"panel-451838-2-1-0\" class=\"so-panel widget widget_sow-image panel-first-child panel-last-child\" data-index=\"5\" ><div\n\t\t\t\n\t\t\tclass=\"so-widget-sow-image so-widget-sow-image-default-8b5b6f678277-451838\"\n\t\t\t\n\t\t>\n<div class=\"sow-image-container\">\n\t\t<img \n\tsrc=\"https:\/\/www.reead.com\/fr\/wp-content\/uploads\/2020\/08\/Guide-Voyage-Parler-Anglais-Reead-1.jpg\" width=\"250\" height=\"386\" sizes=\"(max-width: 250px) 100vw, 250px\" title=\"Guide-Voyage-Parler-Anglais&#8212;Reead-1\" alt=\"Guide Voyage Gratuit pour parler Anglais\" \t\tclass=\"so-widget-image\"\/>\n\t<\/div>\n\n<\/div><\/div><\/div><\/div><\/div><div id=\"pg-451838-3\"  class=\"panel-grid panel-has-style\" ><div class=\"panel-row-style panel-row-style-for-451838-3\" ><div id=\"pgc-451838-3-0\"  class=\"panel-grid-cell\" ><div id=\"panel-451838-3-0-0\" class=\"so-panel widget widget_sow-editor panel-first-child panel-last-child\" data-index=\"6\" ><div\n\t\t\t\n\t\t\tclass=\"so-widget-sow-editor so-widget-sow-editor-base\"\n\t\t\t\n\t\t>\n<div class=\"siteorigin-widget-tinymce textwidget\">\n\t<h2 class=\"p1\">EXPLORE PAR REEAD - NYC GUIDE (PAYANT) - 19,95\u20ac<\/h2>\n<p>Bienvenue dans mon tout premier guide de voyage, une ode envo\u00fbtante \u00e0 la ville qui ne dort jamais : New York. Que vous soyez un voyageur aguerri \u00e0 la recherche d\u2019une aventure urbaine palpitante ou un r\u00eaveur en qu\u00eate de d\u00e9couvertes, vous \u00eates au bon endroit. En tant que blogger voyage, j\u2019ai beaucoup bourlingu\u00e9, mais aucune ville ne m\u2019a jamais captiv\u00e9e comme New York que j\u2019ai visit\u00e9e plus de 50 fois. \u00c0 vous ce guide de 76 pages !<\/p>\n<p><a class=\"maxbutton-318 maxbutton maxbutton-acheter-sur-amazon-fr\" target=\"_blank\" title=\"Acheter sur Amazon.fr\" rel=\"noopener sponsored\" href=\"https:\/\/www.amazon.fr\/dp\/B0CH2FNR7Y?&amp;_encoding=UTF8&amp;tag=reeadfr-21&amp;linkCode=ur2&amp;linkId=58463ea59474ffc238d8d59b2aa70ad0&amp;camp=1642&amp;creative=6746\" data-mbga=\"{&quot;cat&quot;:&quot;amazonfr&quot;,&quot;action&quot;:&quot;click&quot;,&quot;label&quot;:&quot;guide-nyc-reead&quot;,&quot;value&quot;:0,&quot;noninteraction&quot;:&quot;false&quot;}\"><span class='mb-text' data-nofont>Acheter sur Amazon.fr<\/span><\/a><\/p>\n<\/div>\n<\/div><\/div><\/div><div id=\"pgc-451838-3-1\"  class=\"panel-grid-cell\" ><div id=\"panel-451838-3-1-0\" class=\"so-panel widget widget_sow-image panel-first-child panel-last-child\" data-index=\"7\" ><div\n\t\t\t\n\t\t\tclass=\"so-widget-sow-image so-widget-sow-image-default-8b5b6f678277-451838\"\n\t\t\t\n\t\t>\n<div class=\"sow-image-container\">\n\t\t<img \n\tsrc=\"https:\/\/www.reead.com\/fr\/wp-content\/uploads\/2024\/02\/guide-voyage-new-york.jpg\" width=\"250\" height=\"386\" sizes=\"(max-width: 250px) 100vw, 250px\" alt=\"Guide voyage New York\" \t\tclass=\"so-widget-image\"\/>\n\t<\/div>\n\n<\/div><\/div><\/div><\/div><\/div><div id=\"pg-451838-4\"  class=\"panel-grid panel-has-style\" ><div class=\"panel-row-style panel-row-style-for-451838-4\" ><div id=\"pgc-451838-4-0\"  class=\"panel-grid-cell\" ><div id=\"panel-451838-4-0-0\" class=\"so-panel widget widget_sow-editor panel-first-child panel-last-child\" data-index=\"8\" ><div\n\t\t\t\n\t\t\tclass=\"so-widget-sow-editor so-widget-sow-editor-base\"\n\t\t\t\n\t\t>\n<div class=\"siteorigin-widget-tinymce textwidget\">\n\t<p>D\u00e9couvrez mes bucket list challenges sur New York, San Francisco, <strong><a class=\"wpil_keyword_link\" title=\"Miami\" href=\"https:\/\/www.reead.com\/fr\/voyage\/miami\/\" target=\"_blank\" rel=\"noopener\" data-wpil-keyword-link=\"linked\">Miami<\/a><\/strong>, Montr\u00e9al... \u00e0 t\u00e9l\u00e9charger gratuitement sur la page d\u00e9di\u00e9e, <a href=\"https:\/\/www.reead.com\/fr\/bucket-list-challenge\/\"><strong>cliquez ici<\/strong><\/a> !<\/p>\n<p>Egalement, retrouver tous mes guides gratuits (PDF) et payants (Dispo sur Amazon) sur ma boutique <strong><a href=\"https:\/\/explore.reead.com\/fr\/boutique\/\" target=\"_blank\" rel=\"noopener\">Explore par Reead<\/a><\/strong>.<\/p>\n<\/div>\n<\/div><\/div><\/div><\/div><\/div><\/div>","protected":false},"excerpt":{"rendered":"<p>GUIDE VOYAGE NEW YORK \u00c0 T\u00c9L\u00c9CHARGER GRATUITEMENT (28 pages en PDF) J&rsquo;ai r\u00e9dig\u00e9 pour vous un guide de 28 pages \u00e0 t\u00e9l\u00e9charger gratuitement pour pr\u00e9parer au mieux votre premier voyage \u00e0 New York ! Merci qui ? GUIDE M\u00c9DICAL \u00ab\u00a0FRANCOPHONES en vacances AUX \u00c9TATS-UNIS\u00a0\u00bb Partir aux USA en vacances est g\u00e9nial, mais si un probl\u00e8me de sant\u00e9 vous arrive, cela&#8230;<\/p>","protected":false},"author":1,"featured_media":0,"parent":0,"menu_order":0,"comment_status":"closed","ping_status":"closed","template":"my-templates\/template-fullwidth.php","meta":{"footnotes":""},"class_list":["post-451838","page","type-page","status-publish","hentry"],"yoast_head":"<!-- This site is optimized with the Yoast SEO Premium plugin v27.4 (Yoast SEO v27.4) - https:\/\/yoast.com\/product\/yoast-seo-premium-wordpress\/ -->\n<title>Guides voyage au format PDF \u00e0 t\u00e9l\u00e9charger gratuitement<\/title>\n<meta name=\"description\" content=\"Sur cette page, d\u00e9couvrez tous mes guides voyages \u00e0 t\u00e9l\u00e9charger gratuitement pour vous aider dans l&#039;organisation de vos vacances.\" \/>\n<meta name=\"robots\" content=\"index, follow, max-snippet:-1, max-image-preview:large, max-video-preview:-1\" \/>\n<link rel=\"canonical\" href=\"https:\/\/www.reead.com\/fr\/guides-voyage\/\" \/>\n<meta property=\"og:locale\" content=\"fr_FR\" \/>\n<meta property=\"og:type\" content=\"article\" \/>\n<meta property=\"og:title\" content=\"Guides Voyage Gratuits !\" \/>\n<meta property=\"og:description\" content=\"Sur cette page, d\u00e9couvrez tous mes guides voyages \u00e0 t\u00e9l\u00e9charger gratuitement pour vous aider dans l&#039;organisation de vos vacances.\" \/>\n<meta property=\"og:url\" content=\"https:\/\/www.reead.com\/fr\/guides-voyage\/\" \/>\n<meta property=\"og:site_name\" content=\"Conseils Voyage, Mode Homme et Lifestyle\" \/>\n<meta property=\"article:publisher\" content=\"https:\/\/www.facebook.com\/welovereead\" \/>\n<meta property=\"article:modified_time\" content=\"2024-02-20T16:22:14+00:00\" \/>\n<meta property=\"og:image\" content=\"https:\/\/www.reead.com\/fr\/wp-content\/uploads\/2019\/11\/combien-de-temps-arriver-aeroport.jpg\" \/>\n\t<meta property=\"og:image:width\" content=\"1000\" \/>\n\t<meta property=\"og:image:height\" content=\"729\" \/>\n\t<meta property=\"og:image:type\" content=\"image\/jpeg\" \/>\n<meta name=\"twitter:card\" content=\"summary_large_image\" \/>\n<meta name=\"twitter:site\" content=\"@blogdereead\" \/>\n<script type=\"application\/ld+json\" class=\"yoast-schema-graph\">{\"@context\":\"https:\\\/\\\/schema.org\",\"@graph\":[{\"@type\":\"WebPage\",\"@id\":\"https:\\\/\\\/www.reead.com\\\/fr\\\/guides-voyage\\\/\",\"url\":\"https:\\\/\\\/www.reead.com\\\/fr\\\/guides-voyage\\\/\",\"name\":\"Guides voyage au format PDF \u00e0 t\u00e9l\u00e9charger gratuitement\",\"isPartOf\":{\"@id\":\"https:\\\/\\\/www.reead.com\\\/fr\\\/#website\"},\"datePublished\":\"2020-08-21T16:22:31+00:00\",\"dateModified\":\"2024-02-20T16:22:14+00:00\",\"description\":\"Sur cette page, d\u00e9couvrez tous mes guides voyages \u00e0 t\u00e9l\u00e9charger gratuitement pour vous aider dans l'organisation de vos vacances.\",\"breadcrumb\":{\"@id\":\"https:\\\/\\\/www.reead.com\\\/fr\\\/guides-voyage\\\/#breadcrumb\"},\"inLanguage\":\"fr-FR\",\"potentialAction\":[{\"@type\":\"ReadAction\",\"target\":[\"https:\\\/\\\/www.reead.com\\\/fr\\\/guides-voyage\\\/\"]}]},{\"@type\":\"BreadcrumbList\",\"@id\":\"https:\\\/\\\/www.reead.com\\\/fr\\\/guides-voyage\\\/#breadcrumb\",\"itemListElement\":[{\"@type\":\"ListItem\",\"position\":1,\"name\":\"Accueil\",\"item\":\"https:\\\/\\\/www.reead.com\\\/fr\\\/\"},{\"@type\":\"ListItem\",\"position\":2,\"name\":\"Guides Voyage Gratuits !\"}]},{\"@type\":\"WebSite\",\"@id\":\"https:\\\/\\\/www.reead.com\\\/fr\\\/#website\",\"url\":\"https:\\\/\\\/www.reead.com\\\/fr\\\/\",\"name\":\"Reead.com\",\"description\":\"Conseils Voyage, Mode Homme et Lifestyle\",\"publisher\":{\"@id\":\"https:\\\/\\\/www.reead.com\\\/fr\\\/#\\\/schema\\\/person\\\/551a8a4b469ab53c0b48bcd3846fb3c6\"},\"potentialAction\":[{\"@type\":\"SearchAction\",\"target\":{\"@type\":\"EntryPoint\",\"urlTemplate\":\"https:\\\/\\\/www.reead.com\\\/fr\\\/?s={search_term_string}\"},\"query-input\":{\"@type\":\"PropertyValueSpecification\",\"valueRequired\":true,\"valueName\":\"search_term_string\"}}],\"inLanguage\":\"fr-FR\"},{\"@type\":[\"Person\",\"Organization\"],\"@id\":\"https:\\\/\\\/www.reead.com\\\/fr\\\/#\\\/schema\\\/person\\\/551a8a4b469ab53c0b48bcd3846fb3c6\",\"name\":\"Reead\",\"image\":{\"@type\":\"ImageObject\",\"inLanguage\":\"fr-FR\",\"@id\":\"https:\\\/\\\/www.reead.com\\\/fr\\\/wp-content\\\/uploads\\\/2018\\\/12\\\/reead.jpg\",\"url\":\"https:\\\/\\\/www.reead.com\\\/fr\\\/wp-content\\\/uploads\\\/2018\\\/12\\\/reead.jpg\",\"contentUrl\":\"https:\\\/\\\/www.reead.com\\\/fr\\\/wp-content\\\/uploads\\\/2018\\\/12\\\/reead.jpg\",\"width\":900,\"height\":610,\"caption\":\"Reead\"},\"logo\":{\"@id\":\"https:\\\/\\\/www.reead.com\\\/fr\\\/wp-content\\\/uploads\\\/2018\\\/12\\\/reead.jpg\"},\"description\":\"Reead est un blogueur voyage fran\u00e7ais bas\u00e9 \u00e0 Las Vegas et le fondateur de Reead.com, un blog lanc\u00e9 en 2009 consacr\u00e9 aux voyages, aux miles et aux programmes de fid\u00e9lit\u00e9. Sp\u00e9cialis\u00e9 dans les cartes de cr\u00e9dit voyage, les miles et points, ainsi que les programmes comme Flying Blue, American Express Membership Rewards ou les alliances a\u00e9riennes, il partage des strat\u00e9gies concr\u00e8tes pour r\u00e9duire le co\u00fbt des voyages et optimiser les r\u00e9compenses des cartes de cr\u00e9dit. Install\u00e9 aux \u00c9tats-Unis, Reead publie \u00e9galement des guides pour visiter les USA, des analyses de programmes de fid\u00e9lit\u00e9 et des retours d\u2019exp\u00e9rience sur les compagnies a\u00e9riennes, h\u00f4tels et cartes premium. Depuis plus de 15 ans, ses articles aident les voyageurs \u00e0 comprendre les miles, accumuler des points plus rapidement et voyager dans de meilleures conditions pour moins cher. Survivant du cancer, il partage aussi une vision simple : profiter de la vie et explorer le monde intelligemment.\",\"sameAs\":[\"https:\\\/\\\/www.reead.com\\\/fr\\\/\",\"https:\\\/\\\/www.facebook.com\\\/welovereead\",\"https:\\\/\\\/www.instagram.com\\\/reead\\\/?hl=fr\",\"https:\\\/\\\/www.pinterest.com\\\/reead\\\/\",\"https:\\\/\\\/x.com\\\/blogdereead\",\"https:\\\/\\\/www.youtube.com\\\/reead\"],\"gender\":\"homme\",\"knowsAbout\":[\"Voyage\",\"miles et points\"],\"knowsLanguage\":[\"Anglais\",\"Fran\u00e7ais\"],\"publishingPrinciples\":\"https:\\\/\\\/www.reead.com\\\/fr\\\/politique-de-publication\\\/\"}]}<\/script>\n<!-- \/ Yoast SEO Premium plugin. -->","yoast_head_json":{"title":"Guides voyage au format PDF \u00e0 t\u00e9l\u00e9charger gratuitement","description":"Sur cette page, d\u00e9couvrez tous mes guides voyages \u00e0 t\u00e9l\u00e9charger gratuitement pour vous aider dans l'organisation de vos vacances.","robots":{"index":"index","follow":"follow","max-snippet":"max-snippet:-1","max-image-preview":"max-image-preview:large","max-video-preview":"max-video-preview:-1"},"canonical":"https:\/\/www.reead.com\/fr\/guides-voyage\/","og_locale":"fr_FR","og_type":"article","og_title":"Guides Voyage Gratuits !","og_description":"Sur cette page, d\u00e9couvrez tous mes guides voyages \u00e0 t\u00e9l\u00e9charger gratuitement pour vous aider dans l'organisation de vos vacances.","og_url":"https:\/\/www.reead.com\/fr\/guides-voyage\/","og_site_name":"Conseils Voyage, Mode Homme et Lifestyle","article_publisher":"https:\/\/www.facebook.com\/welovereead","article_modified_time":"2024-02-20T16:22:14+00:00","og_image":[{"width":1000,"height":729,"url":"https:\/\/www.reead.com\/fr\/wp-content\/uploads\/2019\/11\/combien-de-temps-arriver-aeroport.jpg","type":"image\/jpeg"}],"twitter_card":"summary_large_image","twitter_site":"@blogdereead","schema":{"@context":"https:\/\/schema.org","@graph":[{"@type":"WebPage","@id":"https:\/\/www.reead.com\/fr\/guides-voyage\/","url":"https:\/\/www.reead.com\/fr\/guides-voyage\/","name":"Guides voyage au format PDF \u00e0 t\u00e9l\u00e9charger gratuitement","isPartOf":{"@id":"https:\/\/www.reead.com\/fr\/#website"},"datePublished":"2020-08-21T16:22:31+00:00","dateModified":"2024-02-20T16:22:14+00:00","description":"Sur cette page, d\u00e9couvrez tous mes guides voyages \u00e0 t\u00e9l\u00e9charger gratuitement pour vous aider dans l'organisation de vos vacances.","breadcrumb":{"@id":"https:\/\/www.reead.com\/fr\/guides-voyage\/#breadcrumb"},"inLanguage":"fr-FR","potentialAction":[{"@type":"ReadAction","target":["https:\/\/www.reead.com\/fr\/guides-voyage\/"]}]},{"@type":"BreadcrumbList","@id":"https:\/\/www.reead.com\/fr\/guides-voyage\/#breadcrumb","itemListElement":[{"@type":"ListItem","position":1,"name":"Accueil","item":"https:\/\/www.reead.com\/fr\/"},{"@type":"ListItem","position":2,"name":"Guides Voyage Gratuits !"}]},{"@type":"WebSite","@id":"https:\/\/www.reead.com\/fr\/#website","url":"https:\/\/www.reead.com\/fr\/","name":"Reead.com","description":"Conseils Voyage, Mode Homme et Lifestyle","publisher":{"@id":"https:\/\/www.reead.com\/fr\/#\/schema\/person\/551a8a4b469ab53c0b48bcd3846fb3c6"},"potentialAction":[{"@type":"SearchAction","target":{"@type":"EntryPoint","urlTemplate":"https:\/\/www.reead.com\/fr\/?s={search_term_string}"},"query-input":{"@type":"PropertyValueSpecification","valueRequired":true,"valueName":"search_term_string"}}],"inLanguage":"fr-FR"},{"@type":["Person","Organization"],"@id":"https:\/\/www.reead.com\/fr\/#\/schema\/person\/551a8a4b469ab53c0b48bcd3846fb3c6","name":"Reead","image":{"@type":"ImageObject","inLanguage":"fr-FR","@id":"https:\/\/www.reead.com\/fr\/wp-content\/uploads\/2018\/12\/reead.jpg","url":"https:\/\/www.reead.com\/fr\/wp-content\/uploads\/2018\/12\/reead.jpg","contentUrl":"https:\/\/www.reead.com\/fr\/wp-content\/uploads\/2018\/12\/reead.jpg","width":900,"height":610,"caption":"Reead"},"logo":{"@id":"https:\/\/www.reead.com\/fr\/wp-content\/uploads\/2018\/12\/reead.jpg"},"description":"Reead est un blogueur voyage fran\u00e7ais bas\u00e9 \u00e0 Las Vegas et le fondateur de Reead.com, un blog lanc\u00e9 en 2009 consacr\u00e9 aux voyages, aux miles et aux programmes de fid\u00e9lit\u00e9. Sp\u00e9cialis\u00e9 dans les cartes de cr\u00e9dit voyage, les miles et points, ainsi que les programmes comme Flying Blue, American Express Membership Rewards ou les alliances a\u00e9riennes, il partage des strat\u00e9gies concr\u00e8tes pour r\u00e9duire le co\u00fbt des voyages et optimiser les r\u00e9compenses des cartes de cr\u00e9dit. Install\u00e9 aux \u00c9tats-Unis, Reead publie \u00e9galement des guides pour visiter les USA, des analyses de programmes de fid\u00e9lit\u00e9 et des retours d\u2019exp\u00e9rience sur les compagnies a\u00e9riennes, h\u00f4tels et cartes premium. Depuis plus de 15 ans, ses articles aident les voyageurs \u00e0 comprendre les miles, accumuler des points plus rapidement et voyager dans de meilleures conditions pour moins cher. Survivant du cancer, il partage aussi une vision simple : profiter de la vie et explorer le monde intelligemment.","sameAs":["https:\/\/www.reead.com\/fr\/","https:\/\/www.facebook.com\/welovereead","https:\/\/www.instagram.com\/reead\/?hl=fr","https:\/\/www.pinterest.com\/reead\/","https:\/\/x.com\/blogdereead","https:\/\/www.youtube.com\/reead"],"gender":"homme","knowsAbout":["Voyage","miles et points"],"knowsLanguage":["Anglais","Fran\u00e7ais"],"publishingPrinciples":"https:\/\/www.reead.com\/fr\/politique-de-publication\/"}]}},"_links":{"self":[{"href":"https:\/\/www.reead.com\/fr\/wp-json\/wp\/v2\/pages\/451838","targetHints":{"allow":["GET"]}}],"collection":[{"href":"https:\/\/www.reead.com\/fr\/wp-json\/wp\/v2\/pages"}],"about":[{"href":"https:\/\/www.reead.com\/fr\/wp-json\/wp\/v2\/types\/page"}],"author":[{"embeddable":true,"href":"https:\/\/www.reead.com\/fr\/wp-json\/wp\/v2\/users\/1"}],"replies":[{"embeddable":true,"href":"https:\/\/www.reead.com\/fr\/wp-json\/wp\/v2\/comments?post=451838"}],"version-history":[{"count":0,"href":"https:\/\/www.reead.com\/fr\/wp-json\/wp\/v2\/pages\/451838\/revisions"}],"wp:attachment":[{"href":"https:\/\/www.reead.com\/fr\/wp-json\/wp\/v2\/media?parent=451838"}],"curies":[{"name":"wp","href":"https:\/\/api.w.org\/{rel}","templated":true}]}}