{"id":450081,"date":"2020-04-12T01:57:46","date_gmt":"2020-04-11T23:57:46","guid":{"rendered":"https:\/\/www.reead.com\/fr\/?page_id=450081"},"modified":"2024-05-24T01:24:34","modified_gmt":"2024-05-23T23:24:34","slug":"concours-jbl","status":"publish","type":"page","link":"https:\/\/www.reead.com\/fr\/concours\/concours-jbl\/","title":{"rendered":"Concours JBL"},"content":{"rendered":"<style>\n.rafflepress-giveaway-iframe-wrapper iframe {\n\twidth: 1px;\n\tmin-width: 100%;\n\t*width: 100%;\n\t\theight: 600px;\n\t}\n\n.rafflepress_iframe_loading {\n\tbackground-image: url('data:image\/gif;base64,R0lGODlhEAAQAPIAAP\/\/\/wAAAMLCwkJCQgAAAGJiYoKCgpKSkiH\/C05FVFNDQVBFMi4wAwEAAAAh\/hpDcmVhdGVkIHdpdGggYWpheGxvYWQuaW5mbwAh+QQJCgAAACwAAAAAEAAQAAADMwi63P4wyklrE2MIOggZnAdOmGYJRbExwroUmcG2LmDEwnHQLVsYOd2mBzkYDAdKa+dIAAAh+QQJCgAAACwAAAAAEAAQAAADNAi63P5OjCEgG4QMu7DmikRxQlFUYDEZIGBMRVsaqHwctXXf7WEYB4Ag1xjihkMZsiUkKhIAIfkECQoAAAAsAAAAABAAEAAAAzYIujIjK8pByJDMlFYvBoVjHA70GU7xSUJhmKtwHPAKzLO9HMaoKwJZ7Rf8AYPDDzKpZBqfvwQAIfkECQoAAAAsAAAAABAAEAAAAzMIumIlK8oyhpHsnFZfhYumCYUhDAQxRIdhHBGqRoKw0R8DYlJd8z0fMDgsGo\/IpHI5TAAAIfkECQoAAAAsAAAAABAAEAAAAzIIunInK0rnZBTwGPNMgQwmdsNgXGJUlIWEuR5oWUIpz8pAEAMe6TwfwyYsGo\/IpFKSAAAh+QQJCgAAACwAAAAAEAAQAAADMwi6IMKQORfjdOe82p4wGccc4CEuQradylesojEMBgsUc2G7sDX3lQGBMLAJibufbSlKAAAh+QQJCgAAACwAAAAAEAAQAAADMgi63P7wCRHZnFVdmgHu2nFwlWCI3WGc3TSWhUFGxTAUkGCbtgENBMJAEJsxgMLWzpEAACH5BAkKAAAALAAAAAAQABAAAAMyCLrc\/jDKSatlQtScKdceCAjDII7HcQ4EMTCpyrCuUBjCYRgHVtqlAiB1YhiCnlsRkAAAOwAAAAAAAAAAAA==') !important;\n\tbackground-repeat: no-repeat !important;\n\tbackground-position: center 100px !important;\n\theight: 100%;\n}\n<\/style>\n\n\t<div id=\"rafflepress-giveaway-iframe-wrapper-71174231\" class=\"rafflepress-giveaway-iframe-wrapper rafflepress_iframe_loading\"><\/div>\n\n<script>\nfunction rafflepress_getParameterByName(name, url) {\n\t  if (!url) url = window.location.href;\n\t  name = name.replace(\/[\\[\\]]\/g, \"\\\\$&\");\n\t  var regex = new RegExp(\"[?&]\" + name + \"(=([^&#]*)|&|#|$)\"),\n\t\tresults = regex.exec(url);\n\t  if (!results) return \"\";\n\t  if (!results[2]) return \"\";\n\t  return decodeURIComponent(results[2].replace(\/\\+\/g, \" \"));\n}\nfunction insertIframe( ID, src, minHeight) {\n\tvar wrapperID = 'rafflepress-giveaway-iframe-wrapper-'+ID;\n\tvar iframe = document.createElement('iframe');\n\n\tiframe.setAttribute('id', 'rafflepress-'+ID);\n\tiframe.setAttribute('class', 'rafflepress-iframe');\n\tiframe.setAttribute('src', src);\n\tiframe.setAttribute('frameborder', '0');\n\tiframe.setAttribute('scrolling', 'no');\n\tiframe.setAttribute('allowtransparency', 'true');\n\tif (minHeight) {\n\t\tiframe.setAttribute('style', 'min-height:'+minHeight);\n\t}\n\tiframe.setAttribute('onload', 'rafflepress_resize_iframe_'+ID+'(this)');\n\n\tdocument.getElementById(wrapperID).appendChild(iframe);\n}\n\n\/\/ phpcs:disable\ninsertIframe( '71174231','https:\/\/www.reead.com\/fr\/?rafflepress_page=rafflepress_render&rafflepress_id=8&iframe=1&giframe=false&rpr=&parent_url=https%3A%2F%2Fwww.reead.com%2Ffr%2Fwp-json%2Fwp%2Fv2%2Fpages%2F450081&71697&rp-email='+rafflepress_getParameterByName('rp-email',location.href)+'&rp-name='+rafflepress_getParameterByName('rp-name',location.href),'' );\n\/\/ phpcs:enable\n<\/script>\n\n<script>\nfunction rafflepress_resize_iframe_71174231(){\n\tiFrameResize({\n\t\tlog: false,\n\t\tonMessage: function(messageData) {\n\t\t\tif (messageData.message == 'rafflepress_loaded') {\n\t\t\t\tvar el = document.getElementById('rafflepress-giveaway-iframe-wrapper-71174231');\n\t\t\t\tvar className = \"rafflepress_iframe_loading\";\n\t\t\t\tif (el.classList)\n\t\t\t\t\tel.classList.remove(className);\n\t\t\t\telse\n\t\t\t\t\tel.className = el.className.replace(new RegExp('(^|\\\\b)' + className.split(' ').join('|') +\n\t\t\t\t\t\t'(\\\\b|$)', 'gi'), ' ');\n\t\t\t}\n\t\t}\n\t}, '#rafflepress-71174231');\n};\n\n<\/script>","protected":false},"excerpt":{"rendered":"","protected":false},"author":1,"featured_media":0,"parent":12891,"menu_order":0,"comment_status":"closed","ping_status":"closed","template":"","meta":{"footnotes":""},"class_list":["post-450081","page","type-page","status-publish","hentry"],"yoast_head":"<!-- This site is optimized with the Yoast SEO Premium plugin v27.4 (Yoast SEO v27.4) - https:\/\/yoast.com\/product\/yoast-seo-premium-wordpress\/ -->\n<title>Concours JBL<\/title>\n<meta name=\"description\" content=\"Participez \u00e0 mon concours pour tenter de gagner une enceinte portable JBL !\" \/>\n<meta name=\"robots\" content=\"noindex, follow\" \/>\n<meta property=\"og:locale\" content=\"fr_FR\" \/>\n<meta property=\"og:type\" content=\"article\" \/>\n<meta property=\"og:title\" content=\"Concours JBL\" \/>\n<meta property=\"og:description\" content=\"Participez \u00e0 mon concours pour tenter de gagner une enceinte portable JBL !\" \/>\n<meta property=\"og:url\" content=\"https:\/\/www.reead.com\/fr\/concours\/concours-jbl\/\" \/>\n<meta property=\"og:site_name\" content=\"Conseils Voyage, Mode Homme et Lifestyle\" \/>\n<meta property=\"article:publisher\" content=\"https:\/\/www.facebook.com\/welovereead\" \/>\n<meta property=\"article:modified_time\" content=\"2024-05-23T23:24:34+00:00\" \/>\n<meta property=\"og:image\" content=\"https:\/\/www.reead.com\/fr\/wp-content\/uploads\/2014\/07\/jbl.jpg\" \/>\n\t<meta property=\"og:image:width\" content=\"1200\" \/>\n\t<meta property=\"og:image:height\" content=\"768\" \/>\n\t<meta property=\"og:image:type\" content=\"image\/jpeg\" \/>\n<meta name=\"twitter:card\" content=\"summary_large_image\" \/>\n<meta name=\"twitter:site\" content=\"@blogdereead\" \/>\n<script type=\"application\/ld+json\" class=\"yoast-schema-graph\">{\"@context\":\"https:\\\/\\\/schema.org\",\"@graph\":[{\"@type\":\"WebPage\",\"@id\":\"https:\\\/\\\/www.reead.com\\\/fr\\\/concours\\\/concours-jbl\\\/\",\"url\":\"https:\\\/\\\/www.reead.com\\\/fr\\\/concours\\\/concours-jbl\\\/\",\"name\":\"Concours JBL\",\"isPartOf\":{\"@id\":\"https:\\\/\\\/www.reead.com\\\/fr\\\/#website\"},\"datePublished\":\"2020-04-11T23:57:46+00:00\",\"dateModified\":\"2024-05-23T23:24:34+00:00\",\"description\":\"Participez \u00e0 mon concours pour tenter de gagner une enceinte portable JBL !\",\"breadcrumb\":{\"@id\":\"https:\\\/\\\/www.reead.com\\\/fr\\\/concours\\\/concours-jbl\\\/#breadcrumb\"},\"inLanguage\":\"fr-FR\",\"potentialAction\":[{\"@type\":\"ReadAction\",\"target\":[\"https:\\\/\\\/www.reead.com\\\/fr\\\/concours\\\/concours-jbl\\\/\"]}]},{\"@type\":\"BreadcrumbList\",\"@id\":\"https:\\\/\\\/www.reead.com\\\/fr\\\/concours\\\/concours-jbl\\\/#breadcrumb\",\"itemListElement\":[{\"@type\":\"ListItem\",\"position\":1,\"name\":\"Accueil\",\"item\":\"https:\\\/\\\/www.reead.com\\\/fr\\\/\"},{\"@type\":\"ListItem\",\"position\":2,\"name\":\"Concours\",\"item\":\"https:\\\/\\\/www.reead.com\\\/fr\\\/concours\\\/\"},{\"@type\":\"ListItem\",\"position\":3,\"name\":\"Concours JBL\"}]},{\"@type\":\"WebSite\",\"@id\":\"https:\\\/\\\/www.reead.com\\\/fr\\\/#website\",\"url\":\"https:\\\/\\\/www.reead.com\\\/fr\\\/\",\"name\":\"Reead.com\",\"description\":\"Conseils Voyage, Mode Homme et Lifestyle\",\"publisher\":{\"@id\":\"https:\\\/\\\/www.reead.com\\\/fr\\\/#\\\/schema\\\/person\\\/551a8a4b469ab53c0b48bcd3846fb3c6\"},\"potentialAction\":[{\"@type\":\"SearchAction\",\"target\":{\"@type\":\"EntryPoint\",\"urlTemplate\":\"https:\\\/\\\/www.reead.com\\\/fr\\\/?s={search_term_string}\"},\"query-input\":{\"@type\":\"PropertyValueSpecification\",\"valueRequired\":true,\"valueName\":\"search_term_string\"}}],\"inLanguage\":\"fr-FR\"},{\"@type\":[\"Person\",\"Organization\"],\"@id\":\"https:\\\/\\\/www.reead.com\\\/fr\\\/#\\\/schema\\\/person\\\/551a8a4b469ab53c0b48bcd3846fb3c6\",\"name\":\"Reead\",\"image\":{\"@type\":\"ImageObject\",\"inLanguage\":\"fr-FR\",\"@id\":\"https:\\\/\\\/www.reead.com\\\/fr\\\/wp-content\\\/uploads\\\/2018\\\/12\\\/reead.jpg\",\"url\":\"https:\\\/\\\/www.reead.com\\\/fr\\\/wp-content\\\/uploads\\\/2018\\\/12\\\/reead.jpg\",\"contentUrl\":\"https:\\\/\\\/www.reead.com\\\/fr\\\/wp-content\\\/uploads\\\/2018\\\/12\\\/reead.jpg\",\"width\":900,\"height\":610,\"caption\":\"Reead\"},\"logo\":{\"@id\":\"https:\\\/\\\/www.reead.com\\\/fr\\\/wp-content\\\/uploads\\\/2018\\\/12\\\/reead.jpg\"},\"description\":\"Reead est un blogueur voyage fran\u00e7ais bas\u00e9 \u00e0 Las Vegas et le fondateur de Reead.com, un blog lanc\u00e9 en 2009 consacr\u00e9 aux voyages, aux miles et aux programmes de fid\u00e9lit\u00e9. Sp\u00e9cialis\u00e9 dans les cartes de cr\u00e9dit voyage, les miles et points, ainsi que les programmes comme Flying Blue, American Express Membership Rewards ou les alliances a\u00e9riennes, il partage des strat\u00e9gies concr\u00e8tes pour r\u00e9duire le co\u00fbt des voyages et optimiser les r\u00e9compenses des cartes de cr\u00e9dit. Install\u00e9 aux \u00c9tats-Unis, Reead publie \u00e9galement des guides pour visiter les USA, des analyses de programmes de fid\u00e9lit\u00e9 et des retours d\u2019exp\u00e9rience sur les compagnies a\u00e9riennes, h\u00f4tels et cartes premium. Depuis plus de 15 ans, ses articles aident les voyageurs \u00e0 comprendre les miles, accumuler des points plus rapidement et voyager dans de meilleures conditions pour moins cher. Survivant du cancer, il partage aussi une vision simple : profiter de la vie et explorer le monde intelligemment.\",\"sameAs\":[\"https:\\\/\\\/www.reead.com\\\/fr\\\/\",\"https:\\\/\\\/www.facebook.com\\\/welovereead\",\"https:\\\/\\\/www.instagram.com\\\/reead\\\/?hl=fr\",\"https:\\\/\\\/www.pinterest.com\\\/reead\\\/\",\"https:\\\/\\\/x.com\\\/blogdereead\",\"https:\\\/\\\/www.youtube.com\\\/reead\"],\"gender\":\"homme\",\"knowsAbout\":[\"Voyage\",\"miles et points\"],\"knowsLanguage\":[\"Anglais\",\"Fran\u00e7ais\"],\"publishingPrinciples\":\"https:\\\/\\\/www.reead.com\\\/fr\\\/politique-de-publication\\\/\"}]}<\/script>\n<!-- \/ Yoast SEO Premium plugin. -->","yoast_head_json":{"title":"Concours JBL","description":"Participez \u00e0 mon concours pour tenter de gagner une enceinte portable JBL !","robots":{"index":"noindex","follow":"follow"},"og_locale":"fr_FR","og_type":"article","og_title":"Concours JBL","og_description":"Participez \u00e0 mon concours pour tenter de gagner une enceinte portable JBL !","og_url":"https:\/\/www.reead.com\/fr\/concours\/concours-jbl\/","og_site_name":"Conseils Voyage, Mode Homme et Lifestyle","article_publisher":"https:\/\/www.facebook.com\/welovereead","article_modified_time":"2024-05-23T23:24:34+00:00","og_image":[{"width":1200,"height":768,"url":"https:\/\/www.reead.com\/fr\/wp-content\/uploads\/2014\/07\/jbl.jpg","type":"image\/jpeg"}],"twitter_card":"summary_large_image","twitter_site":"@blogdereead","schema":{"@context":"https:\/\/schema.org","@graph":[{"@type":"WebPage","@id":"https:\/\/www.reead.com\/fr\/concours\/concours-jbl\/","url":"https:\/\/www.reead.com\/fr\/concours\/concours-jbl\/","name":"Concours JBL","isPartOf":{"@id":"https:\/\/www.reead.com\/fr\/#website"},"datePublished":"2020-04-11T23:57:46+00:00","dateModified":"2024-05-23T23:24:34+00:00","description":"Participez \u00e0 mon concours pour tenter de gagner une enceinte portable JBL !","breadcrumb":{"@id":"https:\/\/www.reead.com\/fr\/concours\/concours-jbl\/#breadcrumb"},"inLanguage":"fr-FR","potentialAction":[{"@type":"ReadAction","target":["https:\/\/www.reead.com\/fr\/concours\/concours-jbl\/"]}]},{"@type":"BreadcrumbList","@id":"https:\/\/www.reead.com\/fr\/concours\/concours-jbl\/#breadcrumb","itemListElement":[{"@type":"ListItem","position":1,"name":"Accueil","item":"https:\/\/www.reead.com\/fr\/"},{"@type":"ListItem","position":2,"name":"Concours","item":"https:\/\/www.reead.com\/fr\/concours\/"},{"@type":"ListItem","position":3,"name":"Concours JBL"}]},{"@type":"WebSite","@id":"https:\/\/www.reead.com\/fr\/#website","url":"https:\/\/www.reead.com\/fr\/","name":"Reead.com","description":"Conseils Voyage, Mode Homme et Lifestyle","publisher":{"@id":"https:\/\/www.reead.com\/fr\/#\/schema\/person\/551a8a4b469ab53c0b48bcd3846fb3c6"},"potentialAction":[{"@type":"SearchAction","target":{"@type":"EntryPoint","urlTemplate":"https:\/\/www.reead.com\/fr\/?s={search_term_string}"},"query-input":{"@type":"PropertyValueSpecification","valueRequired":true,"valueName":"search_term_string"}}],"inLanguage":"fr-FR"},{"@type":["Person","Organization"],"@id":"https:\/\/www.reead.com\/fr\/#\/schema\/person\/551a8a4b469ab53c0b48bcd3846fb3c6","name":"Reead","image":{"@type":"ImageObject","inLanguage":"fr-FR","@id":"https:\/\/www.reead.com\/fr\/wp-content\/uploads\/2018\/12\/reead.jpg","url":"https:\/\/www.reead.com\/fr\/wp-content\/uploads\/2018\/12\/reead.jpg","contentUrl":"https:\/\/www.reead.com\/fr\/wp-content\/uploads\/2018\/12\/reead.jpg","width":900,"height":610,"caption":"Reead"},"logo":{"@id":"https:\/\/www.reead.com\/fr\/wp-content\/uploads\/2018\/12\/reead.jpg"},"description":"Reead est un blogueur voyage fran\u00e7ais bas\u00e9 \u00e0 Las Vegas et le fondateur de Reead.com, un blog lanc\u00e9 en 2009 consacr\u00e9 aux voyages, aux miles et aux programmes de fid\u00e9lit\u00e9. Sp\u00e9cialis\u00e9 dans les cartes de cr\u00e9dit voyage, les miles et points, ainsi que les programmes comme Flying Blue, American Express Membership Rewards ou les alliances a\u00e9riennes, il partage des strat\u00e9gies concr\u00e8tes pour r\u00e9duire le co\u00fbt des voyages et optimiser les r\u00e9compenses des cartes de cr\u00e9dit. Install\u00e9 aux \u00c9tats-Unis, Reead publie \u00e9galement des guides pour visiter les USA, des analyses de programmes de fid\u00e9lit\u00e9 et des retours d\u2019exp\u00e9rience sur les compagnies a\u00e9riennes, h\u00f4tels et cartes premium. Depuis plus de 15 ans, ses articles aident les voyageurs \u00e0 comprendre les miles, accumuler des points plus rapidement et voyager dans de meilleures conditions pour moins cher. Survivant du cancer, il partage aussi une vision simple : profiter de la vie et explorer le monde intelligemment.","sameAs":["https:\/\/www.reead.com\/fr\/","https:\/\/www.facebook.com\/welovereead","https:\/\/www.instagram.com\/reead\/?hl=fr","https:\/\/www.pinterest.com\/reead\/","https:\/\/x.com\/blogdereead","https:\/\/www.youtube.com\/reead"],"gender":"homme","knowsAbout":["Voyage","miles et points"],"knowsLanguage":["Anglais","Fran\u00e7ais"],"publishingPrinciples":"https:\/\/www.reead.com\/fr\/politique-de-publication\/"}]}},"_links":{"self":[{"href":"https:\/\/www.reead.com\/fr\/wp-json\/wp\/v2\/pages\/450081","targetHints":{"allow":["GET"]}}],"collection":[{"href":"https:\/\/www.reead.com\/fr\/wp-json\/wp\/v2\/pages"}],"about":[{"href":"https:\/\/www.reead.com\/fr\/wp-json\/wp\/v2\/types\/page"}],"author":[{"embeddable":true,"href":"https:\/\/www.reead.com\/fr\/wp-json\/wp\/v2\/users\/1"}],"replies":[{"embeddable":true,"href":"https:\/\/www.reead.com\/fr\/wp-json\/wp\/v2\/comments?post=450081"}],"version-history":[{"count":0,"href":"https:\/\/www.reead.com\/fr\/wp-json\/wp\/v2\/pages\/450081\/revisions"}],"up":[{"embeddable":true,"href":"https:\/\/www.reead.com\/fr\/wp-json\/wp\/v2\/pages\/12891"}],"wp:attachment":[{"href":"https:\/\/www.reead.com\/fr\/wp-json\/wp\/v2\/media?parent=450081"}],"curies":[{"name":"wp","href":"https:\/\/api.w.org\/{rel}","templated":true}]}}