{"id":433444,"date":"2019-12-30T21:32:54","date_gmt":"2019-12-30T19:32:54","guid":{"rendered":"https:\/\/www.reead.com\/fr\/?page_id=433444"},"modified":"2024-05-24T01:30:55","modified_gmt":"2024-05-23T23:30:55","slug":"trousse-de-toilette-avion-twa-hotel","status":"publish","type":"page","link":"https:\/\/www.reead.com\/fr\/concours\/trousse-de-toilette-avion-twa-hotel\/","title":{"rendered":"Concours trousse de toilette avion TWA HOTEL"},"content":{"rendered":"<p><img loading=\"lazy\" decoding=\"async\" class=\"alignnone size-full wp-image-433449\" src=\"https:\/\/www.reead.com\/fr\/wp-content\/uploads\/2019\/12\/trousse-de-toilette-avion-twa.jpg\" alt=\"trousse de toilette avion twa hotel\" width=\"900\" height=\"529\" srcset=\"https:\/\/www.reead.com\/fr\/wp-content\/uploads\/2019\/12\/trousse-de-toilette-avion-twa.jpg 900w,  https:\/\/www.reead.com\/fr\/wp-content\/uploads\/2019\/12\/trousse-de-toilette-avion-twa-610x359.jpg 610w,  https:\/\/www.reead.com\/fr\/wp-content\/uploads\/2019\/12\/trousse-de-toilette-avion-twa-768x451.jpg 768w\" sizes=\"auto, (max-width: 900px) 100vw, 900px\" \/><\/p>\n<p>Pour les fans d&rsquo;avions comme moi, j&rsquo;ai pens\u00e9 \u00e0 un concours original ! Je vous avais pr\u00e9sent\u00e9 <a href=\"https:\/\/www.reead.com\/fr\/twa-hotel-avis-4122182019\/\"><strong>l&rsquo;h\u00f4tel TWA<\/strong><\/a> situ\u00e9 \u00e0 l&rsquo;a\u00e9roport JFK de New York. Cet h\u00f4tel a pris place dans un ancien terminal de l&rsquo;a\u00e9roport pour permettre aux voyageurs de vivre \u00e0 un moment unique et avoir l&rsquo;impression de voyager dans le pass\u00e9. Ce qui m&rsquo;a le plus marqu\u00e9, est la piscine de l&rsquo;h\u00f4tel, situ\u00e9e au dernier \u00e9tage d&rsquo;une des tours, avec une vue incroyable sur les pistes.<\/p>\n<p>Pour vous faire plaisir, j&rsquo;ai pens\u00e9 \u00e0 vous offrir une trousse de toilette TWA que vous pouvez emporter avec vous en cabine qui contient :<\/p>\n<ul>\n<li>Un sac \u00e0 fermeture \u00e9clair blanc<\/li>\n<li>Un shampooing &#8211;\u00a0 35ml<\/li>\n<li>Un revitalisant &#8211; 35ml<\/li>\n<li>Un nettoyant pour le corps &#8211; 35ml<\/li>\n<li>Une lotion &#8211; 35ml<\/li>\n<li>Un fixatif &#8211; 27ml<\/li>\n<li>Un Apr\u00e8s-rasage &#8211; 35ml<\/li>\n<li>Un cas de bandages<\/li>\n<\/ul>\n<p>Comment participer ? C&rsquo;est tr\u00e8s simple ! Remplissez simplement le formulaire ci-dessous (une seule fois par adresse postale sinon vous serez disqualifi\u00e9 du tirage au sort) ! Vous pouvez \u00e9galement partager ce concours avec vos amis sur vos r\u00e9seaux sociaux.<\/p>\n<p>Bonne chance ! Reead<\/p>\n<p><span style=\"color: #ff0000;\"><strong>Concours termin\u00e9 !<\/strong><\/span><\/p>\n<p>Gagnant(e) : Val\u00e9rie S.<\/p>\n<p><script async src=\"\/\/pagead2.googlesyndication.com\/pagead\/js\/adsbygoogle.js\"><\/script><br \/>\n<!-- Reead.com\/fr Page Concour --><br \/>\n<ins class=\"adsbygoogle\" style=\"display: inline-block; width: 300px; height: 250px;\" data-ad-client=\"ca-pub-3306292773299946\" data-ad-slot=\"2415287309\"><\/ins><br \/>\n<script>\n(adsbygoogle = window.adsbygoogle || []).push({});\n<\/script><\/p>\n<h3>R\u00e8gles<\/h3>\n<ul>\n<li>Vous pouvez participer au concours du 30 d\u00e9cembre 2019 au 15 f\u00e9vrier 2020 GMT + 2<\/li>\n<li>Une participation par personne, 18 ans et plus.<\/li>\n<li>Aucun achat n\u00e9cessaire<\/li>\n<li>Pour participer vous devez remplir le formulaire sur cette page<\/li>\n<li>Concours ouvert aux personnes qui r\u00e9sident en France.<\/li>\n<li>Un(e) gagnant(e) d&rsquo;une trousse de toilette avion TWA Hotel d&rsquo;une valeur de 22\u20ac (port inclus)<\/li>\n<li>Je choisirai au hasard l&rsquo;un(e) d&rsquo;entre vous<\/li>\n<li>Le nom du ou de la\u00a0 gagnante sera affich\u00e9 sur cette page<\/li>\n<\/ul>\n<div id=\"31132-28\"><script src=\"\/\/ads.themoneytizer.com\/s\/gen.js?type=28\"><\/script><script src=\"\/\/ads.themoneytizer.com\/s\/requestform.js?siteId=31132&#038;formatId=28\" ><\/script><\/div>","protected":false},"excerpt":{"rendered":"<p>Pour les fans d&rsquo;avions comme moi, j&rsquo;ai pens\u00e9 \u00e0 un concours original ! Je vous avais pr\u00e9sent\u00e9 l&rsquo;h\u00f4tel TWA situ\u00e9 \u00e0 l&rsquo;a\u00e9roport JFK de New York. Cet h\u00f4tel a pris place dans un ancien terminal de l&rsquo;a\u00e9roport pour permettre aux voyageurs de vivre \u00e0 un moment unique et avoir l&rsquo;impression de voyager dans le pass\u00e9. Ce qui m&rsquo;a le plus&#8230;<\/p>","protected":false},"author":1,"featured_media":0,"parent":12891,"menu_order":0,"comment_status":"closed","ping_status":"closed","template":"","meta":{"footnotes":""},"class_list":["post-433444","page","type-page","status-publish","hentry"],"yoast_head":"<!-- This site is optimized with the Yoast SEO Premium plugin v27.4 (Yoast SEO v27.4) - https:\/\/yoast.com\/product\/yoast-seo-premium-wordpress\/ -->\n<title>Concours trousse de toilette avion TWA HOTEL<\/title>\n<meta name=\"description\" content=\"Vous voyagez beaucoup ? Tentez de gagner une trousse de toilette TWA HOTEL que vous pouvez transporter en cabine !\" \/>\n<meta name=\"robots\" content=\"noindex, follow\" \/>\n<meta property=\"og:locale\" content=\"fr_FR\" \/>\n<meta property=\"og:type\" content=\"article\" \/>\n<meta property=\"og:title\" content=\"Concours trousse de toilette avion TWA HOTEL\" \/>\n<meta property=\"og:description\" content=\"Vous voyagez beaucoup ? Tentez de gagner une trousse de toilette TWA HOTEL que vous pouvez transporter en cabine !\" \/>\n<meta property=\"og:url\" content=\"https:\/\/www.reead.com\/fr\/concours\/trousse-de-toilette-avion-twa-hotel\/\" \/>\n<meta property=\"og:site_name\" content=\"Conseils Voyage, Mode Homme et Lifestyle\" \/>\n<meta property=\"article:publisher\" content=\"https:\/\/www.facebook.com\/welovereead\" \/>\n<meta property=\"article:modified_time\" content=\"2024-05-23T23:30:55+00:00\" \/>\n<meta property=\"og:image\" content=\"https:\/\/www.reead.com\/fr\/wp-content\/uploads\/2019\/12\/trousse-de-toilette-avion-twa.jpg\" \/>\n<meta name=\"twitter:card\" content=\"summary_large_image\" \/>\n<meta name=\"twitter:site\" content=\"@blogdereead\" \/>\n<script type=\"application\/ld+json\" class=\"yoast-schema-graph\">{\"@context\":\"https:\\\/\\\/schema.org\",\"@graph\":[{\"@type\":\"WebPage\",\"@id\":\"https:\\\/\\\/www.reead.com\\\/fr\\\/concours\\\/trousse-de-toilette-avion-twa-hotel\\\/\",\"url\":\"https:\\\/\\\/www.reead.com\\\/fr\\\/concours\\\/trousse-de-toilette-avion-twa-hotel\\\/\",\"name\":\"Concours trousse de toilette avion TWA HOTEL\",\"isPartOf\":{\"@id\":\"https:\\\/\\\/www.reead.com\\\/fr\\\/#website\"},\"primaryImageOfPage\":{\"@id\":\"https:\\\/\\\/www.reead.com\\\/fr\\\/concours\\\/trousse-de-toilette-avion-twa-hotel\\\/#primaryimage\"},\"image\":{\"@id\":\"https:\\\/\\\/www.reead.com\\\/fr\\\/concours\\\/trousse-de-toilette-avion-twa-hotel\\\/#primaryimage\"},\"thumbnailUrl\":\"https:\\\/\\\/www.reead.com\\\/fr\\\/wp-content\\\/uploads\\\/2019\\\/12\\\/trousse-de-toilette-avion-twa.jpg\",\"datePublished\":\"2019-12-30T19:32:54+00:00\",\"dateModified\":\"2024-05-23T23:30:55+00:00\",\"description\":\"Vous voyagez beaucoup ? Tentez de gagner une trousse de toilette TWA HOTEL que vous pouvez transporter en cabine !\",\"breadcrumb\":{\"@id\":\"https:\\\/\\\/www.reead.com\\\/fr\\\/concours\\\/trousse-de-toilette-avion-twa-hotel\\\/#breadcrumb\"},\"inLanguage\":\"fr-FR\",\"potentialAction\":[{\"@type\":\"ReadAction\",\"target\":[\"https:\\\/\\\/www.reead.com\\\/fr\\\/concours\\\/trousse-de-toilette-avion-twa-hotel\\\/\"]}]},{\"@type\":\"ImageObject\",\"inLanguage\":\"fr-FR\",\"@id\":\"https:\\\/\\\/www.reead.com\\\/fr\\\/concours\\\/trousse-de-toilette-avion-twa-hotel\\\/#primaryimage\",\"url\":\"https:\\\/\\\/www.reead.com\\\/fr\\\/wp-content\\\/uploads\\\/2019\\\/12\\\/trousse-de-toilette-avion-twa.jpg\",\"contentUrl\":\"https:\\\/\\\/www.reead.com\\\/fr\\\/wp-content\\\/uploads\\\/2019\\\/12\\\/trousse-de-toilette-avion-twa.jpg\",\"width\":900,\"height\":529,\"caption\":\"trousse de toilette avion twa hotel\"},{\"@type\":\"BreadcrumbList\",\"@id\":\"https:\\\/\\\/www.reead.com\\\/fr\\\/concours\\\/trousse-de-toilette-avion-twa-hotel\\\/#breadcrumb\",\"itemListElement\":[{\"@type\":\"ListItem\",\"position\":1,\"name\":\"Accueil\",\"item\":\"https:\\\/\\\/www.reead.com\\\/fr\\\/\"},{\"@type\":\"ListItem\",\"position\":2,\"name\":\"Concours\",\"item\":\"https:\\\/\\\/www.reead.com\\\/fr\\\/concours\\\/\"},{\"@type\":\"ListItem\",\"position\":3,\"name\":\"Concours trousse de toilette avion TWA HOTEL\"}]},{\"@type\":\"WebSite\",\"@id\":\"https:\\\/\\\/www.reead.com\\\/fr\\\/#website\",\"url\":\"https:\\\/\\\/www.reead.com\\\/fr\\\/\",\"name\":\"Reead.com\",\"description\":\"Conseils Voyage, Mode Homme et Lifestyle\",\"publisher\":{\"@id\":\"https:\\\/\\\/www.reead.com\\\/fr\\\/#\\\/schema\\\/person\\\/551a8a4b469ab53c0b48bcd3846fb3c6\"},\"potentialAction\":[{\"@type\":\"SearchAction\",\"target\":{\"@type\":\"EntryPoint\",\"urlTemplate\":\"https:\\\/\\\/www.reead.com\\\/fr\\\/?s={search_term_string}\"},\"query-input\":{\"@type\":\"PropertyValueSpecification\",\"valueRequired\":true,\"valueName\":\"search_term_string\"}}],\"inLanguage\":\"fr-FR\"},{\"@type\":[\"Person\",\"Organization\"],\"@id\":\"https:\\\/\\\/www.reead.com\\\/fr\\\/#\\\/schema\\\/person\\\/551a8a4b469ab53c0b48bcd3846fb3c6\",\"name\":\"Reead\",\"image\":{\"@type\":\"ImageObject\",\"inLanguage\":\"fr-FR\",\"@id\":\"https:\\\/\\\/www.reead.com\\\/fr\\\/wp-content\\\/uploads\\\/2018\\\/12\\\/reead.jpg\",\"url\":\"https:\\\/\\\/www.reead.com\\\/fr\\\/wp-content\\\/uploads\\\/2018\\\/12\\\/reead.jpg\",\"contentUrl\":\"https:\\\/\\\/www.reead.com\\\/fr\\\/wp-content\\\/uploads\\\/2018\\\/12\\\/reead.jpg\",\"width\":900,\"height\":610,\"caption\":\"Reead\"},\"logo\":{\"@id\":\"https:\\\/\\\/www.reead.com\\\/fr\\\/wp-content\\\/uploads\\\/2018\\\/12\\\/reead.jpg\"},\"description\":\"Reead est un blogueur voyage fran\u00e7ais bas\u00e9 \u00e0 Las Vegas et le fondateur de Reead.com, un blog lanc\u00e9 en 2009 consacr\u00e9 aux voyages, aux miles et aux programmes de fid\u00e9lit\u00e9. Sp\u00e9cialis\u00e9 dans les cartes de cr\u00e9dit voyage, les miles et points, ainsi que les programmes comme Flying Blue, American Express Membership Rewards ou les alliances a\u00e9riennes, il partage des strat\u00e9gies concr\u00e8tes pour r\u00e9duire le co\u00fbt des voyages et optimiser les r\u00e9compenses des cartes de cr\u00e9dit. Install\u00e9 aux \u00c9tats-Unis, Reead publie \u00e9galement des guides pour visiter les USA, des analyses de programmes de fid\u00e9lit\u00e9 et des retours d\u2019exp\u00e9rience sur les compagnies a\u00e9riennes, h\u00f4tels et cartes premium. Depuis plus de 15 ans, ses articles aident les voyageurs \u00e0 comprendre les miles, accumuler des points plus rapidement et voyager dans de meilleures conditions pour moins cher. Survivant du cancer, il partage aussi une vision simple : profiter de la vie et explorer le monde intelligemment.\",\"sameAs\":[\"https:\\\/\\\/www.reead.com\\\/fr\\\/\",\"https:\\\/\\\/www.facebook.com\\\/welovereead\",\"https:\\\/\\\/www.instagram.com\\\/reead\\\/?hl=fr\",\"https:\\\/\\\/www.pinterest.com\\\/reead\\\/\",\"https:\\\/\\\/x.com\\\/blogdereead\",\"https:\\\/\\\/www.youtube.com\\\/reead\"],\"gender\":\"homme\",\"knowsAbout\":[\"Voyage\",\"miles et points\"],\"knowsLanguage\":[\"Anglais\",\"Fran\u00e7ais\"],\"publishingPrinciples\":\"https:\\\/\\\/www.reead.com\\\/fr\\\/politique-de-publication\\\/\"}]}<\/script>\n<!-- \/ Yoast SEO Premium plugin. -->","yoast_head_json":{"title":"Concours trousse de toilette avion TWA HOTEL","description":"Vous voyagez beaucoup ? Tentez de gagner une trousse de toilette TWA HOTEL que vous pouvez transporter en cabine !","robots":{"index":"noindex","follow":"follow"},"og_locale":"fr_FR","og_type":"article","og_title":"Concours trousse de toilette avion TWA HOTEL","og_description":"Vous voyagez beaucoup ? Tentez de gagner une trousse de toilette TWA HOTEL que vous pouvez transporter en cabine !","og_url":"https:\/\/www.reead.com\/fr\/concours\/trousse-de-toilette-avion-twa-hotel\/","og_site_name":"Conseils Voyage, Mode Homme et Lifestyle","article_publisher":"https:\/\/www.facebook.com\/welovereead","article_modified_time":"2024-05-23T23:30:55+00:00","og_image":[{"url":"https:\/\/www.reead.com\/fr\/wp-content\/uploads\/2019\/12\/trousse-de-toilette-avion-twa.jpg","type":"","width":"","height":""}],"twitter_card":"summary_large_image","twitter_site":"@blogdereead","schema":{"@context":"https:\/\/schema.org","@graph":[{"@type":"WebPage","@id":"https:\/\/www.reead.com\/fr\/concours\/trousse-de-toilette-avion-twa-hotel\/","url":"https:\/\/www.reead.com\/fr\/concours\/trousse-de-toilette-avion-twa-hotel\/","name":"Concours trousse de toilette avion TWA HOTEL","isPartOf":{"@id":"https:\/\/www.reead.com\/fr\/#website"},"primaryImageOfPage":{"@id":"https:\/\/www.reead.com\/fr\/concours\/trousse-de-toilette-avion-twa-hotel\/#primaryimage"},"image":{"@id":"https:\/\/www.reead.com\/fr\/concours\/trousse-de-toilette-avion-twa-hotel\/#primaryimage"},"thumbnailUrl":"https:\/\/www.reead.com\/fr\/wp-content\/uploads\/2019\/12\/trousse-de-toilette-avion-twa.jpg","datePublished":"2019-12-30T19:32:54+00:00","dateModified":"2024-05-23T23:30:55+00:00","description":"Vous voyagez beaucoup ? Tentez de gagner une trousse de toilette TWA HOTEL que vous pouvez transporter en cabine !","breadcrumb":{"@id":"https:\/\/www.reead.com\/fr\/concours\/trousse-de-toilette-avion-twa-hotel\/#breadcrumb"},"inLanguage":"fr-FR","potentialAction":[{"@type":"ReadAction","target":["https:\/\/www.reead.com\/fr\/concours\/trousse-de-toilette-avion-twa-hotel\/"]}]},{"@type":"ImageObject","inLanguage":"fr-FR","@id":"https:\/\/www.reead.com\/fr\/concours\/trousse-de-toilette-avion-twa-hotel\/#primaryimage","url":"https:\/\/www.reead.com\/fr\/wp-content\/uploads\/2019\/12\/trousse-de-toilette-avion-twa.jpg","contentUrl":"https:\/\/www.reead.com\/fr\/wp-content\/uploads\/2019\/12\/trousse-de-toilette-avion-twa.jpg","width":900,"height":529,"caption":"trousse de toilette avion twa hotel"},{"@type":"BreadcrumbList","@id":"https:\/\/www.reead.com\/fr\/concours\/trousse-de-toilette-avion-twa-hotel\/#breadcrumb","itemListElement":[{"@type":"ListItem","position":1,"name":"Accueil","item":"https:\/\/www.reead.com\/fr\/"},{"@type":"ListItem","position":2,"name":"Concours","item":"https:\/\/www.reead.com\/fr\/concours\/"},{"@type":"ListItem","position":3,"name":"Concours trousse de toilette avion TWA HOTEL"}]},{"@type":"WebSite","@id":"https:\/\/www.reead.com\/fr\/#website","url":"https:\/\/www.reead.com\/fr\/","name":"Reead.com","description":"Conseils Voyage, Mode Homme et Lifestyle","publisher":{"@id":"https:\/\/www.reead.com\/fr\/#\/schema\/person\/551a8a4b469ab53c0b48bcd3846fb3c6"},"potentialAction":[{"@type":"SearchAction","target":{"@type":"EntryPoint","urlTemplate":"https:\/\/www.reead.com\/fr\/?s={search_term_string}"},"query-input":{"@type":"PropertyValueSpecification","valueRequired":true,"valueName":"search_term_string"}}],"inLanguage":"fr-FR"},{"@type":["Person","Organization"],"@id":"https:\/\/www.reead.com\/fr\/#\/schema\/person\/551a8a4b469ab53c0b48bcd3846fb3c6","name":"Reead","image":{"@type":"ImageObject","inLanguage":"fr-FR","@id":"https:\/\/www.reead.com\/fr\/wp-content\/uploads\/2018\/12\/reead.jpg","url":"https:\/\/www.reead.com\/fr\/wp-content\/uploads\/2018\/12\/reead.jpg","contentUrl":"https:\/\/www.reead.com\/fr\/wp-content\/uploads\/2018\/12\/reead.jpg","width":900,"height":610,"caption":"Reead"},"logo":{"@id":"https:\/\/www.reead.com\/fr\/wp-content\/uploads\/2018\/12\/reead.jpg"},"description":"Reead est un blogueur voyage fran\u00e7ais bas\u00e9 \u00e0 Las Vegas et le fondateur de Reead.com, un blog lanc\u00e9 en 2009 consacr\u00e9 aux voyages, aux miles et aux programmes de fid\u00e9lit\u00e9. Sp\u00e9cialis\u00e9 dans les cartes de cr\u00e9dit voyage, les miles et points, ainsi que les programmes comme Flying Blue, American Express Membership Rewards ou les alliances a\u00e9riennes, il partage des strat\u00e9gies concr\u00e8tes pour r\u00e9duire le co\u00fbt des voyages et optimiser les r\u00e9compenses des cartes de cr\u00e9dit. Install\u00e9 aux \u00c9tats-Unis, Reead publie \u00e9galement des guides pour visiter les USA, des analyses de programmes de fid\u00e9lit\u00e9 et des retours d\u2019exp\u00e9rience sur les compagnies a\u00e9riennes, h\u00f4tels et cartes premium. Depuis plus de 15 ans, ses articles aident les voyageurs \u00e0 comprendre les miles, accumuler des points plus rapidement et voyager dans de meilleures conditions pour moins cher. Survivant du cancer, il partage aussi une vision simple : profiter de la vie et explorer le monde intelligemment.","sameAs":["https:\/\/www.reead.com\/fr\/","https:\/\/www.facebook.com\/welovereead","https:\/\/www.instagram.com\/reead\/?hl=fr","https:\/\/www.pinterest.com\/reead\/","https:\/\/x.com\/blogdereead","https:\/\/www.youtube.com\/reead"],"gender":"homme","knowsAbout":["Voyage","miles et points"],"knowsLanguage":["Anglais","Fran\u00e7ais"],"publishingPrinciples":"https:\/\/www.reead.com\/fr\/politique-de-publication\/"}]}},"_links":{"self":[{"href":"https:\/\/www.reead.com\/fr\/wp-json\/wp\/v2\/pages\/433444","targetHints":{"allow":["GET"]}}],"collection":[{"href":"https:\/\/www.reead.com\/fr\/wp-json\/wp\/v2\/pages"}],"about":[{"href":"https:\/\/www.reead.com\/fr\/wp-json\/wp\/v2\/types\/page"}],"author":[{"embeddable":true,"href":"https:\/\/www.reead.com\/fr\/wp-json\/wp\/v2\/users\/1"}],"replies":[{"embeddable":true,"href":"https:\/\/www.reead.com\/fr\/wp-json\/wp\/v2\/comments?post=433444"}],"version-history":[{"count":0,"href":"https:\/\/www.reead.com\/fr\/wp-json\/wp\/v2\/pages\/433444\/revisions"}],"up":[{"embeddable":true,"href":"https:\/\/www.reead.com\/fr\/wp-json\/wp\/v2\/pages\/12891"}],"wp:attachment":[{"href":"https:\/\/www.reead.com\/fr\/wp-json\/wp\/v2\/media?parent=433444"}],"curies":[{"name":"wp","href":"https:\/\/api.w.org\/{rel}","templated":true}]}}