{"id":412679,"date":"2019-10-23T19:51:02","date_gmt":"2019-10-23T17:51:02","guid":{"rendered":"https:\/\/www.reead.com\/fr\/?page_id=412679"},"modified":"2026-04-06T00:07:45","modified_gmt":"2026-04-05T22:07:45","slug":"a-propos","status":"publish","type":"page","link":"https:\/\/www.reead.com\/fr\/a-propos\/","title":{"rendered":"\u00c0 propos"},"content":{"rendered":"<p><img loading=\"lazy\" decoding=\"async\" class=\"alignnone size-full wp-image-413248\" src=\"https:\/\/www.reead.com\/fr\/wp-content\/uploads\/2019\/10\/reead.jpg\" alt=\"reead\" width=\"1000\" height=\"750\" srcset=\"https:\/\/www.reead.com\/fr\/wp-content\/uploads\/2019\/10\/reead.jpg 1000w,  https:\/\/www.reead.com\/fr\/wp-content\/uploads\/2019\/10\/reead-610x458.jpg 610w,  https:\/\/www.reead.com\/fr\/wp-content\/uploads\/2019\/10\/reead-768x576.jpg 768w,  https:\/\/www.reead.com\/fr\/wp-content\/uploads\/2019\/10\/reead-960x720.jpg 960w\" sizes=\"auto, (max-width: 1000px) 100vw, 1000px\" \/><\/p>\n<p>Si vous \u00eates sur cette page, c&rsquo;est que vous aimez trouver des <strong>bons plans voyage sur les USA et la France<\/strong>, des <strong>conseils en mode<\/strong> (pour hommes uniquement haha) et d\u00e9couvrir des nouveaut\u00e9s lifestyle pour toutes et tous.<\/p>\n<blockquote><p>Oui je m&rsquo;appelle Reead, comme le nom de mon site !<\/p><\/blockquote>\n<p><strong>17 ans<\/strong> apr\u00e8s avoir lanc\u00e9 mon site, je me suis rendu compte que je n&rsquo;avais m\u00eame pas de page \u00ab\u00a0\u00c0 propos\u00a0\u00bb&#8230; pourtant il est important que je vous explique qui je suis.<\/p>\n<p>Entre ma vie professionelle, ma vie de blogger voyage, blogueur lifestyle et pseudo influenceurs sur Instagram. Je dis pseudo car je n&rsquo;aime pas ce r\u00e9seau social, enfin surtout comment il rend les gens totalement superficiels.<\/p>\n<p>Tous ces influenceurs qui veulent nous forcer \u00e0 acheter, acheter et encore acheter une s\u00e9rie de conneries&#8230; je ne me sens pas du tout li\u00e9 \u00e0 cela.<\/p>\n<p>J&rsquo;ai pass\u00e9 une grande <a href=\"https:\/\/www.reead.com\/fr\/10-choses-tarriveront-probablement-partant-a-letranger-108062016\/\" target=\"_blank\" rel=\"noopener\">partie de ma vie \u00e0 d\u00e9couvrir et choses<\/a> et les partager avec mes lectrices et lecteurs, tout en leur faisant assez confiance pour ce faire un point de vue par eux-m\u00eame ! Et quand je vois vos emails, vos messages sur les r\u00e9seaux sociaux, mon audience qui continue de se d\u00e9velopper, vous me donner l&rsquo;envie, et la force de continuer \u00e0 \u00e9crire, faire des photos, et parfois des vid\u00e9os (je suis tr\u00e8s mauvais dans cet exercice, mais j&rsquo;apprends).<\/p>\n<h2>Ma personnalit\u00e9<\/h2>\n<p>Bref, j&rsquo;aimerais partager avec vous un peu plus sur moi, alors j&rsquo;ai list\u00e9 les mots qui comptent le plus pour moi, en ajoutant \u00e0 chaque fois ce qu&rsquo;il signifie, ou mon exp\u00e9rience.<\/p>\n<h3>L&rsquo;amour<\/h3>\n<p>On comprend tout le sens de ce mot, le jour o\u00f9 l&rsquo;on trouve la force de laisser partir la personne qu&rsquo;on aime le plus au monde pour la laisser \u00eatre plus heureuse ailleurs, sans ne plus jamais rien dire&#8230;<\/p>\n<h3>La constance<\/h3>\n<p>Tout est fait dans ce monde pour nous d\u00e9courager, perturber, influencer, il est important de garder le cap, peu importe les difficult\u00e9s et doutes.<\/p>\n<blockquote><p>Je suis un fan et admirateur inconditionnel de Madonna<\/p><\/blockquote>\n<h3>(Im)Possible<\/h3>\n<p>J&rsquo;ai toujours trouv\u00e9 ce mon con, apr\u00e8s tout, il contient le mot \u00ab\u00a0possible\u00a0\u00bb !<\/p>\n<h3>Mon cancer de la thyro\u00efde<\/h3>\n<p>2011, mon monde s&rsquo;effondre, je ne sais pas ce qu&rsquo;il m&rsquo;arrive, je ne sais pas comment faire face, le mot cancer me traumatise. Mais \u00e9tape par \u00e9tape, j&rsquo;apprends, je me rel\u00e8ve, plus fort que jamais. Si vous voulez en savoir plus, lisez mes articles sur mon <a href=\"https:\/\/www.reead.com\/fr\/cancer-thyroide\/\" target=\"_blank\" rel=\"noopener\"><strong>cancer de la thyro\u00efde<\/strong><\/a>.<\/p>\n<h3>Ma vie aux USA<\/h3>\n<p>Totalement improbable, non pr\u00e9vu, mais probablement l&rsquo;exp\u00e9rience la plus folle de ma vie ! Vous le remarquerez avec tous les articles que je vous r\u00e9dige pour vous donner des conseils pour votre <a href=\"https:\/\/www.reead.com\/fr\/usa\/\" target=\"_blank\" rel=\"noopener\"><strong>s\u00e9jour aux USA<\/strong><\/a>.<\/p>\n<h2>Reead dans les m\u00e9dias<\/h2>\n<ul>\n<li>Interview sur <strong>RTL<\/strong> dans l&rsquo;\u00e9mission de Flavie Flamant, September 2018<\/li>\n<li>Interview sur <strong>France Bleue<\/strong> dans la matinale de Romain Ambro, Ao\u00fbt 2018<\/li>\n<li>Chronique dans le magazine <strong>CAPITAL<\/strong> Hors S\u00e9rie &#8211; \u00c9t\u00e9 2018, juin 2018<\/li>\n<li>Chroniqueur sur le site de Radio FG<\/li>\n<\/ul>","protected":false},"excerpt":{"rendered":"<p>Si vous \u00eates sur cette page, c&rsquo;est que vous aimez trouver des bons plans voyage sur les USA et la France, des conseils en mode (pour hommes uniquement haha) et d\u00e9couvrir des nouveaut\u00e9s lifestyle pour toutes et tous. Oui je m&rsquo;appelle Reead, comme le nom de mon site ! 17 ans apr\u00e8s avoir lanc\u00e9 mon site, je me suis rendu&#8230;<\/p>","protected":false},"author":1,"featured_media":0,"parent":0,"menu_order":0,"comment_status":"closed","ping_status":"closed","template":"","meta":{"footnotes":""},"class_list":["post-412679","page","type-page","status-publish","hentry"],"yoast_head":"<!-- This site is optimized with the Yoast SEO Premium plugin v27.2 (Yoast SEO v27.2) - https:\/\/yoast.com\/product\/yoast-seo-premium-wordpress\/ -->\n<title>\u00c0 propos: Qui est donc ce Reead ? Influenceur homme<\/title>\n<meta name=\"description\" content=\"Comme il faut une page &quot;\u00e0 propos&quot;, je vais jouer le jeu et partager avec vous un peu de moi et de ce qui fait ma vie d&#039;influenceur mode et voyage.\" \/>\n<meta name=\"robots\" content=\"index, follow, max-snippet:-1, max-image-preview:large, max-video-preview:-1\" \/>\n<link rel=\"canonical\" href=\"https:\/\/www.reead.com\/fr\/a-propos\/\" \/>\n<meta property=\"og:locale\" content=\"fr_FR\" \/>\n<meta property=\"og:type\" content=\"article\" \/>\n<meta property=\"og:title\" content=\"\u00c0 propos\" \/>\n<meta property=\"og:description\" content=\"Comme il faut une page &quot;\u00e0 propos&quot;, je vais jouer le jeu et partager avec vous un peu de moi et de ce qui fait ma vie d&#039;influenceur mode et voyage.\" \/>\n<meta property=\"og:url\" content=\"https:\/\/www.reead.com\/fr\/a-propos\/\" \/>\n<meta property=\"og:site_name\" content=\"Conseils Voyage, Mode Homme et Lifestyle\" \/>\n<meta property=\"article:publisher\" content=\"https:\/\/www.facebook.com\/welovereead\" \/>\n<meta property=\"article:modified_time\" content=\"2026-04-05T22:07:45+00:00\" \/>\n<meta property=\"og:image\" content=\"https:\/\/www.reead.com\/fr\/wp-content\/uploads\/2019\/10\/reead.jpg\" \/>\n\t<meta property=\"og:image:width\" content=\"1000\" \/>\n\t<meta property=\"og:image:height\" content=\"750\" \/>\n\t<meta property=\"og:image:type\" content=\"image\/jpeg\" \/>\n<meta name=\"twitter:card\" content=\"summary_large_image\" \/>\n<meta name=\"twitter:site\" content=\"@blogdereead\" \/>\n<script type=\"application\/ld+json\" class=\"yoast-schema-graph\">{\"@context\":\"https:\/\/schema.org\",\"@graph\":[{\"@type\":[\"WebPage\",\"AboutPage\"],\"@id\":\"https:\/\/www.reead.com\/fr\/a-propos\/\",\"url\":\"https:\/\/www.reead.com\/fr\/a-propos\/\",\"name\":\"\u00c0 propos: Qui est donc ce Reead ? Influenceur homme\",\"isPartOf\":{\"@id\":\"https:\/\/www.reead.com\/fr\/#website\"},\"primaryImageOfPage\":{\"@id\":\"https:\/\/www.reead.com\/fr\/a-propos\/#primaryimage\"},\"image\":{\"@id\":\"https:\/\/www.reead.com\/fr\/a-propos\/#primaryimage\"},\"thumbnailUrl\":\"https:\/\/www.reead.com\/fr\/wp-content\/uploads\/2019\/10\/reead.jpg\",\"datePublished\":\"2019-10-23T17:51:02+00:00\",\"dateModified\":\"2026-04-05T22:07:45+00:00\",\"description\":\"Comme il faut une page \\\"\u00e0 propos\\\", je vais jouer le jeu et partager avec vous un peu de moi et de ce qui fait ma vie d'influenceur mode et voyage.\",\"breadcrumb\":{\"@id\":\"https:\/\/www.reead.com\/fr\/a-propos\/#breadcrumb\"},\"inLanguage\":\"fr-FR\",\"potentialAction\":[{\"@type\":\"ReadAction\",\"target\":[\"https:\/\/www.reead.com\/fr\/a-propos\/\"]}]},{\"@type\":\"ImageObject\",\"inLanguage\":\"fr-FR\",\"@id\":\"https:\/\/www.reead.com\/fr\/a-propos\/#primaryimage\",\"url\":\"https:\/\/www.reead.com\/fr\/wp-content\/uploads\/2019\/10\/reead.jpg\",\"contentUrl\":\"https:\/\/www.reead.com\/fr\/wp-content\/uploads\/2019\/10\/reead.jpg\",\"width\":1000,\"height\":750,\"caption\":\"reead\"},{\"@type\":\"BreadcrumbList\",\"@id\":\"https:\/\/www.reead.com\/fr\/a-propos\/#breadcrumb\",\"itemListElement\":[{\"@type\":\"ListItem\",\"position\":1,\"name\":\"Accueil\",\"item\":\"https:\/\/www.reead.com\/fr\/\"},{\"@type\":\"ListItem\",\"position\":2,\"name\":\"\u00c0 propos\"}]},{\"@type\":\"WebSite\",\"@id\":\"https:\/\/www.reead.com\/fr\/#website\",\"url\":\"https:\/\/www.reead.com\/fr\/\",\"name\":\"Reead.com\",\"description\":\"Conseils Voyage, Mode Homme et Lifestyle\",\"publisher\":{\"@id\":\"https:\/\/www.reead.com\/fr\/#\/schema\/person\/551a8a4b469ab53c0b48bcd3846fb3c6\"},\"potentialAction\":[{\"@type\":\"SearchAction\",\"target\":{\"@type\":\"EntryPoint\",\"urlTemplate\":\"https:\/\/www.reead.com\/fr\/?s={search_term_string}\"},\"query-input\":{\"@type\":\"PropertyValueSpecification\",\"valueRequired\":true,\"valueName\":\"search_term_string\"}}],\"inLanguage\":\"fr-FR\"},{\"@type\":[\"Person\",\"Organization\"],\"@id\":\"https:\/\/www.reead.com\/fr\/#\/schema\/person\/551a8a4b469ab53c0b48bcd3846fb3c6\",\"name\":\"Reead\",\"image\":{\"@type\":\"ImageObject\",\"inLanguage\":\"fr-FR\",\"@id\":\"https:\/\/www.reead.com\/fr\/wp-content\/uploads\/2018\/12\/reead.jpg\",\"url\":\"https:\/\/www.reead.com\/fr\/wp-content\/uploads\/2018\/12\/reead.jpg\",\"contentUrl\":\"https:\/\/www.reead.com\/fr\/wp-content\/uploads\/2018\/12\/reead.jpg\",\"width\":900,\"height\":610,\"caption\":\"Reead\"},\"logo\":{\"@id\":\"https:\/\/www.reead.com\/fr\/wp-content\/uploads\/2018\/12\/reead.jpg\"},\"description\":\"Reead est un blogueur voyage fran\u00e7ais bas\u00e9 \u00e0 Las Vegas et le fondateur de Reead.com, un blog lanc\u00e9 en 2009 consacr\u00e9 aux voyages, aux miles et aux programmes de fid\u00e9lit\u00e9. Sp\u00e9cialis\u00e9 dans les cartes de cr\u00e9dit voyage, les miles et points, ainsi que les programmes comme Flying Blue, American Express Membership Rewards ou les alliances a\u00e9riennes, il partage des strat\u00e9gies concr\u00e8tes pour r\u00e9duire le co\u00fbt des voyages et optimiser les r\u00e9compenses des cartes de cr\u00e9dit. Install\u00e9 aux \u00c9tats-Unis, Reead publie \u00e9galement des guides pour visiter les USA, des analyses de programmes de fid\u00e9lit\u00e9 et des retours d\u2019exp\u00e9rience sur les compagnies a\u00e9riennes, h\u00f4tels et cartes premium. Depuis plus de 15 ans, ses articles aident les voyageurs \u00e0 comprendre les miles, accumuler des points plus rapidement et voyager dans de meilleures conditions pour moins cher. Survivant du cancer, il partage aussi une vision simple : profiter de la vie et explorer le monde intelligemment.\",\"sameAs\":[\"https:\/\/www.reead.com\/fr\/\",\"https:\/\/www.facebook.com\/welovereead\",\"https:\/\/www.instagram.com\/reead\/?hl=fr\",\"https:\/\/www.pinterest.com\/reead\/\",\"https:\/\/x.com\/blogdereead\",\"https:\/\/www.youtube.com\/reead\"],\"gender\":\"homme\",\"knowsAbout\":[\"Voyage\",\"miles et points\"],\"knowsLanguage\":[\"Anglais\",\"Fran\u00e7ais\"],\"publishingPrinciples\":\"https:\/\/www.reead.com\/fr\/politique-de-publication\/\"}]}<\/script>\n<!-- \/ Yoast SEO Premium plugin. -->","yoast_head_json":{"title":"\u00c0 propos: Qui est donc ce Reead ? Influenceur homme","description":"Comme il faut une page \"\u00e0 propos\", je vais jouer le jeu et partager avec vous un peu de moi et de ce qui fait ma vie d'influenceur mode et voyage.","robots":{"index":"index","follow":"follow","max-snippet":"max-snippet:-1","max-image-preview":"max-image-preview:large","max-video-preview":"max-video-preview:-1"},"canonical":"https:\/\/www.reead.com\/fr\/a-propos\/","og_locale":"fr_FR","og_type":"article","og_title":"\u00c0 propos","og_description":"Comme il faut une page \"\u00e0 propos\", je vais jouer le jeu et partager avec vous un peu de moi et de ce qui fait ma vie d'influenceur mode et voyage.","og_url":"https:\/\/www.reead.com\/fr\/a-propos\/","og_site_name":"Conseils Voyage, Mode Homme et Lifestyle","article_publisher":"https:\/\/www.facebook.com\/welovereead","article_modified_time":"2026-04-05T22:07:45+00:00","og_image":[{"width":1000,"height":750,"url":"https:\/\/www.reead.com\/fr\/wp-content\/uploads\/2019\/10\/reead.jpg","type":"image\/jpeg"}],"twitter_card":"summary_large_image","twitter_site":"@blogdereead","schema":{"@context":"https:\/\/schema.org","@graph":[{"@type":["WebPage","AboutPage"],"@id":"https:\/\/www.reead.com\/fr\/a-propos\/","url":"https:\/\/www.reead.com\/fr\/a-propos\/","name":"\u00c0 propos: Qui est donc ce Reead ? Influenceur homme","isPartOf":{"@id":"https:\/\/www.reead.com\/fr\/#website"},"primaryImageOfPage":{"@id":"https:\/\/www.reead.com\/fr\/a-propos\/#primaryimage"},"image":{"@id":"https:\/\/www.reead.com\/fr\/a-propos\/#primaryimage"},"thumbnailUrl":"https:\/\/www.reead.com\/fr\/wp-content\/uploads\/2019\/10\/reead.jpg","datePublished":"2019-10-23T17:51:02+00:00","dateModified":"2026-04-05T22:07:45+00:00","description":"Comme il faut une page \"\u00e0 propos\", je vais jouer le jeu et partager avec vous un peu de moi et de ce qui fait ma vie d'influenceur mode et voyage.","breadcrumb":{"@id":"https:\/\/www.reead.com\/fr\/a-propos\/#breadcrumb"},"inLanguage":"fr-FR","potentialAction":[{"@type":"ReadAction","target":["https:\/\/www.reead.com\/fr\/a-propos\/"]}]},{"@type":"ImageObject","inLanguage":"fr-FR","@id":"https:\/\/www.reead.com\/fr\/a-propos\/#primaryimage","url":"https:\/\/www.reead.com\/fr\/wp-content\/uploads\/2019\/10\/reead.jpg","contentUrl":"https:\/\/www.reead.com\/fr\/wp-content\/uploads\/2019\/10\/reead.jpg","width":1000,"height":750,"caption":"reead"},{"@type":"BreadcrumbList","@id":"https:\/\/www.reead.com\/fr\/a-propos\/#breadcrumb","itemListElement":[{"@type":"ListItem","position":1,"name":"Accueil","item":"https:\/\/www.reead.com\/fr\/"},{"@type":"ListItem","position":2,"name":"\u00c0 propos"}]},{"@type":"WebSite","@id":"https:\/\/www.reead.com\/fr\/#website","url":"https:\/\/www.reead.com\/fr\/","name":"Reead.com","description":"Conseils Voyage, Mode Homme et Lifestyle","publisher":{"@id":"https:\/\/www.reead.com\/fr\/#\/schema\/person\/551a8a4b469ab53c0b48bcd3846fb3c6"},"potentialAction":[{"@type":"SearchAction","target":{"@type":"EntryPoint","urlTemplate":"https:\/\/www.reead.com\/fr\/?s={search_term_string}"},"query-input":{"@type":"PropertyValueSpecification","valueRequired":true,"valueName":"search_term_string"}}],"inLanguage":"fr-FR"},{"@type":["Person","Organization"],"@id":"https:\/\/www.reead.com\/fr\/#\/schema\/person\/551a8a4b469ab53c0b48bcd3846fb3c6","name":"Reead","image":{"@type":"ImageObject","inLanguage":"fr-FR","@id":"https:\/\/www.reead.com\/fr\/wp-content\/uploads\/2018\/12\/reead.jpg","url":"https:\/\/www.reead.com\/fr\/wp-content\/uploads\/2018\/12\/reead.jpg","contentUrl":"https:\/\/www.reead.com\/fr\/wp-content\/uploads\/2018\/12\/reead.jpg","width":900,"height":610,"caption":"Reead"},"logo":{"@id":"https:\/\/www.reead.com\/fr\/wp-content\/uploads\/2018\/12\/reead.jpg"},"description":"Reead est un blogueur voyage fran\u00e7ais bas\u00e9 \u00e0 Las Vegas et le fondateur de Reead.com, un blog lanc\u00e9 en 2009 consacr\u00e9 aux voyages, aux miles et aux programmes de fid\u00e9lit\u00e9. Sp\u00e9cialis\u00e9 dans les cartes de cr\u00e9dit voyage, les miles et points, ainsi que les programmes comme Flying Blue, American Express Membership Rewards ou les alliances a\u00e9riennes, il partage des strat\u00e9gies concr\u00e8tes pour r\u00e9duire le co\u00fbt des voyages et optimiser les r\u00e9compenses des cartes de cr\u00e9dit. Install\u00e9 aux \u00c9tats-Unis, Reead publie \u00e9galement des guides pour visiter les USA, des analyses de programmes de fid\u00e9lit\u00e9 et des retours d\u2019exp\u00e9rience sur les compagnies a\u00e9riennes, h\u00f4tels et cartes premium. Depuis plus de 15 ans, ses articles aident les voyageurs \u00e0 comprendre les miles, accumuler des points plus rapidement et voyager dans de meilleures conditions pour moins cher. Survivant du cancer, il partage aussi une vision simple : profiter de la vie et explorer le monde intelligemment.","sameAs":["https:\/\/www.reead.com\/fr\/","https:\/\/www.facebook.com\/welovereead","https:\/\/www.instagram.com\/reead\/?hl=fr","https:\/\/www.pinterest.com\/reead\/","https:\/\/x.com\/blogdereead","https:\/\/www.youtube.com\/reead"],"gender":"homme","knowsAbout":["Voyage","miles et points"],"knowsLanguage":["Anglais","Fran\u00e7ais"],"publishingPrinciples":"https:\/\/www.reead.com\/fr\/politique-de-publication\/"}]}},"_links":{"self":[{"href":"https:\/\/www.reead.com\/fr\/wp-json\/wp\/v2\/pages\/412679","targetHints":{"allow":["GET"]}}],"collection":[{"href":"https:\/\/www.reead.com\/fr\/wp-json\/wp\/v2\/pages"}],"about":[{"href":"https:\/\/www.reead.com\/fr\/wp-json\/wp\/v2\/types\/page"}],"author":[{"embeddable":true,"href":"https:\/\/www.reead.com\/fr\/wp-json\/wp\/v2\/users\/1"}],"replies":[{"embeddable":true,"href":"https:\/\/www.reead.com\/fr\/wp-json\/wp\/v2\/comments?post=412679"}],"version-history":[{"count":1,"href":"https:\/\/www.reead.com\/fr\/wp-json\/wp\/v2\/pages\/412679\/revisions"}],"predecessor-version":[{"id":469409,"href":"https:\/\/www.reead.com\/fr\/wp-json\/wp\/v2\/pages\/412679\/revisions\/469409"}],"wp:attachment":[{"href":"https:\/\/www.reead.com\/fr\/wp-json\/wp\/v2\/media?parent=412679"}],"curies":[{"name":"wp","href":"https:\/\/api.w.org\/{rel}","templated":true}]}}