{"id":286949,"date":"2019-04-03T20:01:30","date_gmt":"2019-04-03T18:01:30","guid":{"rendered":"https:\/\/www.reead.com\/fr\/?page_id=286949"},"modified":"2024-05-24T01:28:52","modified_gmt":"2024-05-23T23:28:52","slug":"concours-rive-droite","status":"publish","type":"page","link":"https:\/\/www.reead.com\/fr\/concours\/concours-rive-droite\/","title":{"rendered":"Concours Rive Droite"},"content":{"rendered":"<p><img loading=\"lazy\" decoding=\"async\" class=\"alignnone size-full wp-image-287005\" src=\"https:\/\/www.reead.com\/fr\/wp-content\/uploads\/2019\/04\/sac-weekend-pour-hommes-rive-droite.jpg\" alt=\"sac weekend pour hommes rive droite\" width=\"900\" height=\"1025\" srcset=\"https:\/\/www.reead.com\/fr\/wp-content\/uploads\/2019\/04\/sac-weekend-pour-hommes-rive-droite.jpg 900w,  https:\/\/www.reead.com\/fr\/wp-content\/uploads\/2019\/04\/sac-weekend-pour-hommes-rive-droite-402x458.jpg 402w,  https:\/\/www.reead.com\/fr\/wp-content\/uploads\/2019\/04\/sac-weekend-pour-hommes-rive-droite-768x875.jpg 768w,  https:\/\/www.reead.com\/fr\/wp-content\/uploads\/2019\/04\/sac-weekend-pour-hommes-rive-droite-843x960.jpg 843w\" sizes=\"auto, (max-width: 900px) 100vw, 900px\" \/><\/p>\n<p>Je suis tr\u00e8s heureux de vous proposer un nouveau concours pour gagner <a href=\"https:\/\/www.reead.com\/fr\/sac-de-weekend\/\"><strong>un sac de weekend pour hommes<\/strong><\/a>\u00a0en collaboration avec une marque que j&rsquo;adore, <strong>RIVE DROITE PARIS<\/strong>\u00a0\u00a0!<\/p>\n<p><b>Concours termin\u00e9 !<\/b><\/p>\n<p>Gagnant(e) : Kassandra P.<\/p>\n<p>&nbsp;<\/p>\n<p>&nbsp;<\/p>\n<p><script async=\"\" src=\"\/\/pagead2.googlesyndication.com\/pagead\/js\/adsbygoogle.js\"><\/script><br \/>\n<!-- Reead.com\/fr Page Concour --><br \/>\n<ins class=\"adsbygoogle\" style=\"display: inline-block; width: 300px; height: 250px;\" data-ad-client=\"ca-pub-3306292773299946\" data-ad-slot=\"2415287309\"><\/ins><br \/>\n<script>\n(adsbygoogle = window.adsbygoogle || []).push({});\n<\/script><\/p>\n<h2>A propos de Rive Droite Paris<\/h2>\n<p><strong>Rive Droite <a class=\"wpil_keyword_link\" title=\"Paris\" href=\"https:\/\/www.reead.com\/fr\/voyage\/paris\/\" data-wpil-keyword-link=\"linked\">Paris<\/a><\/strong> c&rsquo;est l&rsquo;association de 3 amies qui souhaitaient lancer une marque Eco-Responsable proposant une qualit\u00e9 de mati\u00e8re exceptionnelle. Elles proviennent de chutes r\u00e9cup\u00e9r\u00e9es lors de la fabrication de jeans, un beau geste \u00e9cologique pour notre plan\u00e8te !<\/p>\n<h3>R\u00e8gles<\/h3>\n<ul>\n<li class=\"li1\"><span class=\"s2\">Vous pouvez participer au concours du 5 mai au 15 juin 2019 GMT +2<\/span><\/li>\n<li class=\"li1\"><span class=\"s2\">Une participation par personne, 18 ans et plus au risque de vous faire disqualifier du tirage au sort<\/span><\/li>\n<li class=\"li1\"><span class=\"s2\">Aucun achat n\u00e9cessaire<\/span><\/li>\n<li class=\"li1\"><span class=\"s2\">Pour participer vous devez remplir le formulaire sur cette page<\/span><\/li>\n<li class=\"li1\"><span class=\"s2\">Concours ouvert aux personnes qui r\u00e9sident en France.<\/span><\/li>\n<li class=\"li1\"><span class=\"s2\">1 gagnant d&rsquo;un sac weekend polochon Rive Droite Paris d&rsquo;une valeur indicative de 69 \u20ac<\/span><\/li>\n<li class=\"li1\"><span class=\"s2\">Je choisirai au hasard l&rsquo;une ou l&rsquo;un d\u2019entre vous<\/span><\/li>\n<li class=\"li1\"><span class=\"s2\">Les noms des gagnantes seront affich\u00e9s sur cette page \u00e0 partir du 20 mai 2019<\/span><\/li>\n<\/ul>","protected":false},"excerpt":{"rendered":"<p>Je suis tr\u00e8s heureux de vous proposer un nouveau concours pour gagner un sac de weekend pour hommes\u00a0en collaboration avec une marque que j&rsquo;adore, RIVE DROITE PARIS\u00a0\u00a0! Concours termin\u00e9 ! Gagnant(e) : Kassandra P. &nbsp; &nbsp; A propos de Rive Droite Paris Rive Droite Paris c&rsquo;est l&rsquo;association de 3 amies qui souhaitaient lancer une marque Eco-Responsable proposant une qualit\u00e9 de&#8230;<\/p>","protected":false},"author":1,"featured_media":0,"parent":12891,"menu_order":0,"comment_status":"closed","ping_status":"closed","template":"","meta":{"footnotes":""},"class_list":["post-286949","page","type-page","status-publish","hentry"],"yoast_head":"<!-- This site is optimized with the Yoast SEO Premium plugin v27.4 (Yoast SEO v27.4) - https:\/\/yoast.com\/product\/yoast-seo-premium-wordpress\/ -->\n<title>Concours Rive Droite<\/title>\n<meta name=\"description\" content=\"Participez pour peut-\u00eatre gagner un sac weekend de la marque Rive Droite Paris d&#039;une valeur de 69\u20ac !\" \/>\n<meta name=\"robots\" content=\"noindex, follow\" \/>\n<meta property=\"og:locale\" content=\"fr_FR\" \/>\n<meta property=\"og:type\" content=\"article\" \/>\n<meta property=\"og:title\" content=\"Concours Rive Droite\" \/>\n<meta property=\"og:description\" content=\"Participez pour peut-\u00eatre gagner un sac weekend de la marque Rive Droite Paris d&#039;une valeur de 69\u20ac !\" \/>\n<meta property=\"og:url\" content=\"https:\/\/www.reead.com\/fr\/concours\/concours-rive-droite\/\" \/>\n<meta property=\"og:site_name\" content=\"Conseils Voyage, Mode Homme et Lifestyle\" \/>\n<meta property=\"article:publisher\" content=\"https:\/\/www.facebook.com\/welovereead\" \/>\n<meta property=\"article:modified_time\" content=\"2024-05-23T23:28:52+00:00\" \/>\n<meta property=\"og:image\" content=\"https:\/\/www.reead.com\/fr\/wp-content\/uploads\/2019\/04\/sac-weekend-pour-hommes-rive-droite-fb.jpg\" \/>\n\t<meta property=\"og:image:width\" content=\"900\" \/>\n\t<meta property=\"og:image:height\" content=\"640\" \/>\n\t<meta property=\"og:image:type\" content=\"image\/jpeg\" \/>\n<meta name=\"twitter:card\" content=\"summary_large_image\" \/>\n<meta name=\"twitter:site\" content=\"@blogdereead\" \/>\n<script type=\"application\/ld+json\" class=\"yoast-schema-graph\">{\"@context\":\"https:\\\/\\\/schema.org\",\"@graph\":[{\"@type\":\"WebPage\",\"@id\":\"https:\\\/\\\/www.reead.com\\\/fr\\\/concours\\\/concours-rive-droite\\\/\",\"url\":\"https:\\\/\\\/www.reead.com\\\/fr\\\/concours\\\/concours-rive-droite\\\/\",\"name\":\"Concours Rive Droite\",\"isPartOf\":{\"@id\":\"https:\\\/\\\/www.reead.com\\\/fr\\\/#website\"},\"primaryImageOfPage\":{\"@id\":\"https:\\\/\\\/www.reead.com\\\/fr\\\/concours\\\/concours-rive-droite\\\/#primaryimage\"},\"image\":{\"@id\":\"https:\\\/\\\/www.reead.com\\\/fr\\\/concours\\\/concours-rive-droite\\\/#primaryimage\"},\"thumbnailUrl\":\"https:\\\/\\\/www.reead.com\\\/fr\\\/wp-content\\\/uploads\\\/2019\\\/04\\\/sac-weekend-pour-hommes-rive-droite.jpg\",\"datePublished\":\"2019-04-03T18:01:30+00:00\",\"dateModified\":\"2024-05-23T23:28:52+00:00\",\"description\":\"Participez pour peut-\u00eatre gagner un sac weekend de la marque Rive Droite Paris d'une valeur de 69\u20ac !\",\"breadcrumb\":{\"@id\":\"https:\\\/\\\/www.reead.com\\\/fr\\\/concours\\\/concours-rive-droite\\\/#breadcrumb\"},\"inLanguage\":\"fr-FR\",\"potentialAction\":[{\"@type\":\"ReadAction\",\"target\":[\"https:\\\/\\\/www.reead.com\\\/fr\\\/concours\\\/concours-rive-droite\\\/\"]}]},{\"@type\":\"ImageObject\",\"inLanguage\":\"fr-FR\",\"@id\":\"https:\\\/\\\/www.reead.com\\\/fr\\\/concours\\\/concours-rive-droite\\\/#primaryimage\",\"url\":\"https:\\\/\\\/www.reead.com\\\/fr\\\/wp-content\\\/uploads\\\/2019\\\/04\\\/sac-weekend-pour-hommes-rive-droite.jpg\",\"contentUrl\":\"https:\\\/\\\/www.reead.com\\\/fr\\\/wp-content\\\/uploads\\\/2019\\\/04\\\/sac-weekend-pour-hommes-rive-droite.jpg\",\"width\":900,\"height\":1025,\"caption\":\"sac weekend pour hommes rive droite\"},{\"@type\":\"BreadcrumbList\",\"@id\":\"https:\\\/\\\/www.reead.com\\\/fr\\\/concours\\\/concours-rive-droite\\\/#breadcrumb\",\"itemListElement\":[{\"@type\":\"ListItem\",\"position\":1,\"name\":\"Accueil\",\"item\":\"https:\\\/\\\/www.reead.com\\\/fr\\\/\"},{\"@type\":\"ListItem\",\"position\":2,\"name\":\"Concours\",\"item\":\"https:\\\/\\\/www.reead.com\\\/fr\\\/concours\\\/\"},{\"@type\":\"ListItem\",\"position\":3,\"name\":\"Concours Rive Droite\"}]},{\"@type\":\"WebSite\",\"@id\":\"https:\\\/\\\/www.reead.com\\\/fr\\\/#website\",\"url\":\"https:\\\/\\\/www.reead.com\\\/fr\\\/\",\"name\":\"Reead.com\",\"description\":\"Conseils Voyage, Mode Homme et Lifestyle\",\"publisher\":{\"@id\":\"https:\\\/\\\/www.reead.com\\\/fr\\\/#\\\/schema\\\/person\\\/551a8a4b469ab53c0b48bcd3846fb3c6\"},\"potentialAction\":[{\"@type\":\"SearchAction\",\"target\":{\"@type\":\"EntryPoint\",\"urlTemplate\":\"https:\\\/\\\/www.reead.com\\\/fr\\\/?s={search_term_string}\"},\"query-input\":{\"@type\":\"PropertyValueSpecification\",\"valueRequired\":true,\"valueName\":\"search_term_string\"}}],\"inLanguage\":\"fr-FR\"},{\"@type\":[\"Person\",\"Organization\"],\"@id\":\"https:\\\/\\\/www.reead.com\\\/fr\\\/#\\\/schema\\\/person\\\/551a8a4b469ab53c0b48bcd3846fb3c6\",\"name\":\"Reead\",\"image\":{\"@type\":\"ImageObject\",\"inLanguage\":\"fr-FR\",\"@id\":\"https:\\\/\\\/www.reead.com\\\/fr\\\/wp-content\\\/uploads\\\/2018\\\/12\\\/reead.jpg\",\"url\":\"https:\\\/\\\/www.reead.com\\\/fr\\\/wp-content\\\/uploads\\\/2018\\\/12\\\/reead.jpg\",\"contentUrl\":\"https:\\\/\\\/www.reead.com\\\/fr\\\/wp-content\\\/uploads\\\/2018\\\/12\\\/reead.jpg\",\"width\":900,\"height\":610,\"caption\":\"Reead\"},\"logo\":{\"@id\":\"https:\\\/\\\/www.reead.com\\\/fr\\\/wp-content\\\/uploads\\\/2018\\\/12\\\/reead.jpg\"},\"description\":\"Reead est un blogueur voyage fran\u00e7ais bas\u00e9 \u00e0 Las Vegas et le fondateur de Reead.com, un blog lanc\u00e9 en 2009 consacr\u00e9 aux voyages, aux miles et aux programmes de fid\u00e9lit\u00e9. Sp\u00e9cialis\u00e9 dans les cartes de cr\u00e9dit voyage, les miles et points, ainsi que les programmes comme Flying Blue, American Express Membership Rewards ou les alliances a\u00e9riennes, il partage des strat\u00e9gies concr\u00e8tes pour r\u00e9duire le co\u00fbt des voyages et optimiser les r\u00e9compenses des cartes de cr\u00e9dit. Install\u00e9 aux \u00c9tats-Unis, Reead publie \u00e9galement des guides pour visiter les USA, des analyses de programmes de fid\u00e9lit\u00e9 et des retours d\u2019exp\u00e9rience sur les compagnies a\u00e9riennes, h\u00f4tels et cartes premium. Depuis plus de 15 ans, ses articles aident les voyageurs \u00e0 comprendre les miles, accumuler des points plus rapidement et voyager dans de meilleures conditions pour moins cher. Survivant du cancer, il partage aussi une vision simple : profiter de la vie et explorer le monde intelligemment.\",\"sameAs\":[\"https:\\\/\\\/www.reead.com\\\/fr\\\/\",\"https:\\\/\\\/www.facebook.com\\\/welovereead\",\"https:\\\/\\\/www.instagram.com\\\/reead\\\/?hl=fr\",\"https:\\\/\\\/www.pinterest.com\\\/reead\\\/\",\"https:\\\/\\\/x.com\\\/blogdereead\",\"https:\\\/\\\/www.youtube.com\\\/reead\"],\"gender\":\"homme\",\"knowsAbout\":[\"Voyage\",\"miles et points\"],\"knowsLanguage\":[\"Anglais\",\"Fran\u00e7ais\"],\"publishingPrinciples\":\"https:\\\/\\\/www.reead.com\\\/fr\\\/politique-de-publication\\\/\"}]}<\/script>\n<!-- \/ Yoast SEO Premium plugin. -->","yoast_head_json":{"title":"Concours Rive Droite","description":"Participez pour peut-\u00eatre gagner un sac weekend de la marque Rive Droite Paris d'une valeur de 69\u20ac !","robots":{"index":"noindex","follow":"follow"},"og_locale":"fr_FR","og_type":"article","og_title":"Concours Rive Droite","og_description":"Participez pour peut-\u00eatre gagner un sac weekend de la marque Rive Droite Paris d'une valeur de 69\u20ac !","og_url":"https:\/\/www.reead.com\/fr\/concours\/concours-rive-droite\/","og_site_name":"Conseils Voyage, Mode Homme et Lifestyle","article_publisher":"https:\/\/www.facebook.com\/welovereead","article_modified_time":"2024-05-23T23:28:52+00:00","og_image":[{"width":900,"height":640,"url":"https:\/\/www.reead.com\/fr\/wp-content\/uploads\/2019\/04\/sac-weekend-pour-hommes-rive-droite-fb.jpg","type":"image\/jpeg"}],"twitter_card":"summary_large_image","twitter_site":"@blogdereead","schema":{"@context":"https:\/\/schema.org","@graph":[{"@type":"WebPage","@id":"https:\/\/www.reead.com\/fr\/concours\/concours-rive-droite\/","url":"https:\/\/www.reead.com\/fr\/concours\/concours-rive-droite\/","name":"Concours Rive Droite","isPartOf":{"@id":"https:\/\/www.reead.com\/fr\/#website"},"primaryImageOfPage":{"@id":"https:\/\/www.reead.com\/fr\/concours\/concours-rive-droite\/#primaryimage"},"image":{"@id":"https:\/\/www.reead.com\/fr\/concours\/concours-rive-droite\/#primaryimage"},"thumbnailUrl":"https:\/\/www.reead.com\/fr\/wp-content\/uploads\/2019\/04\/sac-weekend-pour-hommes-rive-droite.jpg","datePublished":"2019-04-03T18:01:30+00:00","dateModified":"2024-05-23T23:28:52+00:00","description":"Participez pour peut-\u00eatre gagner un sac weekend de la marque Rive Droite Paris d'une valeur de 69\u20ac !","breadcrumb":{"@id":"https:\/\/www.reead.com\/fr\/concours\/concours-rive-droite\/#breadcrumb"},"inLanguage":"fr-FR","potentialAction":[{"@type":"ReadAction","target":["https:\/\/www.reead.com\/fr\/concours\/concours-rive-droite\/"]}]},{"@type":"ImageObject","inLanguage":"fr-FR","@id":"https:\/\/www.reead.com\/fr\/concours\/concours-rive-droite\/#primaryimage","url":"https:\/\/www.reead.com\/fr\/wp-content\/uploads\/2019\/04\/sac-weekend-pour-hommes-rive-droite.jpg","contentUrl":"https:\/\/www.reead.com\/fr\/wp-content\/uploads\/2019\/04\/sac-weekend-pour-hommes-rive-droite.jpg","width":900,"height":1025,"caption":"sac weekend pour hommes rive droite"},{"@type":"BreadcrumbList","@id":"https:\/\/www.reead.com\/fr\/concours\/concours-rive-droite\/#breadcrumb","itemListElement":[{"@type":"ListItem","position":1,"name":"Accueil","item":"https:\/\/www.reead.com\/fr\/"},{"@type":"ListItem","position":2,"name":"Concours","item":"https:\/\/www.reead.com\/fr\/concours\/"},{"@type":"ListItem","position":3,"name":"Concours Rive Droite"}]},{"@type":"WebSite","@id":"https:\/\/www.reead.com\/fr\/#website","url":"https:\/\/www.reead.com\/fr\/","name":"Reead.com","description":"Conseils Voyage, Mode Homme et Lifestyle","publisher":{"@id":"https:\/\/www.reead.com\/fr\/#\/schema\/person\/551a8a4b469ab53c0b48bcd3846fb3c6"},"potentialAction":[{"@type":"SearchAction","target":{"@type":"EntryPoint","urlTemplate":"https:\/\/www.reead.com\/fr\/?s={search_term_string}"},"query-input":{"@type":"PropertyValueSpecification","valueRequired":true,"valueName":"search_term_string"}}],"inLanguage":"fr-FR"},{"@type":["Person","Organization"],"@id":"https:\/\/www.reead.com\/fr\/#\/schema\/person\/551a8a4b469ab53c0b48bcd3846fb3c6","name":"Reead","image":{"@type":"ImageObject","inLanguage":"fr-FR","@id":"https:\/\/www.reead.com\/fr\/wp-content\/uploads\/2018\/12\/reead.jpg","url":"https:\/\/www.reead.com\/fr\/wp-content\/uploads\/2018\/12\/reead.jpg","contentUrl":"https:\/\/www.reead.com\/fr\/wp-content\/uploads\/2018\/12\/reead.jpg","width":900,"height":610,"caption":"Reead"},"logo":{"@id":"https:\/\/www.reead.com\/fr\/wp-content\/uploads\/2018\/12\/reead.jpg"},"description":"Reead est un blogueur voyage fran\u00e7ais bas\u00e9 \u00e0 Las Vegas et le fondateur de Reead.com, un blog lanc\u00e9 en 2009 consacr\u00e9 aux voyages, aux miles et aux programmes de fid\u00e9lit\u00e9. Sp\u00e9cialis\u00e9 dans les cartes de cr\u00e9dit voyage, les miles et points, ainsi que les programmes comme Flying Blue, American Express Membership Rewards ou les alliances a\u00e9riennes, il partage des strat\u00e9gies concr\u00e8tes pour r\u00e9duire le co\u00fbt des voyages et optimiser les r\u00e9compenses des cartes de cr\u00e9dit. Install\u00e9 aux \u00c9tats-Unis, Reead publie \u00e9galement des guides pour visiter les USA, des analyses de programmes de fid\u00e9lit\u00e9 et des retours d\u2019exp\u00e9rience sur les compagnies a\u00e9riennes, h\u00f4tels et cartes premium. Depuis plus de 15 ans, ses articles aident les voyageurs \u00e0 comprendre les miles, accumuler des points plus rapidement et voyager dans de meilleures conditions pour moins cher. Survivant du cancer, il partage aussi une vision simple : profiter de la vie et explorer le monde intelligemment.","sameAs":["https:\/\/www.reead.com\/fr\/","https:\/\/www.facebook.com\/welovereead","https:\/\/www.instagram.com\/reead\/?hl=fr","https:\/\/www.pinterest.com\/reead\/","https:\/\/x.com\/blogdereead","https:\/\/www.youtube.com\/reead"],"gender":"homme","knowsAbout":["Voyage","miles et points"],"knowsLanguage":["Anglais","Fran\u00e7ais"],"publishingPrinciples":"https:\/\/www.reead.com\/fr\/politique-de-publication\/"}]}},"_links":{"self":[{"href":"https:\/\/www.reead.com\/fr\/wp-json\/wp\/v2\/pages\/286949","targetHints":{"allow":["GET"]}}],"collection":[{"href":"https:\/\/www.reead.com\/fr\/wp-json\/wp\/v2\/pages"}],"about":[{"href":"https:\/\/www.reead.com\/fr\/wp-json\/wp\/v2\/types\/page"}],"author":[{"embeddable":true,"href":"https:\/\/www.reead.com\/fr\/wp-json\/wp\/v2\/users\/1"}],"replies":[{"embeddable":true,"href":"https:\/\/www.reead.com\/fr\/wp-json\/wp\/v2\/comments?post=286949"}],"version-history":[{"count":0,"href":"https:\/\/www.reead.com\/fr\/wp-json\/wp\/v2\/pages\/286949\/revisions"}],"up":[{"embeddable":true,"href":"https:\/\/www.reead.com\/fr\/wp-json\/wp\/v2\/pages\/12891"}],"wp:attachment":[{"href":"https:\/\/www.reead.com\/fr\/wp-json\/wp\/v2\/media?parent=286949"}],"curies":[{"name":"wp","href":"https:\/\/api.w.org\/{rel}","templated":true}]}}