{"id":286192,"date":"2019-03-28T20:49:43","date_gmt":"2019-03-28T18:49:43","guid":{"rendered":"https:\/\/www.reead.com\/fr\/?page_id=286192"},"modified":"2024-05-24T01:24:38","modified_gmt":"2024-05-23T23:24:38","slug":"concours-jimmy-choo-floral","status":"publish","type":"page","link":"https:\/\/www.reead.com\/fr\/concours\/concours-jimmy-choo-floral\/","title":{"rendered":"Concours Jimmy Choo Floral"},"content":{"rendered":"<p><img loading=\"lazy\" decoding=\"async\" class=\"alignnone size-full wp-image-286196\" src=\"https:\/\/www.reead.com\/fr\/wp-content\/uploads\/2019\/03\/Concours-Jimmy-Choo-Floral.jpg\" alt=\"Concours Jimmy Choo Floral\" width=\"900\" height=\"741\" srcset=\"https:\/\/www.reead.com\/fr\/wp-content\/uploads\/2019\/03\/Concours-Jimmy-Choo-Floral.jpg 900w,  https:\/\/www.reead.com\/fr\/wp-content\/uploads\/2019\/03\/Concours-Jimmy-Choo-Floral-556x458.jpg 556w,  https:\/\/www.reead.com\/fr\/wp-content\/uploads\/2019\/03\/Concours-Jimmy-Choo-Floral-768x632.jpg 768w\" sizes=\"auto, (max-width: 900px) 100vw, 900px\" \/><\/p>\n<p>M\u00eame si je vous parler souvent des <strong>meilleurs parfums pour hommes<\/strong>, j&rsquo;ai d\u00e9cid\u00e9 de penser cette fois-ci uniquement \u00e0 vous mesdames ! Je vous propose de gagner 2 parfums pour femmes <strong>Jimmy Choo Floral<\/strong> !<\/p>\n<p><b>Concours termin\u00e9.<\/b><\/p>\n<p>Gagnant(e) : G\u00e9raldine B.<\/p>\n<p>&nbsp;<\/p>\n<p>&nbsp;<\/p>\n<p><script async src=\"\/\/pagead2.googlesyndication.com\/pagead\/js\/adsbygoogle.js\"><\/script><br \/>\n<!-- Reead.com\/fr Page Concour --><br \/>\n<ins class=\"adsbygoogle\" style=\"display: inline-block; width: 300px; height: 250px;\" data-ad-client=\"ca-pub-3306292773299946\" data-ad-slot=\"2415287309\"><\/ins><br \/>\n<script>\n(adsbygoogle = window.adsbygoogle || []).push({});\n<\/script><\/p>\n<h3>A propos du parfums pour femmes Jimmy Choo Floral<\/h3>\n<p>Une fragrance empreinte de gr\u00e2ce qui \u00e9voque la douceur de vivre du printemps en ville : les parcs et les avenues s\u2019\u00e9veillent tandis que la nature s\u2019\u00e9panouit. La texture de chaque p\u00e9tale est presque palpable\u2026<\/p>\n<p>\u00c0 la fois subtile et lumineuse, sophistiqu\u00e9e et urbaine, cette fragrance est l\u2019expression de la f\u00e9minit\u00e9 radieuse \u00e0 travers une symphonie de notes florales, fruit\u00e9es et musqu\u00e9es.<\/p>\n<p>La t\u00eate, compos\u00e9e de bergamote et de nectarine r\u00e9sume l\u2019\u00e9nergie in\u00e9puisable de la femme Jimmy Choo avant de laisser place \u00e0 un c\u0153ur de p\u00e9tales d\u00e9licats de magnolia et de pois de senteur qui reposent sur un fond subtil et sensuel de musc et d\u2019ambroxan.<\/p>\n<h3>R\u00e8gles<\/h3>\n<ul>\n<li class=\"li1\"><span class=\"s2\">Vous pouvez participer au concours du 10 avril au 16 mai 2019 GMT +2<\/span><\/li>\n<li class=\"li1\"><span class=\"s2\">Une participation par personne, 18 ans et plus au risque de vous faire disqualifier du tirage au sort<\/span><\/li>\n<li class=\"li1\"><span class=\"s2\">Aucun achat n\u00e9cessaire<\/span><\/li>\n<li class=\"li1\"><span class=\"s2\">Pour participer vous devez remplir le formulaire sur cette page<\/span><\/li>\n<li class=\"li1\"><span class=\"s2\">Concours ouvert aux personnes qui r\u00e9sident en France.<\/span><\/li>\n<li class=\"li1\"><span class=\"s2\">2 gagnants d&rsquo;un parfum chacun Jimmy Choo Floral 60ml d&rsquo;une valeur indicative de 70 Euros<\/span><\/li>\n<li class=\"li1\"><span class=\"s2\">Je choisirai au hasard deux d\u2019entre vous<\/span><\/li>\n<li class=\"li1\"><span class=\"s2\">Les noms des gagnantes seront affich\u00e9s sur cette page \u00e0 partir du 17 mai 2019<\/span><\/li>\n<\/ul>","protected":false},"excerpt":{"rendered":"<p>M\u00eame si je vous parler souvent des meilleurs parfums pour hommes, j&rsquo;ai d\u00e9cid\u00e9 de penser cette fois-ci uniquement \u00e0 vous mesdames ! Je vous propose de gagner 2 parfums pour femmes Jimmy Choo Floral ! Concours termin\u00e9. Gagnant(e) : G\u00e9raldine B. &nbsp; &nbsp; A propos du parfums pour femmes Jimmy Choo Floral Une fragrance empreinte de gr\u00e2ce qui \u00e9voque la&#8230;<\/p>","protected":false},"author":1,"featured_media":0,"parent":12891,"menu_order":0,"comment_status":"closed","ping_status":"closed","template":"","meta":{"footnotes":""},"class_list":["post-286192","page","type-page","status-publish","hentry"],"yoast_head":"<!-- This site is optimized with the Yoast SEO Premium plugin v27.4 (Yoast SEO v27.4) - https:\/\/yoast.com\/product\/yoast-seo-premium-wordpress\/ -->\n<title>Concours Jimmy Choo Floral<\/title>\n<meta name=\"description\" content=\"Participez pour peut-\u00eatre gagn\u00e9 un parfum pour femme Jimmy Choo Floral.\" \/>\n<meta name=\"robots\" content=\"noindex, follow\" \/>\n<meta property=\"og:locale\" content=\"fr_FR\" \/>\n<meta property=\"og:type\" content=\"article\" \/>\n<meta property=\"og:title\" content=\"Concours Jimmy Choo Floral\" \/>\n<meta property=\"og:description\" content=\"Participez pour peut-\u00eatre gagn\u00e9 un parfum pour femme Jimmy Choo Floral.\" \/>\n<meta property=\"og:url\" content=\"https:\/\/www.reead.com\/fr\/concours\/concours-jimmy-choo-floral\/\" \/>\n<meta property=\"og:site_name\" content=\"Conseils Voyage, Mode Homme et Lifestyle\" \/>\n<meta property=\"article:publisher\" content=\"https:\/\/www.facebook.com\/welovereead\" \/>\n<meta property=\"article:modified_time\" content=\"2024-05-23T23:24:38+00:00\" \/>\n<meta property=\"og:image\" content=\"https:\/\/www.reead.com\/fr\/wp-content\/uploads\/2019\/03\/Concours-Jimmy-Choo-Floral.jpg\" \/>\n<meta name=\"twitter:card\" content=\"summary_large_image\" \/>\n<meta name=\"twitter:site\" content=\"@blogdereead\" \/>\n<script type=\"application\/ld+json\" class=\"yoast-schema-graph\">{\"@context\":\"https:\\\/\\\/schema.org\",\"@graph\":[{\"@type\":\"WebPage\",\"@id\":\"https:\\\/\\\/www.reead.com\\\/fr\\\/concours\\\/concours-jimmy-choo-floral\\\/\",\"url\":\"https:\\\/\\\/www.reead.com\\\/fr\\\/concours\\\/concours-jimmy-choo-floral\\\/\",\"name\":\"Concours Jimmy Choo Floral\",\"isPartOf\":{\"@id\":\"https:\\\/\\\/www.reead.com\\\/fr\\\/#website\"},\"primaryImageOfPage\":{\"@id\":\"https:\\\/\\\/www.reead.com\\\/fr\\\/concours\\\/concours-jimmy-choo-floral\\\/#primaryimage\"},\"image\":{\"@id\":\"https:\\\/\\\/www.reead.com\\\/fr\\\/concours\\\/concours-jimmy-choo-floral\\\/#primaryimage\"},\"thumbnailUrl\":\"https:\\\/\\\/www.reead.com\\\/fr\\\/wp-content\\\/uploads\\\/2019\\\/03\\\/Concours-Jimmy-Choo-Floral.jpg\",\"datePublished\":\"2019-03-28T18:49:43+00:00\",\"dateModified\":\"2024-05-23T23:24:38+00:00\",\"description\":\"Participez pour peut-\u00eatre gagn\u00e9 un parfum pour femme Jimmy Choo Floral.\",\"breadcrumb\":{\"@id\":\"https:\\\/\\\/www.reead.com\\\/fr\\\/concours\\\/concours-jimmy-choo-floral\\\/#breadcrumb\"},\"inLanguage\":\"fr-FR\",\"potentialAction\":[{\"@type\":\"ReadAction\",\"target\":[\"https:\\\/\\\/www.reead.com\\\/fr\\\/concours\\\/concours-jimmy-choo-floral\\\/\"]}]},{\"@type\":\"ImageObject\",\"inLanguage\":\"fr-FR\",\"@id\":\"https:\\\/\\\/www.reead.com\\\/fr\\\/concours\\\/concours-jimmy-choo-floral\\\/#primaryimage\",\"url\":\"https:\\\/\\\/www.reead.com\\\/fr\\\/wp-content\\\/uploads\\\/2019\\\/03\\\/Concours-Jimmy-Choo-Floral.jpg\",\"contentUrl\":\"https:\\\/\\\/www.reead.com\\\/fr\\\/wp-content\\\/uploads\\\/2019\\\/03\\\/Concours-Jimmy-Choo-Floral.jpg\",\"width\":900,\"height\":741,\"caption\":\"Concours Jimmy Choo Floral\"},{\"@type\":\"BreadcrumbList\",\"@id\":\"https:\\\/\\\/www.reead.com\\\/fr\\\/concours\\\/concours-jimmy-choo-floral\\\/#breadcrumb\",\"itemListElement\":[{\"@type\":\"ListItem\",\"position\":1,\"name\":\"Accueil\",\"item\":\"https:\\\/\\\/www.reead.com\\\/fr\\\/\"},{\"@type\":\"ListItem\",\"position\":2,\"name\":\"Concours\",\"item\":\"https:\\\/\\\/www.reead.com\\\/fr\\\/concours\\\/\"},{\"@type\":\"ListItem\",\"position\":3,\"name\":\"Concours Jimmy Choo Floral\"}]},{\"@type\":\"WebSite\",\"@id\":\"https:\\\/\\\/www.reead.com\\\/fr\\\/#website\",\"url\":\"https:\\\/\\\/www.reead.com\\\/fr\\\/\",\"name\":\"Reead.com\",\"description\":\"Conseils Voyage, Mode Homme et Lifestyle\",\"publisher\":{\"@id\":\"https:\\\/\\\/www.reead.com\\\/fr\\\/#\\\/schema\\\/person\\\/551a8a4b469ab53c0b48bcd3846fb3c6\"},\"potentialAction\":[{\"@type\":\"SearchAction\",\"target\":{\"@type\":\"EntryPoint\",\"urlTemplate\":\"https:\\\/\\\/www.reead.com\\\/fr\\\/?s={search_term_string}\"},\"query-input\":{\"@type\":\"PropertyValueSpecification\",\"valueRequired\":true,\"valueName\":\"search_term_string\"}}],\"inLanguage\":\"fr-FR\"},{\"@type\":[\"Person\",\"Organization\"],\"@id\":\"https:\\\/\\\/www.reead.com\\\/fr\\\/#\\\/schema\\\/person\\\/551a8a4b469ab53c0b48bcd3846fb3c6\",\"name\":\"Reead\",\"image\":{\"@type\":\"ImageObject\",\"inLanguage\":\"fr-FR\",\"@id\":\"https:\\\/\\\/www.reead.com\\\/fr\\\/wp-content\\\/uploads\\\/2018\\\/12\\\/reead.jpg\",\"url\":\"https:\\\/\\\/www.reead.com\\\/fr\\\/wp-content\\\/uploads\\\/2018\\\/12\\\/reead.jpg\",\"contentUrl\":\"https:\\\/\\\/www.reead.com\\\/fr\\\/wp-content\\\/uploads\\\/2018\\\/12\\\/reead.jpg\",\"width\":900,\"height\":610,\"caption\":\"Reead\"},\"logo\":{\"@id\":\"https:\\\/\\\/www.reead.com\\\/fr\\\/wp-content\\\/uploads\\\/2018\\\/12\\\/reead.jpg\"},\"description\":\"Reead est un blogueur voyage fran\u00e7ais bas\u00e9 \u00e0 Las Vegas et le fondateur de Reead.com, un blog lanc\u00e9 en 2009 consacr\u00e9 aux voyages, aux miles et aux programmes de fid\u00e9lit\u00e9. Sp\u00e9cialis\u00e9 dans les cartes de cr\u00e9dit voyage, les miles et points, ainsi que les programmes comme Flying Blue, American Express Membership Rewards ou les alliances a\u00e9riennes, il partage des strat\u00e9gies concr\u00e8tes pour r\u00e9duire le co\u00fbt des voyages et optimiser les r\u00e9compenses des cartes de cr\u00e9dit. Install\u00e9 aux \u00c9tats-Unis, Reead publie \u00e9galement des guides pour visiter les USA, des analyses de programmes de fid\u00e9lit\u00e9 et des retours d\u2019exp\u00e9rience sur les compagnies a\u00e9riennes, h\u00f4tels et cartes premium. Depuis plus de 15 ans, ses articles aident les voyageurs \u00e0 comprendre les miles, accumuler des points plus rapidement et voyager dans de meilleures conditions pour moins cher. Survivant du cancer, il partage aussi une vision simple : profiter de la vie et explorer le monde intelligemment.\",\"sameAs\":[\"https:\\\/\\\/www.reead.com\\\/fr\\\/\",\"https:\\\/\\\/www.facebook.com\\\/welovereead\",\"https:\\\/\\\/www.instagram.com\\\/reead\\\/?hl=fr\",\"https:\\\/\\\/www.pinterest.com\\\/reead\\\/\",\"https:\\\/\\\/x.com\\\/blogdereead\",\"https:\\\/\\\/www.youtube.com\\\/reead\"],\"gender\":\"homme\",\"knowsAbout\":[\"Voyage\",\"miles et points\"],\"knowsLanguage\":[\"Anglais\",\"Fran\u00e7ais\"],\"publishingPrinciples\":\"https:\\\/\\\/www.reead.com\\\/fr\\\/politique-de-publication\\\/\"}]}<\/script>\n<!-- \/ Yoast SEO Premium plugin. -->","yoast_head_json":{"title":"Concours Jimmy Choo Floral","description":"Participez pour peut-\u00eatre gagn\u00e9 un parfum pour femme Jimmy Choo Floral.","robots":{"index":"noindex","follow":"follow"},"og_locale":"fr_FR","og_type":"article","og_title":"Concours Jimmy Choo Floral","og_description":"Participez pour peut-\u00eatre gagn\u00e9 un parfum pour femme Jimmy Choo Floral.","og_url":"https:\/\/www.reead.com\/fr\/concours\/concours-jimmy-choo-floral\/","og_site_name":"Conseils Voyage, Mode Homme et Lifestyle","article_publisher":"https:\/\/www.facebook.com\/welovereead","article_modified_time":"2024-05-23T23:24:38+00:00","og_image":[{"url":"https:\/\/www.reead.com\/fr\/wp-content\/uploads\/2019\/03\/Concours-Jimmy-Choo-Floral.jpg","type":"","width":"","height":""}],"twitter_card":"summary_large_image","twitter_site":"@blogdereead","schema":{"@context":"https:\/\/schema.org","@graph":[{"@type":"WebPage","@id":"https:\/\/www.reead.com\/fr\/concours\/concours-jimmy-choo-floral\/","url":"https:\/\/www.reead.com\/fr\/concours\/concours-jimmy-choo-floral\/","name":"Concours Jimmy Choo Floral","isPartOf":{"@id":"https:\/\/www.reead.com\/fr\/#website"},"primaryImageOfPage":{"@id":"https:\/\/www.reead.com\/fr\/concours\/concours-jimmy-choo-floral\/#primaryimage"},"image":{"@id":"https:\/\/www.reead.com\/fr\/concours\/concours-jimmy-choo-floral\/#primaryimage"},"thumbnailUrl":"https:\/\/www.reead.com\/fr\/wp-content\/uploads\/2019\/03\/Concours-Jimmy-Choo-Floral.jpg","datePublished":"2019-03-28T18:49:43+00:00","dateModified":"2024-05-23T23:24:38+00:00","description":"Participez pour peut-\u00eatre gagn\u00e9 un parfum pour femme Jimmy Choo Floral.","breadcrumb":{"@id":"https:\/\/www.reead.com\/fr\/concours\/concours-jimmy-choo-floral\/#breadcrumb"},"inLanguage":"fr-FR","potentialAction":[{"@type":"ReadAction","target":["https:\/\/www.reead.com\/fr\/concours\/concours-jimmy-choo-floral\/"]}]},{"@type":"ImageObject","inLanguage":"fr-FR","@id":"https:\/\/www.reead.com\/fr\/concours\/concours-jimmy-choo-floral\/#primaryimage","url":"https:\/\/www.reead.com\/fr\/wp-content\/uploads\/2019\/03\/Concours-Jimmy-Choo-Floral.jpg","contentUrl":"https:\/\/www.reead.com\/fr\/wp-content\/uploads\/2019\/03\/Concours-Jimmy-Choo-Floral.jpg","width":900,"height":741,"caption":"Concours Jimmy Choo Floral"},{"@type":"BreadcrumbList","@id":"https:\/\/www.reead.com\/fr\/concours\/concours-jimmy-choo-floral\/#breadcrumb","itemListElement":[{"@type":"ListItem","position":1,"name":"Accueil","item":"https:\/\/www.reead.com\/fr\/"},{"@type":"ListItem","position":2,"name":"Concours","item":"https:\/\/www.reead.com\/fr\/concours\/"},{"@type":"ListItem","position":3,"name":"Concours Jimmy Choo Floral"}]},{"@type":"WebSite","@id":"https:\/\/www.reead.com\/fr\/#website","url":"https:\/\/www.reead.com\/fr\/","name":"Reead.com","description":"Conseils Voyage, Mode Homme et Lifestyle","publisher":{"@id":"https:\/\/www.reead.com\/fr\/#\/schema\/person\/551a8a4b469ab53c0b48bcd3846fb3c6"},"potentialAction":[{"@type":"SearchAction","target":{"@type":"EntryPoint","urlTemplate":"https:\/\/www.reead.com\/fr\/?s={search_term_string}"},"query-input":{"@type":"PropertyValueSpecification","valueRequired":true,"valueName":"search_term_string"}}],"inLanguage":"fr-FR"},{"@type":["Person","Organization"],"@id":"https:\/\/www.reead.com\/fr\/#\/schema\/person\/551a8a4b469ab53c0b48bcd3846fb3c6","name":"Reead","image":{"@type":"ImageObject","inLanguage":"fr-FR","@id":"https:\/\/www.reead.com\/fr\/wp-content\/uploads\/2018\/12\/reead.jpg","url":"https:\/\/www.reead.com\/fr\/wp-content\/uploads\/2018\/12\/reead.jpg","contentUrl":"https:\/\/www.reead.com\/fr\/wp-content\/uploads\/2018\/12\/reead.jpg","width":900,"height":610,"caption":"Reead"},"logo":{"@id":"https:\/\/www.reead.com\/fr\/wp-content\/uploads\/2018\/12\/reead.jpg"},"description":"Reead est un blogueur voyage fran\u00e7ais bas\u00e9 \u00e0 Las Vegas et le fondateur de Reead.com, un blog lanc\u00e9 en 2009 consacr\u00e9 aux voyages, aux miles et aux programmes de fid\u00e9lit\u00e9. Sp\u00e9cialis\u00e9 dans les cartes de cr\u00e9dit voyage, les miles et points, ainsi que les programmes comme Flying Blue, American Express Membership Rewards ou les alliances a\u00e9riennes, il partage des strat\u00e9gies concr\u00e8tes pour r\u00e9duire le co\u00fbt des voyages et optimiser les r\u00e9compenses des cartes de cr\u00e9dit. Install\u00e9 aux \u00c9tats-Unis, Reead publie \u00e9galement des guides pour visiter les USA, des analyses de programmes de fid\u00e9lit\u00e9 et des retours d\u2019exp\u00e9rience sur les compagnies a\u00e9riennes, h\u00f4tels et cartes premium. Depuis plus de 15 ans, ses articles aident les voyageurs \u00e0 comprendre les miles, accumuler des points plus rapidement et voyager dans de meilleures conditions pour moins cher. Survivant du cancer, il partage aussi une vision simple : profiter de la vie et explorer le monde intelligemment.","sameAs":["https:\/\/www.reead.com\/fr\/","https:\/\/www.facebook.com\/welovereead","https:\/\/www.instagram.com\/reead\/?hl=fr","https:\/\/www.pinterest.com\/reead\/","https:\/\/x.com\/blogdereead","https:\/\/www.youtube.com\/reead"],"gender":"homme","knowsAbout":["Voyage","miles et points"],"knowsLanguage":["Anglais","Fran\u00e7ais"],"publishingPrinciples":"https:\/\/www.reead.com\/fr\/politique-de-publication\/"}]}},"_links":{"self":[{"href":"https:\/\/www.reead.com\/fr\/wp-json\/wp\/v2\/pages\/286192","targetHints":{"allow":["GET"]}}],"collection":[{"href":"https:\/\/www.reead.com\/fr\/wp-json\/wp\/v2\/pages"}],"about":[{"href":"https:\/\/www.reead.com\/fr\/wp-json\/wp\/v2\/types\/page"}],"author":[{"embeddable":true,"href":"https:\/\/www.reead.com\/fr\/wp-json\/wp\/v2\/users\/1"}],"replies":[{"embeddable":true,"href":"https:\/\/www.reead.com\/fr\/wp-json\/wp\/v2\/comments?post=286192"}],"version-history":[{"count":0,"href":"https:\/\/www.reead.com\/fr\/wp-json\/wp\/v2\/pages\/286192\/revisions"}],"up":[{"embeddable":true,"href":"https:\/\/www.reead.com\/fr\/wp-json\/wp\/v2\/pages\/12891"}],"wp:attachment":[{"href":"https:\/\/www.reead.com\/fr\/wp-json\/wp\/v2\/media?parent=286192"}],"curies":[{"name":"wp","href":"https:\/\/api.w.org\/{rel}","templated":true}]}}