{"id":268396,"date":"2019-02-21T17:13:09","date_gmt":"2019-02-21T15:13:09","guid":{"rendered":"https:\/\/www.reead.com\/fr\/?page_id=268396"},"modified":"2024-05-24T01:28:22","modified_gmt":"2024-05-23T23:28:22","slug":"concours-mont-blanc-explorer","status":"publish","type":"page","link":"https:\/\/www.reead.com\/fr\/concours\/concours-mont-blanc-explorer\/","title":{"rendered":"Concours parfum pour homme MONT BLANC EXPLORER"},"content":{"rendered":"<p><img loading=\"lazy\" decoding=\"async\" class=\"alignnone size-full wp-image-270962\" src=\"https:\/\/www.reead.com\/fr\/wp-content\/uploads\/2019\/02\/Eau-de-Parfum-Explorer-Montblanc.jpg\" alt=\"Eau de Parfum Explorer Montblanc\" width=\"900\" height=\"675\" srcset=\"https:\/\/www.reead.com\/fr\/wp-content\/uploads\/2019\/02\/Eau-de-Parfum-Explorer-Montblanc.jpg 900w,  https:\/\/www.reead.com\/fr\/wp-content\/uploads\/2019\/02\/Eau-de-Parfum-Explorer-Montblanc-610x458.jpg 610w,  https:\/\/www.reead.com\/fr\/wp-content\/uploads\/2019\/02\/Eau-de-Parfum-Explorer-Montblanc-768x576.jpg 768w\" sizes=\"auto, (max-width: 900px) 100vw, 900px\" \/><\/p>\n<p>Je suis heureux de commencer un nouveau concours sur mon blog! Gagnez 2 parfums pour homme Mont Blanc Explorer 100 ml\u00a0 de la marque am\u00e9ricaine\u00a0d&rsquo;une valeur unitaire de 89 \u20ac ! Pour moi l&rsquo;un des <a href=\"https:\/\/www.reead.com\/fr\/lifestyle\/parfums-hommes\"><strong>meilleurs parfums pour homme de 2019<\/strong><\/a> !<\/p>\n<p><b>Concours termin\u00e9 !<\/b><\/p>\n<p>Gagnant(s) :<\/p>\n<ul>\n<li>Fabienne S.<\/li>\n<li>Daniel M.<\/li>\n<\/ul>\n<p>&nbsp;<\/p>\n<p>&nbsp;<\/p>\n<p><script async src=\"\/\/pagead2.googlesyndication.com\/pagead\/js\/adsbygoogle.js\"><\/script><br \/>\n<!-- Reead.com\/fr Page Concour --><br \/>\n<ins class=\"adsbygoogle\" style=\"display: inline-block; width: 300px; height: 250px;\" data-ad-client=\"ca-pub-3306292773299946\" data-ad-slot=\"2415287309\"><\/ins><br \/>\n<script>\n(adsbygoogle = window.adsbygoogle || []).push({});\n<\/script><\/p>\n<h3>R\u00e8gles<\/h3>\n<ul>\n<li class=\"li1\"><span class=\"s2\">Vous pouvez participer au concours du 1 mars au 10 avril 2019 GMT +2<\/span><\/li>\n<li class=\"li1\"><span class=\"s2\">Une participation par personne, 18 ans et plus au risque de vous faire disqualifier du tirage au sort<\/span><\/li>\n<li class=\"li1\"><span class=\"s2\">Aucun achat n\u00e9cessaire<\/span><\/li>\n<li class=\"li1\"><span class=\"s2\">Pour participer vous devez remplir le formulaire sur cette page<\/span><\/li>\n<li class=\"li1\"><span class=\"s2\">Concours ouvert aux personnes qui r\u00e9sident en France, Belgique, Luxembourg ou Suisse.<\/span><\/li>\n<li class=\"li1\"><span class=\"s2\">2 gagnants d&rsquo;un parfum\u00a0<b>MONT BLANC EXPLORER 100 ml<\/b>\u00a0d\u2019une valeur indicative de 89 \u20ac chacun<\/span><\/li>\n<li class=\"li1\"><span class=\"s2\">Je choisirai au hasard deux d\u2019entre vous<\/span><\/li>\n<li class=\"li1\"><span class=\"s2\">Les noms des gagnantes seront affich\u00e9s sur cette page \u00e0 partir du 10 avril 2019<\/span><\/li>\n<\/ul>","protected":false},"excerpt":{"rendered":"<p>Je suis heureux de commencer un nouveau concours sur mon blog! Gagnez 2 parfums pour homme Mont Blanc Explorer 100 ml\u00a0 de la marque am\u00e9ricaine\u00a0d&rsquo;une valeur unitaire de 89 \u20ac ! Pour moi l&rsquo;un des meilleurs parfums pour homme de 2019 ! Concours termin\u00e9 ! Gagnant(s) : Fabienne S. Daniel M. &nbsp; &nbsp; R\u00e8gles Vous pouvez participer au concours du&#8230;<\/p>","protected":false},"author":1,"featured_media":0,"parent":12891,"menu_order":0,"comment_status":"closed","ping_status":"closed","template":"","meta":{"footnotes":""},"class_list":["post-268396","page","type-page","status-publish","hentry"],"yoast_head":"<!-- This site is optimized with the Yoast SEO Premium plugin v27.4 (Yoast SEO v27.4) - https:\/\/yoast.com\/product\/yoast-seo-premium-wordpress\/ -->\n<title>Concours parfum pour homme MONT BLANC EXPLORER<\/title>\n<meta name=\"description\" content=\"Participez et tentez de gagner l&#039;un des 2 parfums pour homme MONT BLANC EXPLOSRR !\" \/>\n<meta name=\"robots\" content=\"noindex, follow\" \/>\n<meta property=\"og:locale\" content=\"fr_FR\" \/>\n<meta property=\"og:type\" content=\"article\" \/>\n<meta property=\"og:title\" content=\"Concours parfum pour homme MONT BLANC EXPLORER\" \/>\n<meta property=\"og:description\" content=\"Participez et tentez de gagner l&#039;un des 2 parfums pour homme MONT BLANC EXPLOSRR !\" \/>\n<meta property=\"og:url\" content=\"https:\/\/www.reead.com\/fr\/concours\/concours-mont-blanc-explorer\/\" \/>\n<meta property=\"og:site_name\" content=\"Conseils Voyage, Mode Homme et Lifestyle\" \/>\n<meta property=\"article:publisher\" content=\"https:\/\/www.facebook.com\/welovereead\" \/>\n<meta property=\"article:modified_time\" content=\"2024-05-23T23:28:22+00:00\" \/>\n<meta property=\"og:image\" content=\"https:\/\/www.reead.com\/fr\/wp-content\/uploads\/2019\/02\/Eau-de-Parfum-Explorer-Montblanc.jpg\" \/>\n\t<meta property=\"og:image:width\" content=\"900\" \/>\n\t<meta property=\"og:image:height\" content=\"675\" \/>\n\t<meta property=\"og:image:type\" content=\"image\/jpeg\" \/>\n<meta name=\"twitter:card\" content=\"summary_large_image\" \/>\n<meta name=\"twitter:site\" content=\"@blogdereead\" \/>\n<script type=\"application\/ld+json\" class=\"yoast-schema-graph\">{\"@context\":\"https:\\\/\\\/schema.org\",\"@graph\":[{\"@type\":\"WebPage\",\"@id\":\"https:\\\/\\\/www.reead.com\\\/fr\\\/concours\\\/concours-mont-blanc-explorer\\\/\",\"url\":\"https:\\\/\\\/www.reead.com\\\/fr\\\/concours\\\/concours-mont-blanc-explorer\\\/\",\"name\":\"Concours parfum pour homme MONT BLANC EXPLORER\",\"isPartOf\":{\"@id\":\"https:\\\/\\\/www.reead.com\\\/fr\\\/#website\"},\"primaryImageOfPage\":{\"@id\":\"https:\\\/\\\/www.reead.com\\\/fr\\\/concours\\\/concours-mont-blanc-explorer\\\/#primaryimage\"},\"image\":{\"@id\":\"https:\\\/\\\/www.reead.com\\\/fr\\\/concours\\\/concours-mont-blanc-explorer\\\/#primaryimage\"},\"thumbnailUrl\":\"https:\\\/\\\/www.reead.com\\\/fr\\\/wp-content\\\/uploads\\\/2019\\\/02\\\/Eau-de-Parfum-Explorer-Montblanc.jpg\",\"datePublished\":\"2019-02-21T15:13:09+00:00\",\"dateModified\":\"2024-05-23T23:28:22+00:00\",\"description\":\"Participez et tentez de gagner l'un des 2 parfums pour homme MONT BLANC EXPLOSRR !\",\"breadcrumb\":{\"@id\":\"https:\\\/\\\/www.reead.com\\\/fr\\\/concours\\\/concours-mont-blanc-explorer\\\/#breadcrumb\"},\"inLanguage\":\"fr-FR\",\"potentialAction\":[{\"@type\":\"ReadAction\",\"target\":[\"https:\\\/\\\/www.reead.com\\\/fr\\\/concours\\\/concours-mont-blanc-explorer\\\/\"]}]},{\"@type\":\"ImageObject\",\"inLanguage\":\"fr-FR\",\"@id\":\"https:\\\/\\\/www.reead.com\\\/fr\\\/concours\\\/concours-mont-blanc-explorer\\\/#primaryimage\",\"url\":\"https:\\\/\\\/www.reead.com\\\/fr\\\/wp-content\\\/uploads\\\/2019\\\/02\\\/Eau-de-Parfum-Explorer-Montblanc.jpg\",\"contentUrl\":\"https:\\\/\\\/www.reead.com\\\/fr\\\/wp-content\\\/uploads\\\/2019\\\/02\\\/Eau-de-Parfum-Explorer-Montblanc.jpg\",\"width\":900,\"height\":675,\"caption\":\"Eau de Parfum Explorer Montblanc\"},{\"@type\":\"BreadcrumbList\",\"@id\":\"https:\\\/\\\/www.reead.com\\\/fr\\\/concours\\\/concours-mont-blanc-explorer\\\/#breadcrumb\",\"itemListElement\":[{\"@type\":\"ListItem\",\"position\":1,\"name\":\"Accueil\",\"item\":\"https:\\\/\\\/www.reead.com\\\/fr\\\/\"},{\"@type\":\"ListItem\",\"position\":2,\"name\":\"Concours\",\"item\":\"https:\\\/\\\/www.reead.com\\\/fr\\\/concours\\\/\"},{\"@type\":\"ListItem\",\"position\":3,\"name\":\"Concours parfum pour homme MONT BLANC EXPLORER\"}]},{\"@type\":\"WebSite\",\"@id\":\"https:\\\/\\\/www.reead.com\\\/fr\\\/#website\",\"url\":\"https:\\\/\\\/www.reead.com\\\/fr\\\/\",\"name\":\"Reead.com\",\"description\":\"Conseils Voyage, Mode Homme et Lifestyle\",\"publisher\":{\"@id\":\"https:\\\/\\\/www.reead.com\\\/fr\\\/#\\\/schema\\\/person\\\/551a8a4b469ab53c0b48bcd3846fb3c6\"},\"potentialAction\":[{\"@type\":\"SearchAction\",\"target\":{\"@type\":\"EntryPoint\",\"urlTemplate\":\"https:\\\/\\\/www.reead.com\\\/fr\\\/?s={search_term_string}\"},\"query-input\":{\"@type\":\"PropertyValueSpecification\",\"valueRequired\":true,\"valueName\":\"search_term_string\"}}],\"inLanguage\":\"fr-FR\"},{\"@type\":[\"Person\",\"Organization\"],\"@id\":\"https:\\\/\\\/www.reead.com\\\/fr\\\/#\\\/schema\\\/person\\\/551a8a4b469ab53c0b48bcd3846fb3c6\",\"name\":\"Reead\",\"image\":{\"@type\":\"ImageObject\",\"inLanguage\":\"fr-FR\",\"@id\":\"https:\\\/\\\/www.reead.com\\\/fr\\\/wp-content\\\/uploads\\\/2018\\\/12\\\/reead.jpg\",\"url\":\"https:\\\/\\\/www.reead.com\\\/fr\\\/wp-content\\\/uploads\\\/2018\\\/12\\\/reead.jpg\",\"contentUrl\":\"https:\\\/\\\/www.reead.com\\\/fr\\\/wp-content\\\/uploads\\\/2018\\\/12\\\/reead.jpg\",\"width\":900,\"height\":610,\"caption\":\"Reead\"},\"logo\":{\"@id\":\"https:\\\/\\\/www.reead.com\\\/fr\\\/wp-content\\\/uploads\\\/2018\\\/12\\\/reead.jpg\"},\"description\":\"Reead est un blogueur voyage fran\u00e7ais bas\u00e9 \u00e0 Las Vegas et le fondateur de Reead.com, un blog lanc\u00e9 en 2009 consacr\u00e9 aux voyages, aux miles et aux programmes de fid\u00e9lit\u00e9. Sp\u00e9cialis\u00e9 dans les cartes de cr\u00e9dit voyage, les miles et points, ainsi que les programmes comme Flying Blue, American Express Membership Rewards ou les alliances a\u00e9riennes, il partage des strat\u00e9gies concr\u00e8tes pour r\u00e9duire le co\u00fbt des voyages et optimiser les r\u00e9compenses des cartes de cr\u00e9dit. Install\u00e9 aux \u00c9tats-Unis, Reead publie \u00e9galement des guides pour visiter les USA, des analyses de programmes de fid\u00e9lit\u00e9 et des retours d\u2019exp\u00e9rience sur les compagnies a\u00e9riennes, h\u00f4tels et cartes premium. Depuis plus de 15 ans, ses articles aident les voyageurs \u00e0 comprendre les miles, accumuler des points plus rapidement et voyager dans de meilleures conditions pour moins cher. Survivant du cancer, il partage aussi une vision simple : profiter de la vie et explorer le monde intelligemment.\",\"sameAs\":[\"https:\\\/\\\/www.reead.com\\\/fr\\\/\",\"https:\\\/\\\/www.facebook.com\\\/welovereead\",\"https:\\\/\\\/www.instagram.com\\\/reead\\\/?hl=fr\",\"https:\\\/\\\/www.pinterest.com\\\/reead\\\/\",\"https:\\\/\\\/x.com\\\/blogdereead\",\"https:\\\/\\\/www.youtube.com\\\/reead\"],\"gender\":\"homme\",\"knowsAbout\":[\"Voyage\",\"miles et points\"],\"knowsLanguage\":[\"Anglais\",\"Fran\u00e7ais\"],\"publishingPrinciples\":\"https:\\\/\\\/www.reead.com\\\/fr\\\/politique-de-publication\\\/\"}]}<\/script>\n<!-- \/ Yoast SEO Premium plugin. -->","yoast_head_json":{"title":"Concours parfum pour homme MONT BLANC EXPLORER","description":"Participez et tentez de gagner l'un des 2 parfums pour homme MONT BLANC EXPLOSRR !","robots":{"index":"noindex","follow":"follow"},"og_locale":"fr_FR","og_type":"article","og_title":"Concours parfum pour homme MONT BLANC EXPLORER","og_description":"Participez et tentez de gagner l'un des 2 parfums pour homme MONT BLANC EXPLOSRR !","og_url":"https:\/\/www.reead.com\/fr\/concours\/concours-mont-blanc-explorer\/","og_site_name":"Conseils Voyage, Mode Homme et Lifestyle","article_publisher":"https:\/\/www.facebook.com\/welovereead","article_modified_time":"2024-05-23T23:28:22+00:00","og_image":[{"width":900,"height":675,"url":"https:\/\/www.reead.com\/fr\/wp-content\/uploads\/2019\/02\/Eau-de-Parfum-Explorer-Montblanc.jpg","type":"image\/jpeg"}],"twitter_card":"summary_large_image","twitter_site":"@blogdereead","schema":{"@context":"https:\/\/schema.org","@graph":[{"@type":"WebPage","@id":"https:\/\/www.reead.com\/fr\/concours\/concours-mont-blanc-explorer\/","url":"https:\/\/www.reead.com\/fr\/concours\/concours-mont-blanc-explorer\/","name":"Concours parfum pour homme MONT BLANC EXPLORER","isPartOf":{"@id":"https:\/\/www.reead.com\/fr\/#website"},"primaryImageOfPage":{"@id":"https:\/\/www.reead.com\/fr\/concours\/concours-mont-blanc-explorer\/#primaryimage"},"image":{"@id":"https:\/\/www.reead.com\/fr\/concours\/concours-mont-blanc-explorer\/#primaryimage"},"thumbnailUrl":"https:\/\/www.reead.com\/fr\/wp-content\/uploads\/2019\/02\/Eau-de-Parfum-Explorer-Montblanc.jpg","datePublished":"2019-02-21T15:13:09+00:00","dateModified":"2024-05-23T23:28:22+00:00","description":"Participez et tentez de gagner l'un des 2 parfums pour homme MONT BLANC EXPLOSRR !","breadcrumb":{"@id":"https:\/\/www.reead.com\/fr\/concours\/concours-mont-blanc-explorer\/#breadcrumb"},"inLanguage":"fr-FR","potentialAction":[{"@type":"ReadAction","target":["https:\/\/www.reead.com\/fr\/concours\/concours-mont-blanc-explorer\/"]}]},{"@type":"ImageObject","inLanguage":"fr-FR","@id":"https:\/\/www.reead.com\/fr\/concours\/concours-mont-blanc-explorer\/#primaryimage","url":"https:\/\/www.reead.com\/fr\/wp-content\/uploads\/2019\/02\/Eau-de-Parfum-Explorer-Montblanc.jpg","contentUrl":"https:\/\/www.reead.com\/fr\/wp-content\/uploads\/2019\/02\/Eau-de-Parfum-Explorer-Montblanc.jpg","width":900,"height":675,"caption":"Eau de Parfum Explorer Montblanc"},{"@type":"BreadcrumbList","@id":"https:\/\/www.reead.com\/fr\/concours\/concours-mont-blanc-explorer\/#breadcrumb","itemListElement":[{"@type":"ListItem","position":1,"name":"Accueil","item":"https:\/\/www.reead.com\/fr\/"},{"@type":"ListItem","position":2,"name":"Concours","item":"https:\/\/www.reead.com\/fr\/concours\/"},{"@type":"ListItem","position":3,"name":"Concours parfum pour homme MONT BLANC EXPLORER"}]},{"@type":"WebSite","@id":"https:\/\/www.reead.com\/fr\/#website","url":"https:\/\/www.reead.com\/fr\/","name":"Reead.com","description":"Conseils Voyage, Mode Homme et Lifestyle","publisher":{"@id":"https:\/\/www.reead.com\/fr\/#\/schema\/person\/551a8a4b469ab53c0b48bcd3846fb3c6"},"potentialAction":[{"@type":"SearchAction","target":{"@type":"EntryPoint","urlTemplate":"https:\/\/www.reead.com\/fr\/?s={search_term_string}"},"query-input":{"@type":"PropertyValueSpecification","valueRequired":true,"valueName":"search_term_string"}}],"inLanguage":"fr-FR"},{"@type":["Person","Organization"],"@id":"https:\/\/www.reead.com\/fr\/#\/schema\/person\/551a8a4b469ab53c0b48bcd3846fb3c6","name":"Reead","image":{"@type":"ImageObject","inLanguage":"fr-FR","@id":"https:\/\/www.reead.com\/fr\/wp-content\/uploads\/2018\/12\/reead.jpg","url":"https:\/\/www.reead.com\/fr\/wp-content\/uploads\/2018\/12\/reead.jpg","contentUrl":"https:\/\/www.reead.com\/fr\/wp-content\/uploads\/2018\/12\/reead.jpg","width":900,"height":610,"caption":"Reead"},"logo":{"@id":"https:\/\/www.reead.com\/fr\/wp-content\/uploads\/2018\/12\/reead.jpg"},"description":"Reead est un blogueur voyage fran\u00e7ais bas\u00e9 \u00e0 Las Vegas et le fondateur de Reead.com, un blog lanc\u00e9 en 2009 consacr\u00e9 aux voyages, aux miles et aux programmes de fid\u00e9lit\u00e9. Sp\u00e9cialis\u00e9 dans les cartes de cr\u00e9dit voyage, les miles et points, ainsi que les programmes comme Flying Blue, American Express Membership Rewards ou les alliances a\u00e9riennes, il partage des strat\u00e9gies concr\u00e8tes pour r\u00e9duire le co\u00fbt des voyages et optimiser les r\u00e9compenses des cartes de cr\u00e9dit. Install\u00e9 aux \u00c9tats-Unis, Reead publie \u00e9galement des guides pour visiter les USA, des analyses de programmes de fid\u00e9lit\u00e9 et des retours d\u2019exp\u00e9rience sur les compagnies a\u00e9riennes, h\u00f4tels et cartes premium. Depuis plus de 15 ans, ses articles aident les voyageurs \u00e0 comprendre les miles, accumuler des points plus rapidement et voyager dans de meilleures conditions pour moins cher. Survivant du cancer, il partage aussi une vision simple : profiter de la vie et explorer le monde intelligemment.","sameAs":["https:\/\/www.reead.com\/fr\/","https:\/\/www.facebook.com\/welovereead","https:\/\/www.instagram.com\/reead\/?hl=fr","https:\/\/www.pinterest.com\/reead\/","https:\/\/x.com\/blogdereead","https:\/\/www.youtube.com\/reead"],"gender":"homme","knowsAbout":["Voyage","miles et points"],"knowsLanguage":["Anglais","Fran\u00e7ais"],"publishingPrinciples":"https:\/\/www.reead.com\/fr\/politique-de-publication\/"}]}},"_links":{"self":[{"href":"https:\/\/www.reead.com\/fr\/wp-json\/wp\/v2\/pages\/268396","targetHints":{"allow":["GET"]}}],"collection":[{"href":"https:\/\/www.reead.com\/fr\/wp-json\/wp\/v2\/pages"}],"about":[{"href":"https:\/\/www.reead.com\/fr\/wp-json\/wp\/v2\/types\/page"}],"author":[{"embeddable":true,"href":"https:\/\/www.reead.com\/fr\/wp-json\/wp\/v2\/users\/1"}],"replies":[{"embeddable":true,"href":"https:\/\/www.reead.com\/fr\/wp-json\/wp\/v2\/comments?post=268396"}],"version-history":[{"count":0,"href":"https:\/\/www.reead.com\/fr\/wp-json\/wp\/v2\/pages\/268396\/revisions"}],"up":[{"embeddable":true,"href":"https:\/\/www.reead.com\/fr\/wp-json\/wp\/v2\/pages\/12891"}],"wp:attachment":[{"href":"https:\/\/www.reead.com\/fr\/wp-json\/wp\/v2\/media?parent=268396"}],"curies":[{"name":"wp","href":"https:\/\/api.w.org\/{rel}","templated":true}]}}