{"id":25506,"date":"2018-01-21T15:11:50","date_gmt":"2018-01-21T13:11:50","guid":{"rendered":"https:\/\/www.reead.com\/fr\/?page_id=25506"},"modified":"2024-05-24T01:21:24","modified_gmt":"2024-05-23T23:21:24","slug":"concours-coach","status":"publish","type":"page","link":"https:\/\/www.reead.com\/fr\/concours\/concours-coach\/","title":{"rendered":"Concours Coach"},"content":{"rendered":"<p><img loading=\"lazy\" decoding=\"async\" class=\"alignnone size-full wp-image-25508\" src=\"https:\/\/www.reead.com\/fr\/wp-content\/uploads\/2018\/01\/Coach_Man.jpg\" alt=\"Parfum Coach Man\" width=\"700\" height=\"488\" srcset=\"https:\/\/www.reead.com\/fr\/wp-content\/uploads\/2018\/01\/Coach_Man.jpg 700w,  https:\/\/www.reead.com\/fr\/wp-content\/uploads\/2018\/01\/Coach_Man-610x425.jpg 610w\" sizes=\"auto, (max-width: 700px) 100vw, 700px\" \/><\/p>\n<p>Je suis heureux de commencer un nouveau concours sur mon blog! Gagnez un parfum Coach Man 100 Ml d&rsquo;une valeur de 95 \u20ac ! Comment? Il vous suffit de remplir le formulaire ci-dessous: <strong>Concours termin\u00e9.<\/strong><\/p>\n<p>Gagnant(e) : Tony C.<\/p>\n<p><script async src=\"\/\/pagead2.googlesyndication.com\/pagead\/js\/adsbygoogle.js\"><\/script><br \/>\n<!-- Reead.com\/fr Page Concour --><br \/>\n<ins class=\"adsbygoogle\" style=\"display: inline-block; width: 300px; height: 250px;\" data-ad-client=\"ca-pub-3306292773299946\" data-ad-slot=\"2415287309\"><\/ins><br \/>\n<script>\n(adsbygoogle = window.adsbygoogle || []).push({});\n<\/script><\/p>\n<h3>R\u00e8gles<\/h3>\n<ul>\n<li>Vous pouvez participer au concours du 21 janvier au 28 f\u00e9vrier 2018 GMT +2<\/li>\n<li>Une participation par personne, 18 ans et plus.<\/li>\n<li>Aucun achat n\u00e9cessaire<\/li>\n<li>Pour participer vous devez remplir le formulaire sur cette page<\/li>\n<li>Concours ouvert aux personnes qui r\u00e9sident en France, Belgique, Luxembourg, Qu\u00e9bec (Canada) ou Suisse.<\/li>\n<li>1 parfum <strong>Coach Man<\/strong>\u00a0d&rsquo;une valeur indicative de 95 \u20ac<\/li>\n<li>Je choisirai au hasard l&rsquo;un d&rsquo;entre vous<\/li>\n<li>Le nom du ou de la\u00a0 gagnante sera affich\u00e9 sur cette page<\/li>\n<\/ul>","protected":false},"excerpt":{"rendered":"<p>Je suis heureux de commencer un nouveau concours sur mon blog! Gagnez un parfum Coach Man 100 Ml d&rsquo;une valeur de 95 \u20ac ! Comment? Il vous suffit de remplir le formulaire ci-dessous: Concours termin\u00e9. Gagnant(e) : Tony C. R\u00e8gles Vous pouvez participer au concours du 21 janvier au 28 f\u00e9vrier 2018 GMT +2 Une participation par personne, 18 ans&#8230;<\/p>","protected":false},"author":1,"featured_media":25508,"parent":12891,"menu_order":0,"comment_status":"closed","ping_status":"closed","template":"","meta":{"footnotes":""},"class_list":["post-25506","page","type-page","status-publish","has-post-thumbnail","hentry"],"yoast_head":"<!-- This site is optimized with the Yoast SEO Premium plugin v27.4 (Yoast SEO v27.4) - https:\/\/yoast.com\/product\/yoast-seo-premium-wordpress\/ -->\n<title>Concours Coach<\/title>\n<meta name=\"description\" content=\"Pour la sortie du nouveau parfum pour hommes Coach, tentez votre chance pour gagner Coach Man 100 Ml !\" \/>\n<meta name=\"robots\" content=\"noindex, follow\" \/>\n<meta property=\"og:locale\" content=\"fr_FR\" \/>\n<meta property=\"og:type\" content=\"article\" \/>\n<meta property=\"og:title\" content=\"Concours Coach\" \/>\n<meta property=\"og:description\" content=\"Pour la sortie du nouveau parfum pour hommes Coach, tentez votre chance pour gagner Coach Man 100 Ml !\" \/>\n<meta property=\"og:url\" content=\"https:\/\/www.reead.com\/fr\/concours\/concours-coach\/\" \/>\n<meta property=\"og:site_name\" content=\"Conseils Voyage, Mode Homme et Lifestyle\" \/>\n<meta property=\"article:publisher\" content=\"https:\/\/www.facebook.com\/welovereead\" \/>\n<meta property=\"article:modified_time\" content=\"2024-05-23T23:21:24+00:00\" \/>\n<meta property=\"og:image\" content=\"https:\/\/www.reead.com\/fr\/wp-content\/uploads\/2018\/01\/Coach_Man.jpg\" \/>\n\t<meta property=\"og:image:width\" content=\"700\" \/>\n\t<meta property=\"og:image:height\" content=\"488\" \/>\n\t<meta property=\"og:image:type\" content=\"image\/jpeg\" \/>\n<meta name=\"twitter:card\" content=\"summary_large_image\" \/>\n<meta name=\"twitter:site\" content=\"@blogdereead\" \/>\n<script type=\"application\/ld+json\" class=\"yoast-schema-graph\">{\"@context\":\"https:\\\/\\\/schema.org\",\"@graph\":[{\"@type\":\"WebPage\",\"@id\":\"https:\\\/\\\/www.reead.com\\\/fr\\\/concours\\\/concours-coach\\\/\",\"url\":\"https:\\\/\\\/www.reead.com\\\/fr\\\/concours\\\/concours-coach\\\/\",\"name\":\"Concours Coach\",\"isPartOf\":{\"@id\":\"https:\\\/\\\/www.reead.com\\\/fr\\\/#website\"},\"primaryImageOfPage\":{\"@id\":\"https:\\\/\\\/www.reead.com\\\/fr\\\/concours\\\/concours-coach\\\/#primaryimage\"},\"image\":{\"@id\":\"https:\\\/\\\/www.reead.com\\\/fr\\\/concours\\\/concours-coach\\\/#primaryimage\"},\"thumbnailUrl\":\"https:\\\/\\\/www.reead.com\\\/fr\\\/wp-content\\\/uploads\\\/2018\\\/01\\\/Coach_Man.jpg\",\"datePublished\":\"2018-01-21T13:11:50+00:00\",\"dateModified\":\"2024-05-23T23:21:24+00:00\",\"description\":\"Pour la sortie du nouveau parfum pour hommes Coach, tentez votre chance pour gagner Coach Man 100 Ml !\",\"breadcrumb\":{\"@id\":\"https:\\\/\\\/www.reead.com\\\/fr\\\/concours\\\/concours-coach\\\/#breadcrumb\"},\"inLanguage\":\"fr-FR\",\"potentialAction\":[{\"@type\":\"ReadAction\",\"target\":[\"https:\\\/\\\/www.reead.com\\\/fr\\\/concours\\\/concours-coach\\\/\"]}]},{\"@type\":\"ImageObject\",\"inLanguage\":\"fr-FR\",\"@id\":\"https:\\\/\\\/www.reead.com\\\/fr\\\/concours\\\/concours-coach\\\/#primaryimage\",\"url\":\"https:\\\/\\\/www.reead.com\\\/fr\\\/wp-content\\\/uploads\\\/2018\\\/01\\\/Coach_Man.jpg\",\"contentUrl\":\"https:\\\/\\\/www.reead.com\\\/fr\\\/wp-content\\\/uploads\\\/2018\\\/01\\\/Coach_Man.jpg\",\"width\":700,\"height\":488,\"caption\":\"Parfum Coach Man\"},{\"@type\":\"BreadcrumbList\",\"@id\":\"https:\\\/\\\/www.reead.com\\\/fr\\\/concours\\\/concours-coach\\\/#breadcrumb\",\"itemListElement\":[{\"@type\":\"ListItem\",\"position\":1,\"name\":\"Accueil\",\"item\":\"https:\\\/\\\/www.reead.com\\\/fr\\\/\"},{\"@type\":\"ListItem\",\"position\":2,\"name\":\"Concours\",\"item\":\"https:\\\/\\\/www.reead.com\\\/fr\\\/concours\\\/\"},{\"@type\":\"ListItem\",\"position\":3,\"name\":\"Concours Coach\"}]},{\"@type\":\"WebSite\",\"@id\":\"https:\\\/\\\/www.reead.com\\\/fr\\\/#website\",\"url\":\"https:\\\/\\\/www.reead.com\\\/fr\\\/\",\"name\":\"Reead.com\",\"description\":\"Conseils Voyage, Mode Homme et Lifestyle\",\"publisher\":{\"@id\":\"https:\\\/\\\/www.reead.com\\\/fr\\\/#\\\/schema\\\/person\\\/551a8a4b469ab53c0b48bcd3846fb3c6\"},\"potentialAction\":[{\"@type\":\"SearchAction\",\"target\":{\"@type\":\"EntryPoint\",\"urlTemplate\":\"https:\\\/\\\/www.reead.com\\\/fr\\\/?s={search_term_string}\"},\"query-input\":{\"@type\":\"PropertyValueSpecification\",\"valueRequired\":true,\"valueName\":\"search_term_string\"}}],\"inLanguage\":\"fr-FR\"},{\"@type\":[\"Person\",\"Organization\"],\"@id\":\"https:\\\/\\\/www.reead.com\\\/fr\\\/#\\\/schema\\\/person\\\/551a8a4b469ab53c0b48bcd3846fb3c6\",\"name\":\"Reead\",\"image\":{\"@type\":\"ImageObject\",\"inLanguage\":\"fr-FR\",\"@id\":\"https:\\\/\\\/www.reead.com\\\/fr\\\/wp-content\\\/uploads\\\/2018\\\/12\\\/reead.jpg\",\"url\":\"https:\\\/\\\/www.reead.com\\\/fr\\\/wp-content\\\/uploads\\\/2018\\\/12\\\/reead.jpg\",\"contentUrl\":\"https:\\\/\\\/www.reead.com\\\/fr\\\/wp-content\\\/uploads\\\/2018\\\/12\\\/reead.jpg\",\"width\":900,\"height\":610,\"caption\":\"Reead\"},\"logo\":{\"@id\":\"https:\\\/\\\/www.reead.com\\\/fr\\\/wp-content\\\/uploads\\\/2018\\\/12\\\/reead.jpg\"},\"description\":\"Reead est un blogueur voyage fran\u00e7ais bas\u00e9 \u00e0 Las Vegas et le fondateur de Reead.com, un blog lanc\u00e9 en 2009 consacr\u00e9 aux voyages, aux miles et aux programmes de fid\u00e9lit\u00e9. Sp\u00e9cialis\u00e9 dans les cartes de cr\u00e9dit voyage, les miles et points, ainsi que les programmes comme Flying Blue, American Express Membership Rewards ou les alliances a\u00e9riennes, il partage des strat\u00e9gies concr\u00e8tes pour r\u00e9duire le co\u00fbt des voyages et optimiser les r\u00e9compenses des cartes de cr\u00e9dit. Install\u00e9 aux \u00c9tats-Unis, Reead publie \u00e9galement des guides pour visiter les USA, des analyses de programmes de fid\u00e9lit\u00e9 et des retours d\u2019exp\u00e9rience sur les compagnies a\u00e9riennes, h\u00f4tels et cartes premium. Depuis plus de 15 ans, ses articles aident les voyageurs \u00e0 comprendre les miles, accumuler des points plus rapidement et voyager dans de meilleures conditions pour moins cher. Survivant du cancer, il partage aussi une vision simple : profiter de la vie et explorer le monde intelligemment.\",\"sameAs\":[\"https:\\\/\\\/www.reead.com\\\/fr\\\/\",\"https:\\\/\\\/www.facebook.com\\\/welovereead\",\"https:\\\/\\\/www.instagram.com\\\/reead\\\/?hl=fr\",\"https:\\\/\\\/www.pinterest.com\\\/reead\\\/\",\"https:\\\/\\\/x.com\\\/blogdereead\",\"https:\\\/\\\/www.youtube.com\\\/reead\"],\"gender\":\"homme\",\"knowsAbout\":[\"Voyage\",\"miles et points\"],\"knowsLanguage\":[\"Anglais\",\"Fran\u00e7ais\"],\"publishingPrinciples\":\"https:\\\/\\\/www.reead.com\\\/fr\\\/politique-de-publication\\\/\"}]}<\/script>\n<!-- \/ Yoast SEO Premium plugin. -->","yoast_head_json":{"title":"Concours Coach","description":"Pour la sortie du nouveau parfum pour hommes Coach, tentez votre chance pour gagner Coach Man 100 Ml !","robots":{"index":"noindex","follow":"follow"},"og_locale":"fr_FR","og_type":"article","og_title":"Concours Coach","og_description":"Pour la sortie du nouveau parfum pour hommes Coach, tentez votre chance pour gagner Coach Man 100 Ml !","og_url":"https:\/\/www.reead.com\/fr\/concours\/concours-coach\/","og_site_name":"Conseils Voyage, Mode Homme et Lifestyle","article_publisher":"https:\/\/www.facebook.com\/welovereead","article_modified_time":"2024-05-23T23:21:24+00:00","og_image":[{"width":700,"height":488,"url":"https:\/\/www.reead.com\/fr\/wp-content\/uploads\/2018\/01\/Coach_Man.jpg","type":"image\/jpeg"}],"twitter_card":"summary_large_image","twitter_site":"@blogdereead","schema":{"@context":"https:\/\/schema.org","@graph":[{"@type":"WebPage","@id":"https:\/\/www.reead.com\/fr\/concours\/concours-coach\/","url":"https:\/\/www.reead.com\/fr\/concours\/concours-coach\/","name":"Concours Coach","isPartOf":{"@id":"https:\/\/www.reead.com\/fr\/#website"},"primaryImageOfPage":{"@id":"https:\/\/www.reead.com\/fr\/concours\/concours-coach\/#primaryimage"},"image":{"@id":"https:\/\/www.reead.com\/fr\/concours\/concours-coach\/#primaryimage"},"thumbnailUrl":"https:\/\/www.reead.com\/fr\/wp-content\/uploads\/2018\/01\/Coach_Man.jpg","datePublished":"2018-01-21T13:11:50+00:00","dateModified":"2024-05-23T23:21:24+00:00","description":"Pour la sortie du nouveau parfum pour hommes Coach, tentez votre chance pour gagner Coach Man 100 Ml !","breadcrumb":{"@id":"https:\/\/www.reead.com\/fr\/concours\/concours-coach\/#breadcrumb"},"inLanguage":"fr-FR","potentialAction":[{"@type":"ReadAction","target":["https:\/\/www.reead.com\/fr\/concours\/concours-coach\/"]}]},{"@type":"ImageObject","inLanguage":"fr-FR","@id":"https:\/\/www.reead.com\/fr\/concours\/concours-coach\/#primaryimage","url":"https:\/\/www.reead.com\/fr\/wp-content\/uploads\/2018\/01\/Coach_Man.jpg","contentUrl":"https:\/\/www.reead.com\/fr\/wp-content\/uploads\/2018\/01\/Coach_Man.jpg","width":700,"height":488,"caption":"Parfum Coach Man"},{"@type":"BreadcrumbList","@id":"https:\/\/www.reead.com\/fr\/concours\/concours-coach\/#breadcrumb","itemListElement":[{"@type":"ListItem","position":1,"name":"Accueil","item":"https:\/\/www.reead.com\/fr\/"},{"@type":"ListItem","position":2,"name":"Concours","item":"https:\/\/www.reead.com\/fr\/concours\/"},{"@type":"ListItem","position":3,"name":"Concours Coach"}]},{"@type":"WebSite","@id":"https:\/\/www.reead.com\/fr\/#website","url":"https:\/\/www.reead.com\/fr\/","name":"Reead.com","description":"Conseils Voyage, Mode Homme et Lifestyle","publisher":{"@id":"https:\/\/www.reead.com\/fr\/#\/schema\/person\/551a8a4b469ab53c0b48bcd3846fb3c6"},"potentialAction":[{"@type":"SearchAction","target":{"@type":"EntryPoint","urlTemplate":"https:\/\/www.reead.com\/fr\/?s={search_term_string}"},"query-input":{"@type":"PropertyValueSpecification","valueRequired":true,"valueName":"search_term_string"}}],"inLanguage":"fr-FR"},{"@type":["Person","Organization"],"@id":"https:\/\/www.reead.com\/fr\/#\/schema\/person\/551a8a4b469ab53c0b48bcd3846fb3c6","name":"Reead","image":{"@type":"ImageObject","inLanguage":"fr-FR","@id":"https:\/\/www.reead.com\/fr\/wp-content\/uploads\/2018\/12\/reead.jpg","url":"https:\/\/www.reead.com\/fr\/wp-content\/uploads\/2018\/12\/reead.jpg","contentUrl":"https:\/\/www.reead.com\/fr\/wp-content\/uploads\/2018\/12\/reead.jpg","width":900,"height":610,"caption":"Reead"},"logo":{"@id":"https:\/\/www.reead.com\/fr\/wp-content\/uploads\/2018\/12\/reead.jpg"},"description":"Reead est un blogueur voyage fran\u00e7ais bas\u00e9 \u00e0 Las Vegas et le fondateur de Reead.com, un blog lanc\u00e9 en 2009 consacr\u00e9 aux voyages, aux miles et aux programmes de fid\u00e9lit\u00e9. Sp\u00e9cialis\u00e9 dans les cartes de cr\u00e9dit voyage, les miles et points, ainsi que les programmes comme Flying Blue, American Express Membership Rewards ou les alliances a\u00e9riennes, il partage des strat\u00e9gies concr\u00e8tes pour r\u00e9duire le co\u00fbt des voyages et optimiser les r\u00e9compenses des cartes de cr\u00e9dit. Install\u00e9 aux \u00c9tats-Unis, Reead publie \u00e9galement des guides pour visiter les USA, des analyses de programmes de fid\u00e9lit\u00e9 et des retours d\u2019exp\u00e9rience sur les compagnies a\u00e9riennes, h\u00f4tels et cartes premium. Depuis plus de 15 ans, ses articles aident les voyageurs \u00e0 comprendre les miles, accumuler des points plus rapidement et voyager dans de meilleures conditions pour moins cher. Survivant du cancer, il partage aussi une vision simple : profiter de la vie et explorer le monde intelligemment.","sameAs":["https:\/\/www.reead.com\/fr\/","https:\/\/www.facebook.com\/welovereead","https:\/\/www.instagram.com\/reead\/?hl=fr","https:\/\/www.pinterest.com\/reead\/","https:\/\/x.com\/blogdereead","https:\/\/www.youtube.com\/reead"],"gender":"homme","knowsAbout":["Voyage","miles et points"],"knowsLanguage":["Anglais","Fran\u00e7ais"],"publishingPrinciples":"https:\/\/www.reead.com\/fr\/politique-de-publication\/"}]}},"_links":{"self":[{"href":"https:\/\/www.reead.com\/fr\/wp-json\/wp\/v2\/pages\/25506","targetHints":{"allow":["GET"]}}],"collection":[{"href":"https:\/\/www.reead.com\/fr\/wp-json\/wp\/v2\/pages"}],"about":[{"href":"https:\/\/www.reead.com\/fr\/wp-json\/wp\/v2\/types\/page"}],"author":[{"embeddable":true,"href":"https:\/\/www.reead.com\/fr\/wp-json\/wp\/v2\/users\/1"}],"replies":[{"embeddable":true,"href":"https:\/\/www.reead.com\/fr\/wp-json\/wp\/v2\/comments?post=25506"}],"version-history":[{"count":0,"href":"https:\/\/www.reead.com\/fr\/wp-json\/wp\/v2\/pages\/25506\/revisions"}],"up":[{"embeddable":true,"href":"https:\/\/www.reead.com\/fr\/wp-json\/wp\/v2\/pages\/12891"}],"wp:featuredmedia":[{"embeddable":true,"href":"https:\/\/www.reead.com\/fr\/wp-json\/wp\/v2\/media\/25508"}],"wp:attachment":[{"href":"https:\/\/www.reead.com\/fr\/wp-json\/wp\/v2\/media?parent=25506"}],"curies":[{"name":"wp","href":"https:\/\/api.w.org\/{rel}","templated":true}]}}