{"id":10630,"date":"2016-11-05T08:08:49","date_gmt":"2016-11-05T06:08:49","guid":{"rendered":"http:\/\/www.reead.com\/fr\/?page_id=10630"},"modified":"2023-12-06T00:09:54","modified_gmt":"2023-12-05T22:09:54","slug":"codespromos","status":"publish","type":"page","link":"https:\/\/www.reead.com\/fr\/codespromos\/","title":{"rendered":"Codes promos voyage, shopping et mode"},"content":{"rendered":"<h2><strong>Code promos Banque<\/strong><\/h2>\n<div id=\"footable_parent_452004\"\n         class=\"footable_parent ninja_table_wrapper loading_ninja_table wp_table_data_press_parent semantic_ui colored_table\">\n                <table data-ninja_table_instance=\"ninja_table_instance_0\" data-footable_id=\"452004\" data-filter-delay=\"1000\" aria-label=\"Code promos Banque\"            id=\"footable_452004\"\n           data-unique_identifier=\"ninja_table_unique_id_2086076610_452004\"\n           class=\"foo-table ninja_footable foo_table_452004 ninja_table_unique_id_2086076610_452004 ui table  blue nt_type_ajax_table selectable celled hide_horizonal_borders striped compact vertical_centered inverted footable-paging-right ninja_table_search_disabled ninja_table_pro\">\n                <colgroup>\n                            <col class=\"ninja_column_0\">\n                            <col class=\"ninja_column_1\">\n                            <col class=\"ninja_column_2\">\n                            <col class=\"ninja_column_3\">\n                    <\/colgroup>\n            <\/table>\n    \n    \n    \n<\/div>\n\n<h2>Codes promos voyage et vacances<\/h2>\n<div id=\"footable_parent_451997\"\n         class=\"footable_parent ninja_table_wrapper loading_ninja_table wp_table_data_press_parent semantic_ui\">\n                <table data-ninja_table_instance=\"ninja_table_instance_1\" data-footable_id=\"451997\" data-filter-delay=\"1000\" aria-label=\"Codes promos voyage et vacances\"            id=\"footable_451997\"\n           data-unique_identifier=\"ninja_table_unique_id_2648743946_451997\"\n           class=\"foo-table ninja_footable foo_table_451997 ninja_table_unique_id_2648743946_451997 ui table  nt_type_ajax_table selectable celled hide_horizonal_borders striped compact vertical_centered  footable-paging-right ninja_table_search_disabled ninja_table_pro\">\n                <colgroup>\n                            <col class=\"ninja_column_0\">\n                            <col class=\"ninja_column_1\">\n                            <col class=\"ninja_column_2\">\n                            <col class=\"ninja_column_3\">\n                    <\/colgroup>\n            <\/table>\n    \n    \n    \n<\/div>\n\n<h2><strong>Code promos Mode<\/strong><\/h2>\n<div id=\"footable_parent_451999\"\n         class=\"footable_parent ninja_table_wrapper loading_ninja_table wp_table_data_press_parent semantic_ui\">\n                <table data-ninja_table_instance=\"ninja_table_instance_2\" data-footable_id=\"451999\" data-filter-delay=\"1000\" aria-label=\"Code promos Mode et Shopping\"            id=\"footable_451999\"\n           data-unique_identifier=\"ninja_table_unique_id_2651665261_451999\"\n           class=\"foo-table ninja_footable foo_table_451999 ninja_table_unique_id_2651665261_451999 ui table  nt_type_ajax_table selectable celled hide_horizonal_borders striped compact vertical_centered  footable-paging-right ninja_table_search_disabled ninja_table_pro\">\n                <colgroup>\n                            <col class=\"ninja_column_0\">\n                            <col class=\"ninja_column_1\">\n                            <col class=\"ninja_column_2\">\n                            <col class=\"ninja_column_3\">\n                    <\/colgroup>\n            <\/table>\n    \n    \n    \n<\/div>\n\n<p>&nbsp;<\/p>\n<h2><strong>Code promos Restaurants<\/strong><\/h2>\n<div id=\"footable_parent_452000\"\n         class=\"footable_parent ninja_table_wrapper loading_ninja_table wp_table_data_press_parent semantic_ui\">\n                <table data-ninja_table_instance=\"ninja_table_instance_3\" data-footable_id=\"452000\" data-filter-delay=\"1000\" aria-label=\"Code promos Restaurants et Boissons\"            id=\"footable_452000\"\n           data-unique_identifier=\"ninja_table_unique_id_2307487411_452000\"\n           class=\"foo-table ninja_footable foo_table_452000 ninja_table_unique_id_2307487411_452000 ui table  nt_type_ajax_table selectable celled hide_horizonal_borders striped compact vertical_centered  footable-paging-right ninja_table_search_disabled ninja_table_pro\">\n                <colgroup>\n                            <col class=\"ninja_column_0\">\n                            <col class=\"ninja_column_1\">\n                            <col class=\"ninja_column_2\">\n                            <col class=\"ninja_column_3\">\n                    <\/colgroup>\n            <\/table>\n    \n    \n    \n<\/div>\n\n<p>Il ya des milliers de <strong>codes promos<\/strong> en ligne&#8230; qui ne fonctionnent jamais, ou presque ! Mais cette \u00e9poque est termin\u00e9e !<\/p>\n<p>Dans cette page retrouvez tous mes <strong>codes promo qui fonctionnent<\/strong>, offres sp\u00e9ciales et autres bons plans que je v\u00e9rifie le plus r\u00e9guli\u00e8rement possible afin de vous permettre de ne pas perdre de temps. Pensez \u00e0 ajouter cette page \u00e0 vos favoris !<\/p>\n<p>Pensez \u00e9galement \u00e0 consulter ma page de codes promos \u00e0 pr\u00e9senter en boutique, je viens de la lancer, <a href=\"https:\/\/www.reead.com\/fr\/offres-boutiques\/\" target=\"_blank\" rel=\"noopener\"><strong>cliquer-ici<\/strong><\/a> !<\/p>\n<p>&nbsp;<\/p>\n<p>Attention ! Les promos peuvent changer et Reead.com ne peut en aucun cas garantir la validit\u00e9 des promotions de sites tiers ou \u00eatre responsable.<\/p>","protected":false},"excerpt":{"rendered":"<p>Code promos Banque Codes promos voyage et vacances Code promos Mode &nbsp; Code promos Restaurants Il ya des milliers de codes promos en ligne&#8230; qui ne fonctionnent jamais, ou presque ! Mais cette \u00e9poque est termin\u00e9e ! Dans cette page retrouvez tous mes codes promo qui fonctionnent, offres sp\u00e9ciales et autres bons plans que je v\u00e9rifie le plus r\u00e9guli\u00e8rement possible&#8230;<\/p>","protected":false},"author":1,"featured_media":0,"parent":0,"menu_order":0,"comment_status":"closed","ping_status":"closed","template":"my-templates\/template-fullwidth.php","meta":{"footnotes":""},"class_list":["post-10630","page","type-page","status-publish","hentry"],"yoast_head":"<!-- This site is optimized with the Yoast SEO Premium plugin v27.4 (Yoast SEO v27.4) - https:\/\/yoast.com\/product\/yoast-seo-premium-wordpress\/ -->\n<title>Codes promos voyage, shopping et mode<\/title>\n<meta name=\"description\" content=\"Codes promos modes et bons plans shopping, voyage et argent. voici ma liste rien que pour vous pour faire des \u00e9conomies.\" \/>\n<meta name=\"robots\" content=\"index, follow, max-snippet:-1, max-image-preview:large, max-video-preview:-1\" \/>\n<link rel=\"canonical\" href=\"https:\/\/www.reead.com\/fr\/codespromos\/\" \/>\n<meta property=\"og:locale\" content=\"fr_FR\" \/>\n<meta property=\"og:type\" content=\"article\" \/>\n<meta property=\"og:title\" content=\"Codes promos voyage, shopping et mode\" \/>\n<meta property=\"og:description\" content=\"Codes promos modes et bons plans shopping, voyage et argent. voici ma liste rien que pour vous pour faire des \u00e9conomies.\" \/>\n<meta property=\"og:url\" content=\"https:\/\/www.reead.com\/fr\/codespromos\/\" \/>\n<meta property=\"og:site_name\" content=\"Conseils Voyage, Mode Homme et Lifestyle\" \/>\n<meta property=\"article:publisher\" content=\"https:\/\/www.facebook.com\/welovereead\" \/>\n<meta property=\"article:modified_time\" content=\"2023-12-05T22:09:54+00:00\" \/>\n<meta property=\"og:image\" content=\"https:\/\/www.reead.com\/fr\/wp-content\/uploads\/2016\/11\/reductions.jpg\" \/>\n\t<meta property=\"og:image:width\" content=\"800\" \/>\n\t<meta property=\"og:image:height\" content=\"444\" \/>\n\t<meta property=\"og:image:type\" content=\"image\/jpeg\" \/>\n<meta name=\"twitter:card\" content=\"summary_large_image\" \/>\n<meta name=\"twitter:site\" content=\"@blogdereead\" \/>\n<script type=\"application\/ld+json\" class=\"yoast-schema-graph\">{\"@context\":\"https:\\\/\\\/schema.org\",\"@graph\":[{\"@type\":\"WebPage\",\"@id\":\"https:\\\/\\\/www.reead.com\\\/fr\\\/codespromos\\\/\",\"url\":\"https:\\\/\\\/www.reead.com\\\/fr\\\/codespromos\\\/\",\"name\":\"Codes promos voyage, shopping et mode\",\"isPartOf\":{\"@id\":\"https:\\\/\\\/www.reead.com\\\/fr\\\/#website\"},\"datePublished\":\"2016-11-05T06:08:49+00:00\",\"dateModified\":\"2023-12-05T22:09:54+00:00\",\"description\":\"Codes promos modes et bons plans shopping, voyage et argent. voici ma liste rien que pour vous pour faire des \u00e9conomies.\",\"breadcrumb\":{\"@id\":\"https:\\\/\\\/www.reead.com\\\/fr\\\/codespromos\\\/#breadcrumb\"},\"inLanguage\":\"fr-FR\",\"potentialAction\":[{\"@type\":\"ReadAction\",\"target\":[\"https:\\\/\\\/www.reead.com\\\/fr\\\/codespromos\\\/\"]}]},{\"@type\":\"BreadcrumbList\",\"@id\":\"https:\\\/\\\/www.reead.com\\\/fr\\\/codespromos\\\/#breadcrumb\",\"itemListElement\":[{\"@type\":\"ListItem\",\"position\":1,\"name\":\"Accueil\",\"item\":\"https:\\\/\\\/www.reead.com\\\/fr\\\/\"},{\"@type\":\"ListItem\",\"position\":2,\"name\":\"Codes promos voyage, shopping et mode\"}]},{\"@type\":\"WebSite\",\"@id\":\"https:\\\/\\\/www.reead.com\\\/fr\\\/#website\",\"url\":\"https:\\\/\\\/www.reead.com\\\/fr\\\/\",\"name\":\"Reead.com\",\"description\":\"Conseils Voyage, Mode Homme et Lifestyle\",\"publisher\":{\"@id\":\"https:\\\/\\\/www.reead.com\\\/fr\\\/#\\\/schema\\\/person\\\/551a8a4b469ab53c0b48bcd3846fb3c6\"},\"potentialAction\":[{\"@type\":\"SearchAction\",\"target\":{\"@type\":\"EntryPoint\",\"urlTemplate\":\"https:\\\/\\\/www.reead.com\\\/fr\\\/?s={search_term_string}\"},\"query-input\":{\"@type\":\"PropertyValueSpecification\",\"valueRequired\":true,\"valueName\":\"search_term_string\"}}],\"inLanguage\":\"fr-FR\"},{\"@type\":[\"Person\",\"Organization\"],\"@id\":\"https:\\\/\\\/www.reead.com\\\/fr\\\/#\\\/schema\\\/person\\\/551a8a4b469ab53c0b48bcd3846fb3c6\",\"name\":\"Reead\",\"image\":{\"@type\":\"ImageObject\",\"inLanguage\":\"fr-FR\",\"@id\":\"https:\\\/\\\/www.reead.com\\\/fr\\\/wp-content\\\/uploads\\\/2018\\\/12\\\/reead.jpg\",\"url\":\"https:\\\/\\\/www.reead.com\\\/fr\\\/wp-content\\\/uploads\\\/2018\\\/12\\\/reead.jpg\",\"contentUrl\":\"https:\\\/\\\/www.reead.com\\\/fr\\\/wp-content\\\/uploads\\\/2018\\\/12\\\/reead.jpg\",\"width\":900,\"height\":610,\"caption\":\"Reead\"},\"logo\":{\"@id\":\"https:\\\/\\\/www.reead.com\\\/fr\\\/wp-content\\\/uploads\\\/2018\\\/12\\\/reead.jpg\"},\"description\":\"Reead est un blogueur voyage fran\u00e7ais bas\u00e9 \u00e0 Las Vegas et le fondateur de Reead.com, un blog lanc\u00e9 en 2009 consacr\u00e9 aux voyages, aux miles et aux programmes de fid\u00e9lit\u00e9. Sp\u00e9cialis\u00e9 dans les cartes de cr\u00e9dit voyage, les miles et points, ainsi que les programmes comme Flying Blue, American Express Membership Rewards ou les alliances a\u00e9riennes, il partage des strat\u00e9gies concr\u00e8tes pour r\u00e9duire le co\u00fbt des voyages et optimiser les r\u00e9compenses des cartes de cr\u00e9dit. Install\u00e9 aux \u00c9tats-Unis, Reead publie \u00e9galement des guides pour visiter les USA, des analyses de programmes de fid\u00e9lit\u00e9 et des retours d\u2019exp\u00e9rience sur les compagnies a\u00e9riennes, h\u00f4tels et cartes premium. Depuis plus de 15 ans, ses articles aident les voyageurs \u00e0 comprendre les miles, accumuler des points plus rapidement et voyager dans de meilleures conditions pour moins cher. Survivant du cancer, il partage aussi une vision simple : profiter de la vie et explorer le monde intelligemment.\",\"sameAs\":[\"https:\\\/\\\/www.reead.com\\\/fr\\\/\",\"https:\\\/\\\/www.facebook.com\\\/welovereead\",\"https:\\\/\\\/www.instagram.com\\\/reead\\\/?hl=fr\",\"https:\\\/\\\/www.pinterest.com\\\/reead\\\/\",\"https:\\\/\\\/x.com\\\/blogdereead\",\"https:\\\/\\\/www.youtube.com\\\/reead\"],\"gender\":\"homme\",\"knowsAbout\":[\"Voyage\",\"miles et points\"],\"knowsLanguage\":[\"Anglais\",\"Fran\u00e7ais\"],\"publishingPrinciples\":\"https:\\\/\\\/www.reead.com\\\/fr\\\/politique-de-publication\\\/\"}]}<\/script>\n<!-- \/ Yoast SEO Premium plugin. -->","yoast_head_json":{"title":"Codes promos voyage, shopping et mode","description":"Codes promos modes et bons plans shopping, voyage et argent. voici ma liste rien que pour vous pour faire des \u00e9conomies.","robots":{"index":"index","follow":"follow","max-snippet":"max-snippet:-1","max-image-preview":"max-image-preview:large","max-video-preview":"max-video-preview:-1"},"canonical":"https:\/\/www.reead.com\/fr\/codespromos\/","og_locale":"fr_FR","og_type":"article","og_title":"Codes promos voyage, shopping et mode","og_description":"Codes promos modes et bons plans shopping, voyage et argent. voici ma liste rien que pour vous pour faire des \u00e9conomies.","og_url":"https:\/\/www.reead.com\/fr\/codespromos\/","og_site_name":"Conseils Voyage, Mode Homme et Lifestyle","article_publisher":"https:\/\/www.facebook.com\/welovereead","article_modified_time":"2023-12-05T22:09:54+00:00","og_image":[{"width":800,"height":444,"url":"https:\/\/www.reead.com\/fr\/wp-content\/uploads\/2016\/11\/reductions.jpg","type":"image\/jpeg"}],"twitter_card":"summary_large_image","twitter_site":"@blogdereead","schema":{"@context":"https:\/\/schema.org","@graph":[{"@type":"WebPage","@id":"https:\/\/www.reead.com\/fr\/codespromos\/","url":"https:\/\/www.reead.com\/fr\/codespromos\/","name":"Codes promos voyage, shopping et mode","isPartOf":{"@id":"https:\/\/www.reead.com\/fr\/#website"},"datePublished":"2016-11-05T06:08:49+00:00","dateModified":"2023-12-05T22:09:54+00:00","description":"Codes promos modes et bons plans shopping, voyage et argent. voici ma liste rien que pour vous pour faire des \u00e9conomies.","breadcrumb":{"@id":"https:\/\/www.reead.com\/fr\/codespromos\/#breadcrumb"},"inLanguage":"fr-FR","potentialAction":[{"@type":"ReadAction","target":["https:\/\/www.reead.com\/fr\/codespromos\/"]}]},{"@type":"BreadcrumbList","@id":"https:\/\/www.reead.com\/fr\/codespromos\/#breadcrumb","itemListElement":[{"@type":"ListItem","position":1,"name":"Accueil","item":"https:\/\/www.reead.com\/fr\/"},{"@type":"ListItem","position":2,"name":"Codes promos voyage, shopping et mode"}]},{"@type":"WebSite","@id":"https:\/\/www.reead.com\/fr\/#website","url":"https:\/\/www.reead.com\/fr\/","name":"Reead.com","description":"Conseils Voyage, Mode Homme et Lifestyle","publisher":{"@id":"https:\/\/www.reead.com\/fr\/#\/schema\/person\/551a8a4b469ab53c0b48bcd3846fb3c6"},"potentialAction":[{"@type":"SearchAction","target":{"@type":"EntryPoint","urlTemplate":"https:\/\/www.reead.com\/fr\/?s={search_term_string}"},"query-input":{"@type":"PropertyValueSpecification","valueRequired":true,"valueName":"search_term_string"}}],"inLanguage":"fr-FR"},{"@type":["Person","Organization"],"@id":"https:\/\/www.reead.com\/fr\/#\/schema\/person\/551a8a4b469ab53c0b48bcd3846fb3c6","name":"Reead","image":{"@type":"ImageObject","inLanguage":"fr-FR","@id":"https:\/\/www.reead.com\/fr\/wp-content\/uploads\/2018\/12\/reead.jpg","url":"https:\/\/www.reead.com\/fr\/wp-content\/uploads\/2018\/12\/reead.jpg","contentUrl":"https:\/\/www.reead.com\/fr\/wp-content\/uploads\/2018\/12\/reead.jpg","width":900,"height":610,"caption":"Reead"},"logo":{"@id":"https:\/\/www.reead.com\/fr\/wp-content\/uploads\/2018\/12\/reead.jpg"},"description":"Reead est un blogueur voyage fran\u00e7ais bas\u00e9 \u00e0 Las Vegas et le fondateur de Reead.com, un blog lanc\u00e9 en 2009 consacr\u00e9 aux voyages, aux miles et aux programmes de fid\u00e9lit\u00e9. Sp\u00e9cialis\u00e9 dans les cartes de cr\u00e9dit voyage, les miles et points, ainsi que les programmes comme Flying Blue, American Express Membership Rewards ou les alliances a\u00e9riennes, il partage des strat\u00e9gies concr\u00e8tes pour r\u00e9duire le co\u00fbt des voyages et optimiser les r\u00e9compenses des cartes de cr\u00e9dit. Install\u00e9 aux \u00c9tats-Unis, Reead publie \u00e9galement des guides pour visiter les USA, des analyses de programmes de fid\u00e9lit\u00e9 et des retours d\u2019exp\u00e9rience sur les compagnies a\u00e9riennes, h\u00f4tels et cartes premium. Depuis plus de 15 ans, ses articles aident les voyageurs \u00e0 comprendre les miles, accumuler des points plus rapidement et voyager dans de meilleures conditions pour moins cher. Survivant du cancer, il partage aussi une vision simple : profiter de la vie et explorer le monde intelligemment.","sameAs":["https:\/\/www.reead.com\/fr\/","https:\/\/www.facebook.com\/welovereead","https:\/\/www.instagram.com\/reead\/?hl=fr","https:\/\/www.pinterest.com\/reead\/","https:\/\/x.com\/blogdereead","https:\/\/www.youtube.com\/reead"],"gender":"homme","knowsAbout":["Voyage","miles et points"],"knowsLanguage":["Anglais","Fran\u00e7ais"],"publishingPrinciples":"https:\/\/www.reead.com\/fr\/politique-de-publication\/"}]}},"_links":{"self":[{"href":"https:\/\/www.reead.com\/fr\/wp-json\/wp\/v2\/pages\/10630","targetHints":{"allow":["GET"]}}],"collection":[{"href":"https:\/\/www.reead.com\/fr\/wp-json\/wp\/v2\/pages"}],"about":[{"href":"https:\/\/www.reead.com\/fr\/wp-json\/wp\/v2\/types\/page"}],"author":[{"embeddable":true,"href":"https:\/\/www.reead.com\/fr\/wp-json\/wp\/v2\/users\/1"}],"replies":[{"embeddable":true,"href":"https:\/\/www.reead.com\/fr\/wp-json\/wp\/v2\/comments?post=10630"}],"version-history":[{"count":0,"href":"https:\/\/www.reead.com\/fr\/wp-json\/wp\/v2\/pages\/10630\/revisions"}],"wp:attachment":[{"href":"https:\/\/www.reead.com\/fr\/wp-json\/wp\/v2\/media?parent=10630"}],"curies":[{"name":"wp","href":"https:\/\/api.w.org\/{rel}","templated":true}]}}